{"id":212,"date":"2022-10-13T11:21:59","date_gmt":"2022-10-13T09:21:59","guid":{"rendered":"https:\/\/isabellapivetta.qyjojuze.cyon.site\/?page_id=212"},"modified":"2023-02-17T11:44:52","modified_gmt":"2023-02-17T10:44:52","slug":"leistungen","status":"publish","type":"page","link":"https:\/\/www.isabellapivetta.com\/de\/leistungen\/","title":{"rendered":"Leistungen"},"content":{"rendered":"<div id='full_slider_1'  class='avia-fullwidth-slider main_color avia-shadow   avia-builder-el-0  el_before_av_section  avia-builder-el-first   container_wrap sidebar_right'  >\n<style type=\"text\/css\" data-created_by=\"avia_inline_auto\" id=\"style-css-av-l92m77r9-d3f945a18c29ec4b321080bae9c92722\">\n#top #wrap_all .avia-slideshow .av-slideshow-caption.av-l92m77r9-d3f945a18c29ec4b321080bae9c92722__0 .avia-caption-title{\ncolor:#ffffff;\n}\n#top .avia-slideshow .av-slideshow-caption.av-l92m77r9-d3f945a18c29ec4b321080bae9c92722__0 .avia-caption-content{\nfont-size:20px;\n}\n#top .avia-slideshow .av-slideshow-caption.av-l92m77r9-d3f945a18c29ec4b321080bae9c92722__0 .avia-caption-content p{\nfont-size:20px;\n}\n\n@media only screen and (min-width: 480px) and (max-width: 767px){ \n#top .avia-slideshow .av-slideshow-caption.av-l92m77r9-d3f945a18c29ec4b321080bae9c92722__0 .avia-caption-content{\nfont-size:18px;\n}\n#top .avia-slideshow .av-slideshow-caption.av-l92m77r9-d3f945a18c29ec4b321080bae9c92722__0 .avia-caption-content p{\nfont-size:18px;\n}\n}\n\n@media only screen and (max-width: 479px){ \n#top .avia-slideshow .av-slideshow-caption.av-l92m77r9-d3f945a18c29ec4b321080bae9c92722__0 .avia-caption-content{\nfont-size:18px;\n}\n#top .avia-slideshow .av-slideshow-caption.av-l92m77r9-d3f945a18c29ec4b321080bae9c92722__0 .avia-caption-content p{\nfont-size:18px;\n}\n}\n<\/style>\n<div  class='avia-slideshow av-l92m77r9-d3f945a18c29ec4b321080bae9c92722 avia-slideshow-featured av_slideshow_full avia-fade-slider av-slideshow-ui av-control-minimal av-hide-nav-arrows av-slideshow-manual av-loop-once av-loop-manual-endless av-default-height-applied   avia-slideshow-1' data-slideshow-options=\"{&quot;animation&quot;:&quot;fade&quot;,&quot;autoplay&quot;:false,&quot;loop_autoplay&quot;:&quot;once&quot;,&quot;interval&quot;:5,&quot;loop_manual&quot;:&quot;manual-endless&quot;,&quot;autoplay_stopper&quot;:false,&quot;noNavigation&quot;:false,&quot;bg_slider&quot;:false,&quot;keep_padding&quot;:false,&quot;hoverpause&quot;:false,&quot;show_slide_delay&quot;:0}\"  itemprop=\"image\" itemscope=\"itemscope\" itemtype=\"https:\/\/schema.org\/ImageObject\" ><ul class='avia-slideshow-inner ' style='padding-bottom: 28.666666666667%;'><li  class='avia-slideshow-slide av-l92m77r9-d3f945a18c29ec4b321080bae9c92722__0  av-single-slide slide-1 slide-odd'><div data-rel='slideshow-1' class='avia-slide-wrap '   ><div class='av-slideshow-caption av-l92m77r9-d3f945a18c29ec4b321080bae9c92722__0 caption_fullwidth caption_left'><div class=\"container caption_container\"><div class=\"slideshow_caption\"><div class=\"slideshow_inner_caption\"><div class=\"slideshow_align_caption\"><h1 class='avia-caption-title '  itemprop=\"name\" >Leistungen<\/h1><div class='avia-caption-content av_inherit_color'  itemprop=\"description\" ><p>H\u00f6r- und Wahrnehmungstherapie f\u00fcr Kinder mit Legasthenie<\/p>\n<\/div><a href='https:\/\/www.isabellapivetta.com\/de\/kontakt\/'  class='avia-slideshow-button avia-button avia-color-theme-color ' data-duration='800' data-easing='easeInOutQuad'>Jetzt Termin vereinbaren<\/a><\/div><\/div><\/div><\/div><\/div><img decoding=\"async\" class=\"wp-image-101 avia-img-lazy-loading-not-101\"  src=\"https:\/\/www.isabellapivetta.com\/wp-content\/uploads\/2022\/10\/child-865116_1920-1500x430.jpg\" width=\"1500\" height=\"430\" title='child-865116_1920' alt=''  itemprop=\"thumbnailUrl\"  style='min-height:380px; min-width:1326px; ' \/><\/div><\/li><\/ul><\/div><\/div>\r\n\n<style type=\"text\/css\" data-created_by=\"avia_inline_auto\" id=\"style-css-av-51ry-838280882be9a70a3a5dcc64b6f95c6c\">\n.avia-section.av-51ry-838280882be9a70a3a5dcc64b6f95c6c{\nbackground-repeat:repeat;\nbackground-image:url(https:\/\/www.isabellapivetta.com\/wp-content\/uploads\/2022\/10\/bg_section.png);\nbackground-position:0% 0%;\nbackground-attachment:scroll;\n}\n<\/style>\n<div id='av_section_1'  class='avia-section av-51ry-838280882be9a70a3a5dcc64b6f95c6c alternate_color avia-section-huge avia-no-border-styling  avia-builder-el-1  el_after_av_slideshow_full  el_before_av_section  avia-bg-style-scroll container_wrap sidebar_right'  data-section-bg-repeat='repeat'><div class='container av-section-cont-open' ><div class='template-page content  av-content-small alpha units'><div class='post-entry post-entry-type-page post-entry-212'><div class='entry-content-wrapper clearfix'>\r\n<div class='flex_column av-es8m-434802f289795b6c7d3dac8d4bef15a4 av_one_full  avia-builder-el-2  avia-builder-el-no-sibling  first flex_column_div '     ><p>\n<style type=\"text\/css\" data-created_by=\"avia_inline_auto\" id=\"style-css-av-l92nf5gs-eb6b2016189de36d89b4f49fcfd02abd\">\n#top .av-special-heading.av-l92nf5gs-eb6b2016189de36d89b4f49fcfd02abd{\npadding-bottom:60px;\n}\nbody .av-special-heading.av-l92nf5gs-eb6b2016189de36d89b4f49fcfd02abd .av-special-heading-tag .heading-char{\nfont-size:25px;\n}\n.av-special-heading.av-l92nf5gs-eb6b2016189de36d89b4f49fcfd02abd .av-subheading{\nfont-size:15px;\n}\n<\/style>\n<div  class='av-special-heading av-l92nf5gs-eb6b2016189de36d89b4f49fcfd02abd av-special-heading-h2 blockquote modern-quote  avia-builder-el-3  el_before_av_textblock  avia-builder-el-first '><h2 class='av-special-heading-tag'  itemprop=\"headline\"  >H\u00f6r- und Wahrnehmungs\u00adtherapie f\u00fcr Kinder mit Legasthenie<\/h2><div class=\"special-heading-border\"><div class=\"special-heading-inner-border\"><\/div><\/div><\/div><br \/>\n<section  class='av_textblock_section av-21y78-49e8e390cd9803346aea270eda566d91'  itemscope=\"itemscope\" itemtype=\"https:\/\/schema.org\/CreativeWork\" ><div class='avia_textblock'  itemprop=\"text\" ><p>Bei schulischen Schwierig\u00adkeiten ihres Kindes, berate und unterst\u00fctze ich Sie gerne.<\/p>\n<p>Mein Anliegen ist, die momentane Situation Ihres Kindes zu verstehen, um Ihnen anschlie\u00dfend meine M\u00f6glich\u00adkeiten darstellen zu k\u00f6nnen.<\/p>\n<\/div><\/section><\/p><\/div><\/div><\/div><\/div><!-- close content main div --><\/div><\/div>\n<style type=\"text\/css\" data-created_by=\"avia_inline_auto\" id=\"style-css-av-xq6t8-3d76140d072da5e7d002981af94e1c8b\">\n.avia-section.av-xq6t8-3d76140d072da5e7d002981af94e1c8b{\nbackground-repeat:repeat-y;\nbackground-image:url(https:\/\/www.isabellapivetta.com\/wp-content\/uploads\/2022\/11\/bg_green_list.png);\nbackground-position:50% 50%;\nbackground-attachment:scroll;\nmargin-top:100px;\nmargin-bottom:100px;\n}\n<\/style>\n<div id='av_section_2'  class='avia-section av-xq6t8-3d76140d072da5e7d002981af94e1c8b main_color avia-section-default avia-no-border-styling  avia-builder-el-5  el_after_av_section  el_before_av_section  avia-bg-style-scroll container_wrap sidebar_right'  data-section-bg-repeat='repeat-y'><div class='container av-section-cont-open' ><div class='template-page content  av-content-small alpha units'><div class='post-entry post-entry-type-page post-entry-212'><div class='entry-content-wrapper clearfix'>\r\n<div class='flex_column av-ovh1o-acb23f9cc6d410a779c2e895d5ecdeac av_one_full  avia-builder-el-6  el_before_av_one_third  avia-builder-el-first  first flex_column_div '     ><style type=\"text\/css\" data-created_by=\"avia_inline_auto\" id=\"style-css-av-la9g7dup-ef1a2f3e01e89382dad273f0c0d214b3\">\n#top .av-special-heading.av-la9g7dup-ef1a2f3e01e89382dad273f0c0d214b3{\npadding-bottom:60px;\ncolor:#ffffff;\n}\nbody .av-special-heading.av-la9g7dup-ef1a2f3e01e89382dad273f0c0d214b3 .av-special-heading-tag .heading-char{\nfont-size:25px;\n}\n.av-special-heading.av-la9g7dup-ef1a2f3e01e89382dad273f0c0d214b3 .special-heading-inner-border{\nborder-color:#ffffff;\n}\n.av-special-heading.av-la9g7dup-ef1a2f3e01e89382dad273f0c0d214b3 .av-subheading{\nfont-size:15px;\n}\n<\/style>\n<div  class='av-special-heading av-la9g7dup-ef1a2f3e01e89382dad273f0c0d214b3 av-special-heading-h3 custom-color-heading blockquote modern-quote modern-centered  avia-builder-el-7  avia-builder-el-no-sibling '><h3 class='av-special-heading-tag'  itemprop=\"headline\"  >Therapieinhalt und -ablauf<\/h3><div class=\"special-heading-border\"><div class=\"special-heading-inner-border\"><\/div><\/div><\/div><\/div><div class='flex_column_table av-l5bkk-8f697c963623cbd3c9fe7e54196d55d7 sc-av_one_third av-equal-height-column-flextable'>\n<style type=\"text\/css\" data-created_by=\"avia_inline_auto\" id=\"style-css-av-l5bkk-8f697c963623cbd3c9fe7e54196d55d7\">\n@-webkit-keyframes av_boxShadowEffect_av-l5bkk-8f697c963623cbd3c9fe7e54196d55d7-column {\n0%   { box-shadow:  0 0 0 0 rgba(0,0,0,0.29); opacity: 1; }\n100% { box-shadow:  0 0 30px 0 rgba(0,0,0,0.29); opacity: 1; }\n}\n@keyframes av_boxShadowEffect_av-l5bkk-8f697c963623cbd3c9fe7e54196d55d7-column {\n0%   { box-shadow:  0 0 0 0 rgba(0,0,0,0.29); opacity: 1; }\n100% { box-shadow:  0 0 30px 0 rgba(0,0,0,0.29); opacity: 1; }\n}\n#top .flex_column_table.av-equal-height-column-flextable.av-l5bkk-8f697c963623cbd3c9fe7e54196d55d7{\nmargin-top:0px;\nmargin-bottom:0px;\n}\n.flex_column.av-l5bkk-8f697c963623cbd3c9fe7e54196d55d7{\nwidth:32%;\nmargin-left:0;\nbox-shadow: 0 0 30px 0 rgba(0,0,0,0.29);\npadding:8% 3% 5% 3%;\nbackground-color:#ffffff;\n}\n#top .flex_column_table.av-equal-height-column-flextable.av-l5bkk-8f697c963623cbd3c9fe7e54196d55d7 .av-flex-placeholder{\nwidth:2%;\n}\n<\/style>\n<div class='flex_column av-l5bkk-8f697c963623cbd3c9fe7e54196d55d7 av_one_third  avia-builder-el-8  el_after_av_one_full  el_before_av_one_third  first flex_column_table_cell av-equal-height-column av-align-top shadow-not-animated column-top-margin'     ><style type=\"text\/css\" data-created_by=\"avia_inline_auto\" id=\"style-css-av-la9g7t1j-eeffe1d29d823eb3ab89bf3b91eaae72\">\n#top .avia-icon-list-container.av-la9g7t1j-eeffe1d29d823eb3ab89bf3b91eaae72 .iconlist_icon{\ncolor:#ffffff;\nbackground-color:#00a78c;\nfont-size:16px;\n}\n#top #wrap_all .avia-icon-list-container.av-la9g7t1j-eeffe1d29d823eb3ab89bf3b91eaae72 .av_iconlist_title{\nfont-size:16px;\n}\n<\/style>\n<div  class='avia-icon-list-container av-la9g7t1j-eeffe1d29d823eb3ab89bf3b91eaae72  avia-builder-el-9  avia-builder-el-no-sibling '><ul class='avia-icon-list avia_animate_when_almost_visible avia-icon-list-left av-iconlist-small av-la9g7t1j-eeffe1d29d823eb3ab89bf3b91eaae72 avia-iconlist-animate'><li><div class='iconlist_icon av-la9g7lpg-a50823e4a73d113dd9866475d97e2784 avia-font-entypo-fontello'><span class='iconlist-char' aria-hidden='true' data-av_icon='\ue812' data-av_iconfont='entypo-fontello'><\/span><\/div><article class=\"article-icon-entry av-iconlist-empty\"  itemscope=\"itemscope\" itemtype=\"https:\/\/schema.org\/CreativeWork\" ><div class=\"iconlist_content_wrap\"><header class=\"entry-content-header\"><div class='av_iconlist_title iconlist_title_small  '  itemprop=\"headline\" >Umfassende Elternberatung<\/div><\/header><div class='iconlist_content '  itemprop=\"text\" ><\/div><\/div><footer class=\"entry-footer\"><\/footer><\/article><div class=\"iconlist-timeline\"><\/div><\/li><li><div class='iconlist_icon av-la9g7rpb-05ec7695103daae3ab80bd7b546cc001 avia-font-entypo-fontello'><span class='iconlist-char' aria-hidden='true' data-av_icon='\ue812' data-av_iconfont='entypo-fontello'><\/span><\/div><article class=\"article-icon-entry av-iconlist-empty\"  itemscope=\"itemscope\" itemtype=\"https:\/\/schema.org\/CreativeWork\" ><div class=\"iconlist_content_wrap\"><header class=\"entry-content-header\"><div class='av_iconlist_title iconlist_title_small  '  itemprop=\"headline\" >Entwicklungsverlauf<\/div><\/header><div class='iconlist_content '  itemprop=\"text\" ><\/div><\/div><footer class=\"entry-footer\"><\/footer><\/article><div class=\"iconlist-timeline\"><\/div><\/li><li><div class='iconlist_icon av-la9g7rpb-1-345472c3609832ce53e4ba7dd56e58e0 avia-font-entypo-fontello'><span class='iconlist-char' aria-hidden='true' data-av_icon='\ue812' data-av_iconfont='entypo-fontello'><\/span><\/div><article class=\"article-icon-entry av-iconlist-empty\"  itemscope=\"itemscope\" itemtype=\"https:\/\/schema.org\/CreativeWork\" ><div class=\"iconlist_content_wrap\"><header class=\"entry-content-header\"><div class='av_iconlist_title iconlist_title_small  '  itemprop=\"headline\" >Welche Schwierigkeiten liegen vor<\/div><\/header><div class='iconlist_content '  itemprop=\"text\" ><\/div><\/div><footer class=\"entry-footer\"><\/footer><\/article><div class=\"iconlist-timeline\"><\/div><\/li><\/ul><\/div><\/div><div class='av-flex-placeholder'><\/div>\n<style type=\"text\/css\" data-created_by=\"avia_inline_auto\" id=\"style-css-av-hmo5o-e5225e594763c2188dd5ca1cd46fc21d\">\n@-webkit-keyframes av_boxShadowEffect_av-hmo5o-e5225e594763c2188dd5ca1cd46fc21d-column {\n0%   { box-shadow:  0 0 0 0 rgba(0,0,0,0.29); opacity: 1; }\n100% { box-shadow:  0 0 30px 0 rgba(0,0,0,0.29); opacity: 1; }\n}\n@keyframes av_boxShadowEffect_av-hmo5o-e5225e594763c2188dd5ca1cd46fc21d-column {\n0%   { box-shadow:  0 0 0 0 rgba(0,0,0,0.29); opacity: 1; }\n100% { box-shadow:  0 0 30px 0 rgba(0,0,0,0.29); opacity: 1; }\n}\n#top .flex_column_table.av-equal-height-column-flextable.av-hmo5o-e5225e594763c2188dd5ca1cd46fc21d{\nmargin-top:0px;\nmargin-bottom:0px;\n}\n.flex_column.av-hmo5o-e5225e594763c2188dd5ca1cd46fc21d{\nwidth:32%;\nmargin-left:0;\nbox-shadow: 0 0 30px 0 rgba(0,0,0,0.29);\npadding:8% 3% 5% 3%;\nbackground-color:#ffffff;\n}\n#top .flex_column_table.av-equal-height-column-flextable.av-hmo5o-e5225e594763c2188dd5ca1cd46fc21d .av-flex-placeholder{\nwidth:2%;\n}\n<\/style>\n<div class='flex_column av-hmo5o-e5225e594763c2188dd5ca1cd46fc21d av_one_third  avia-builder-el-10  el_after_av_one_third  el_before_av_one_third  flex_column_table_cell av-equal-height-column av-align-top shadow-not-animated column-top-margin'     ><style type=\"text\/css\" data-created_by=\"avia_inline_auto\" id=\"style-css-av-la9g8d1b-44f3b4f9e8aa37b579c52bdaab012389\">\n#top .avia-icon-list-container.av-la9g8d1b-44f3b4f9e8aa37b579c52bdaab012389 .iconlist_icon{\ncolor:#ffffff;\nbackground-color:#00a78c;\nfont-size:16px;\n}\n#top #wrap_all .avia-icon-list-container.av-la9g8d1b-44f3b4f9e8aa37b579c52bdaab012389 .av_iconlist_title{\nfont-size:16px;\n}\n<\/style>\n<div  class='avia-icon-list-container av-la9g8d1b-44f3b4f9e8aa37b579c52bdaab012389  avia-builder-el-11  avia-builder-el-no-sibling '><ul class='avia-icon-list avia_animate_when_almost_visible avia-icon-list-left av-iconlist-small av-la9g8d1b-44f3b4f9e8aa37b579c52bdaab012389 avia-iconlist-animate'><li><div class='iconlist_icon av-la9g8a55-db61b7e09c79c21e120ca45b3a1a8ec0 avia-font-entypo-fontello'><span class='iconlist-char' aria-hidden='true' data-av_icon='\ue812' data-av_iconfont='entypo-fontello'><\/span><\/div><article class=\"article-icon-entry av-iconlist-empty\"  itemscope=\"itemscope\" itemtype=\"https:\/\/schema.org\/CreativeWork\" ><div class=\"iconlist_content_wrap\"><header class=\"entry-content-header\"><div class='av_iconlist_title iconlist_title_small  '  itemprop=\"headline\" >Planung der Onlinef\u00f6rderung f\u00fcr LRS<\/div><\/header><div class='iconlist_content '  itemprop=\"text\" ><\/div><\/div><footer class=\"entry-footer\"><\/footer><\/article><div class=\"iconlist-timeline\"><\/div><\/li><li><div class='iconlist_icon av-la9g840a-a4bb13a0ed5708f780efe222bef3706a avia-font-entypo-fontello'><span class='iconlist-char' aria-hidden='true' data-av_icon='\ue812' data-av_iconfont='entypo-fontello'><\/span><\/div><article class=\"article-icon-entry av-iconlist-empty\"  itemscope=\"itemscope\" itemtype=\"https:\/\/schema.org\/CreativeWork\" ><div class=\"iconlist_content_wrap\"><header class=\"entry-content-header\"><div class='av_iconlist_title iconlist_title_small  '  itemprop=\"headline\" >Planung der Onlinef\u00f6rderung f\u00fcr Dyskalkulie<\/div><\/header><div class='iconlist_content '  itemprop=\"text\" ><\/div><\/div><footer class=\"entry-footer\"><\/footer><\/article><div class=\"iconlist-timeline\"><\/div><\/li><\/ul><\/div><\/div><div class='av-flex-placeholder'><\/div>\n<style type=\"text\/css\" data-created_by=\"avia_inline_auto\" id=\"style-css-av-93898-84b31fd59d908f5fc90133692e1c78f1\">\n@-webkit-keyframes av_boxShadowEffect_av-93898-84b31fd59d908f5fc90133692e1c78f1-column {\n0%   { box-shadow:  0 0 0 0 rgba(0,0,0,0.29); opacity: 1; }\n100% { box-shadow:  0 0 30px 0 rgba(0,0,0,0.29); opacity: 1; }\n}\n@keyframes av_boxShadowEffect_av-93898-84b31fd59d908f5fc90133692e1c78f1-column {\n0%   { box-shadow:  0 0 0 0 rgba(0,0,0,0.29); opacity: 1; }\n100% { box-shadow:  0 0 30px 0 rgba(0,0,0,0.29); opacity: 1; }\n}\n#top .flex_column_table.av-equal-height-column-flextable.av-93898-84b31fd59d908f5fc90133692e1c78f1{\nmargin-top:0px;\nmargin-bottom:0px;\n}\n.flex_column.av-93898-84b31fd59d908f5fc90133692e1c78f1{\nwidth:32%;\nmargin-left:0;\nbox-shadow: 0 0 30px 0 rgba(0,0,0,0.29);\npadding:8% 3% 5% 3%;\nbackground-color:#ffffff;\n}\n#top .flex_column_table.av-equal-height-column-flextable.av-93898-84b31fd59d908f5fc90133692e1c78f1 .av-flex-placeholder{\nwidth:2%;\n}\n<\/style>\n<div class='flex_column av-93898-84b31fd59d908f5fc90133692e1c78f1 av_one_third  avia-builder-el-12  el_after_av_one_third  el_before_av_one_fourth  flex_column_table_cell av-equal-height-column av-align-top shadow-not-animated column-top-margin'     ><style type=\"text\/css\" data-created_by=\"avia_inline_auto\" id=\"style-css-av-la9g8t33-57d16ead29c0f1bd1732cd7c9bb6e91c\">\n#top .avia-icon-list-container.av-la9g8t33-57d16ead29c0f1bd1732cd7c9bb6e91c .iconlist_icon{\ncolor:#ffffff;\nbackground-color:#00a78c;\nfont-size:16px;\n}\n#top #wrap_all .avia-icon-list-container.av-la9g8t33-57d16ead29c0f1bd1732cd7c9bb6e91c .av_iconlist_title{\nfont-size:16px;\n}\n<\/style>\n<div  class='avia-icon-list-container av-la9g8t33-57d16ead29c0f1bd1732cd7c9bb6e91c  avia-builder-el-13  avia-builder-el-no-sibling '><ul class='avia-icon-list avia_animate_when_almost_visible avia-icon-list-left av-iconlist-small av-la9g8t33-57d16ead29c0f1bd1732cd7c9bb6e91c avia-iconlist-animate'><li><div class='iconlist_icon av-la9g8s6w-489d5a21e9814c6e6a41eddc3f179706 avia-font-entypo-fontello'><span class='iconlist-char' aria-hidden='true' data-av_icon='\ue812' data-av_iconfont='entypo-fontello'><\/span><\/div><article class=\"article-icon-entry av-iconlist-empty\"  itemscope=\"itemscope\" itemtype=\"https:\/\/schema.org\/CreativeWork\" ><div class=\"iconlist_content_wrap\"><header class=\"entry-content-header\"><div class='av_iconlist_title iconlist_title_small  '  itemprop=\"headline\" >Unterst\u00fctzung zuhause<\/div><\/header><div class='iconlist_content '  itemprop=\"text\" ><\/div><\/div><footer class=\"entry-footer\"><\/footer><\/article><div class=\"iconlist-timeline\"><\/div><\/li><\/ul><\/div><\/div><\/div><!--close column table wrapper. Autoclose: 1 --><div class='flex_column_table av-la9jlexl-e474ef56e6b435c00764a161a0f13b2f sc-av_one_fourth av-equal-height-column-flextable'>\n<style type=\"text\/css\" data-created_by=\"avia_inline_auto\" id=\"style-css-av-la9jlexl-e474ef56e6b435c00764a161a0f13b2f\">\n.flex_column.av-la9jlexl-e474ef56e6b435c00764a161a0f13b2f{\nwidth:23.5%;\nmargin-left:0;\n}\n#top .flex_column_table.av-equal-height-column-flextable.av-la9jlexl-e474ef56e6b435c00764a161a0f13b2f .av-flex-placeholder{\nwidth:2%;\n}\n<\/style>\n<div class='flex_column av-la9jlexl-e474ef56e6b435c00764a161a0f13b2f av_one_fourth  avia-builder-el-14  el_after_av_one_third  el_before_av_one_half  first flex_column_table_cell av-equal-height-column av-align-top column-top-margin'     ><\/div><div class='av-flex-placeholder'><\/div>\n<style type=\"text\/css\" data-created_by=\"avia_inline_auto\" id=\"style-css-av-ejpk4-e93900440ff7e37dff4380f9660b874d\">\n.flex_column.av-ejpk4-e93900440ff7e37dff4380f9660b874d{\nwidth:49%;\nmargin-left:0;\n}\n#top .flex_column_table.av-equal-height-column-flextable.av-ejpk4-e93900440ff7e37dff4380f9660b874d .av-flex-placeholder{\nwidth:2%;\n}\n<\/style>\n<div class='flex_column av-ejpk4-e93900440ff7e37dff4380f9660b874d av_one_half  avia-builder-el-15  el_after_av_one_fourth  el_before_av_one_fourth  flex_column_table_cell av-equal-height-column av-align-top column-top-margin'     ><style type=\"text\/css\" data-created_by=\"avia_inline_auto\" id=\"style-css-av-la9jkoef-98bdf24e62b87260b436088e169287ec\">\n#top .av_textblock_section.av-la9jkoef-98bdf24e62b87260b436088e169287ec .avia_textblock{\ncolor:#ffffff;\ntext-align:center;\n}\n<\/style>\n<section  class='av_textblock_section av-la9jkoef-98bdf24e62b87260b436088e169287ec'  itemscope=\"itemscope\" itemtype=\"https:\/\/schema.org\/CreativeWork\" ><div class='avia_textblock av_inherit_color'  itemprop=\"text\" ><p>Da wir nur gemeinsam, in beidseitigem Zusammen\u00adwirken, Ihr Kind zum gew\u00fcnschten Erfolg f\u00fchren m\u00f6chten, legen wir Ziele fest und besprechen die Entwicklung sowie die f\u00fcr Ihr Kind hilfreichen Ma\u00df\u00adnahmen.<\/p>\n<\/div><\/section><\/div><div class='av-flex-placeholder'><\/div>\n<style type=\"text\/css\" data-created_by=\"avia_inline_auto\" id=\"style-css-av-bszjo-1b7a61b1dc07baa77c62351d25c8a14e\">\n.flex_column.av-bszjo-1b7a61b1dc07baa77c62351d25c8a14e{\nwidth:23.5%;\nmargin-left:0;\n}\n#top .flex_column_table.av-equal-height-column-flextable.av-bszjo-1b7a61b1dc07baa77c62351d25c8a14e .av-flex-placeholder{\nwidth:2%;\n}\n<\/style>\n<div class='flex_column av-bszjo-1b7a61b1dc07baa77c62351d25c8a14e av_one_fourth  avia-builder-el-17  el_after_av_one_half  avia-builder-el-last  flex_column_table_cell av-equal-height-column av-align-top column-top-margin'     ><\/div><\/div><!--close column table wrapper. Autoclose: 1 --><\/div><\/div><\/div><!-- close content main div --><\/div><\/div>\n<style type=\"text\/css\" data-created_by=\"avia_inline_auto\" id=\"style-css-av-xl364-42a23ffbd14ec02f21767f38dac21b9c\">\n.avia-section.av-xl364-42a23ffbd14ec02f21767f38dac21b9c{\nbackground-repeat:repeat;\nbackground-image:url(https:\/\/www.isabellapivetta.com\/wp-content\/uploads\/2022\/10\/bg_section.png);\nbackground-position:0% 0%;\nbackground-attachment:scroll;\n}\n<\/style>\n<div id='av_section_3'  class='avia-section av-xl364-42a23ffbd14ec02f21767f38dac21b9c alternate_color avia-section-huge avia-no-border-styling  avia-builder-el-18  el_after_av_section  avia-builder-el-last  avia-bg-style-scroll container_wrap sidebar_right'  data-section-bg-repeat='repeat'><div class='container av-section-cont-open' ><div class='template-page content  av-content-small alpha units'><div class='post-entry post-entry-type-page post-entry-212'><div class='entry-content-wrapper clearfix'><div class='flex_column av-tmq64-adef8ed1fc9b21885bdcc5b657956e91 av_one_full  avia-builder-el-19  avia-builder-el-no-sibling  first flex_column_div '     ><p>\n<style type=\"text\/css\" data-created_by=\"avia_inline_auto\" id=\"style-css-av-l96xzfcn-753e7f5420bc5058c0b3497ed65e29e1\">\n#top .av-special-heading.av-l96xzfcn-753e7f5420bc5058c0b3497ed65e29e1{\npadding-bottom:60px;\n}\nbody .av-special-heading.av-l96xzfcn-753e7f5420bc5058c0b3497ed65e29e1 .av-special-heading-tag .heading-char{\nfont-size:25px;\n}\n.av-special-heading.av-l96xzfcn-753e7f5420bc5058c0b3497ed65e29e1 .av-subheading{\nfont-size:15px;\n}\n<\/style>\n<div  class='av-special-heading av-l96xzfcn-753e7f5420bc5058c0b3497ed65e29e1 av-special-heading-h2 blockquote modern-quote modern-centered  avia-builder-el-20  el_before_av_textblock  avia-builder-el-first '><h2 class='av-special-heading-tag'  itemprop=\"headline\"  >Erstgespr\u00e4ch vereinbaren<\/h2><div class=\"special-heading-border\"><div class=\"special-heading-inner-border\"><\/div><\/div><\/div><br \/>\n\n<style type=\"text\/css\" data-created_by=\"avia_inline_auto\" id=\"style-css-av-l800s-32761d07e289a49692b751807e82d586\">\n#top .av_textblock_section.av-l800s-32761d07e289a49692b751807e82d586 .avia_textblock{\ntext-align:center;\n}\n<\/style>\n<section  class='av_textblock_section av-l800s-32761d07e289a49692b751807e82d586'  itemscope=\"itemscope\" itemtype=\"https:\/\/schema.org\/CreativeWork\" ><div class='avia_textblock'  itemprop=\"text\" ><p>Ihre Anfrage ist vertraulich, kostenfrei und unverbindlich.<\/p>\n<p><!-- \/wp:post-content --><\/p>\n<p><!-- wp:quote --><\/p>\n<p><!-- \/wp:quote --><\/p>\n<\/div><\/section><br \/>\n<div  class='hr av-bt818-3a6916a0c752dbf2be1643efc7353e90 hr-default  avia-builder-el-22  el_after_av_textblock  el_before_av_button '><span class='hr-inner '><span class=\"hr-inner-style\"><\/span><\/span><\/div><br \/>\n<div  class='avia-button-wrap av-b5in0-59219d05391e4de7e58a49127ed328d9-wrap avia-button-center  avia-builder-el-23  el_after_av_hr  avia-builder-el-last ' ><a href='https:\/\/www.isabellapivetta.com\/de\/kontakt\/'  class='avia-button av-b5in0-59219d05391e4de7e58a49127ed328d9 avia-icon_select-no avia-size-medium avia-position-center avia-color-theme-color' ><span class='avia_iconbox_title' >Online Terminvereinbarung<\/span><\/a><\/div><\/p><\/div><\/div><\/div><\/div><!-- close content main div --><\/div><\/div><div id='after_section_3'  class='main_color av_default_container_wrap container_wrap sidebar_right'  ><div class='container av-section-cont-open' ><div class='template-page content  av-content-small alpha units'><div class='post-entry post-entry-type-page post-entry-212'><div class='entry-content-wrapper clearfix'><\/p>","protected":false},"excerpt":{"rendered":"","protected":false},"author":1,"featured_media":0,"parent":0,"menu_order":50,"comment_status":"closed","ping_status":"closed","template":"","meta":{"footnotes":""},"class_list":["post-212","page","type-page","status-publish","hentry"],"_links":{"self":[{"href":"https:\/\/www.isabellapivetta.com\/de\/wp-json\/wp\/v2\/pages\/212","targetHints":{"allow":["GET"]}}],"collection":[{"href":"https:\/\/www.isabellapivetta.com\/de\/wp-json\/wp\/v2\/pages"}],"about":[{"href":"https:\/\/www.isabellapivetta.com\/de\/wp-json\/wp\/v2\/types\/page"}],"author":[{"embeddable":true,"href":"https:\/\/www.isabellapivetta.com\/de\/wp-json\/wp\/v2\/users\/1"}],"replies":[{"embeddable":true,"href":"https:\/\/www.isabellapivetta.com\/de\/wp-json\/wp\/v2\/comments?post=212"}],"version-history":[{"count":56,"href":"https:\/\/www.isabellapivetta.com\/de\/wp-json\/wp\/v2\/pages\/212\/revisions"}],"predecessor-version":[{"id":711,"href":"https:\/\/www.isabellapivetta.com\/de\/wp-json\/wp\/v2\/pages\/212\/revisions\/711"}],"wp:attachment":[{"href":"https:\/\/www.isabellapivetta.com\/de\/wp-json\/wp\/v2\/media?parent=212"}],"curies":[{"name":"wp","href":"https:\/\/api.w.org\/{rel}","templated":true}]}}