{"id":310,"date":"2022-11-08T15:52:57","date_gmt":"2022-11-08T14:52:57","guid":{"rendered":"https:\/\/isabellapivetta.qyjojuze.cyon.site\/?page_id=310"},"modified":"2023-05-23T10:02:12","modified_gmt":"2023-05-23T08:02:12","slug":"ueber-mich","status":"publish","type":"page","link":"https:\/\/www.isabellapivetta.com\/de\/ueber-mich\/","title":{"rendered":"\u00dcber mich"},"content":{"rendered":"<div id='full_slider_1'  class='avia-fullwidth-slider main_color avia-shadow   avia-builder-el-0  el_before_av_section  avia-builder-el-first   container_wrap sidebar_right'  >\n<style type=\"text\/css\" data-created_by=\"avia_inline_auto\" id=\"style-css-av-l92m77r9-91e46256fd5cd67f718ccbd8e5a56528\">\n#top #wrap_all .avia-slideshow .av-slideshow-caption.av-l92m77r9-91e46256fd5cd67f718ccbd8e5a56528__0 .avia-caption-title{\ncolor:#ffffff;\n}\n#top .avia-slideshow .av-slideshow-caption.av-l92m77r9-91e46256fd5cd67f718ccbd8e5a56528__0 .avia-caption-content{\nfont-size:20px;\n}\n#top .avia-slideshow .av-slideshow-caption.av-l92m77r9-91e46256fd5cd67f718ccbd8e5a56528__0 .avia-caption-content p{\nfont-size:20px;\n}\n\n@media only screen and (min-width: 990px){ \n#top .avia-slideshow .av-slideshow-caption.av-l92m77r9-91e46256fd5cd67f718ccbd8e5a56528__0 .avia-caption-content{\nfont-size:20px;\n}\n#top .avia-slideshow .av-slideshow-caption.av-l92m77r9-91e46256fd5cd67f718ccbd8e5a56528__0 .avia-caption-content p{\nfont-size:20px;\n}\n}\n\n@media only screen and (min-width: 768px) and (max-width: 989px){ \n#top .avia-slideshow .av-slideshow-caption.av-l92m77r9-91e46256fd5cd67f718ccbd8e5a56528__0 .avia-caption-content{\nfont-size:20px;\n}\n#top .avia-slideshow .av-slideshow-caption.av-l92m77r9-91e46256fd5cd67f718ccbd8e5a56528__0 .avia-caption-content p{\nfont-size:20px;\n}\n}\n\n@media only screen and (min-width: 480px) and (max-width: 767px){ \n#top .avia-slideshow .av-slideshow-caption.av-l92m77r9-91e46256fd5cd67f718ccbd8e5a56528__0 .avia-caption-content{\nfont-size:18px;\n}\n#top .avia-slideshow .av-slideshow-caption.av-l92m77r9-91e46256fd5cd67f718ccbd8e5a56528__0 .avia-caption-content p{\nfont-size:18px;\n}\n}\n\n@media only screen and (max-width: 479px){ \n#top .avia-slideshow .av-slideshow-caption.av-l92m77r9-91e46256fd5cd67f718ccbd8e5a56528__0 .avia-caption-content{\nfont-size:18px;\n}\n#top .avia-slideshow .av-slideshow-caption.av-l92m77r9-91e46256fd5cd67f718ccbd8e5a56528__0 .avia-caption-content p{\nfont-size:18px;\n}\n}\n<\/style>\n<div  class='avia-slideshow av-l92m77r9-91e46256fd5cd67f718ccbd8e5a56528 avia-slideshow-featured av_slideshow_full avia-fade-slider av-slideshow-ui av-control-minimal av-hide-nav-arrows av-slideshow-manual av-loop-once av-loop-manual-endless av-default-height-applied   avia-slideshow-1' data-slideshow-options=\"{&quot;animation&quot;:&quot;fade&quot;,&quot;autoplay&quot;:false,&quot;loop_autoplay&quot;:&quot;once&quot;,&quot;interval&quot;:5,&quot;loop_manual&quot;:&quot;manual-endless&quot;,&quot;autoplay_stopper&quot;:false,&quot;noNavigation&quot;:false,&quot;bg_slider&quot;:false,&quot;keep_padding&quot;:false,&quot;hoverpause&quot;:false,&quot;show_slide_delay&quot;:0}\"  itemprop=\"image\" itemscope=\"itemscope\" itemtype=\"https:\/\/schema.org\/ImageObject\" ><ul class='avia-slideshow-inner ' style='padding-bottom: 28.666666666667%;'><li  class='avia-slideshow-slide av-l92m77r9-91e46256fd5cd67f718ccbd8e5a56528__0  av-single-slide slide-1 slide-odd'><div data-rel='slideshow-1' class='avia-slide-wrap '   ><div class='av-slideshow-caption av-l92m77r9-91e46256fd5cd67f718ccbd8e5a56528__0 caption_fullwidth caption_left'><div class=\"container caption_container\"><div class=\"slideshow_caption\"><div class=\"slideshow_inner_caption\"><div class=\"slideshow_align_caption\"><h1 class='avia-caption-title '  itemprop=\"name\" >Isabella Pivetta<\/h1><div class='avia-caption-content av_inherit_color'  itemprop=\"description\" ><p>Dipl. Erziehungswissenschaftlerin, P\u00e4dagogin (MA)<br \/>Dipl. Lerndidaktikerin, Legasthenie- und Dyskalkulietrainerin<br \/>H\u00f6rwahrnehmungstrainerin<\/p>\n<\/div><a href='https:\/\/www.isabellapivetta.com\/de\/kontakt\/'  class='avia-slideshow-button avia-button avia-color-theme-color ' data-duration='800' data-easing='easeInOutQuad'>Jetzt Termin vereinbaren<\/a><\/div><\/div><\/div><\/div><\/div><img decoding=\"async\" class=\"wp-image-130 avia-img-lazy-loading-not-130\"  src=\"https:\/\/www.isabellapivetta.com\/wp-content\/uploads\/2022\/10\/kontakt-1500x430.jpg\" width=\"1500\" height=\"430\" title='kontakt' alt=''  itemprop=\"thumbnailUrl\"  style='min-height:420px; min-width:1466px; ' \/><\/div><\/li><\/ul><\/div><\/div>\r\n\n<style type=\"text\/css\" data-created_by=\"avia_inline_auto\" id=\"style-css-av-51ry-838280882be9a70a3a5dcc64b6f95c6c\">\n.avia-section.av-51ry-838280882be9a70a3a5dcc64b6f95c6c{\nbackground-repeat:repeat;\nbackground-image:url(https:\/\/www.isabellapivetta.com\/wp-content\/uploads\/2022\/10\/bg_section.png);\nbackground-position:0% 0%;\nbackground-attachment:scroll;\n}\n<\/style>\n<div id='av_section_1'  class='avia-section av-51ry-838280882be9a70a3a5dcc64b6f95c6c alternate_color avia-section-huge avia-no-border-styling  avia-builder-el-1  el_after_av_slideshow_full  el_before_av_section  avia-bg-style-scroll container_wrap sidebar_right'  data-section-bg-repeat='repeat'><div class='container av-section-cont-open' ><div class='template-page content  av-content-small alpha units'><div class='post-entry post-entry-type-page post-entry-310'><div class='entry-content-wrapper clearfix'>\r\n\n<style type=\"text\/css\" data-created_by=\"avia_inline_auto\" id=\"style-css-av-l92nf5gs-232fc84e13de07f5c1ad8727bf5fadc9\">\n#top .av-special-heading.av-l92nf5gs-232fc84e13de07f5c1ad8727bf5fadc9{\npadding-bottom:50px;\n}\nbody .av-special-heading.av-l92nf5gs-232fc84e13de07f5c1ad8727bf5fadc9 .av-special-heading-tag .heading-char{\nfont-size:25px;\n}\n.av-special-heading.av-l92nf5gs-232fc84e13de07f5c1ad8727bf5fadc9 .av-subheading{\nfont-size:15px;\n}\n<\/style>\n<div  class='av-special-heading av-l92nf5gs-232fc84e13de07f5c1ad8727bf5fadc9 av-special-heading-h2 blockquote modern-quote  avia-builder-el-2  el_before_av_one_fourth  avia-builder-el-first '><h2 class='av-special-heading-tag'  itemprop=\"headline\"  >\u00dcber mich<\/h2><div class=\"special-heading-border\"><div class=\"special-heading-inner-border\"><\/div><\/div><\/div>\r\n<div class='flex_column av-bkiu6-872feccfe5cb1c4291838f8c42ea98b5 av_one_fourth  avia-builder-el-3  el_after_av_heading  el_before_av_one_fourth  first flex_column_div '     ><\/div><div class='flex_column av-la9ea5bm-79f10821d40ea148007f53f3da65b340 av_one_fourth  avia-builder-el-4  el_after_av_one_fourth  el_before_av_one_fourth  flex_column_div '     ><\/div><div class='flex_column av-fo772-7add800105eed7f76086fa724b26a195 av_one_fourth  avia-builder-el-5  el_after_av_one_fourth  el_before_av_one_third  flex_column_div '     ><\/div><div class='flex_column av-av_one_third-7714eba142aeda1f8b5272a3c372b279 av_one_third  avia-builder-el-6  el_after_av_one_fourth  el_before_av_one_third  first flex_column_div column-top-margin'     ><style type=\"text\/css\" data-created_by=\"avia_inline_auto\" id=\"style-css-av-lcyna43k-e928dbdc0a78f1ad31a602539227dd6c\">\n.avia-image-container.av-lcyna43k-e928dbdc0a78f1ad31a602539227dd6c img.avia_image{\nbox-shadow:none;\n}\n.avia-image-container.av-lcyna43k-e928dbdc0a78f1ad31a602539227dd6c .av-image-caption-overlay-center{\ncolor:#ffffff;\n}\n<\/style>\n<div  class='avia-image-container av-lcyna43k-e928dbdc0a78f1ad31a602539227dd6c av-styling- avia-align-center  avia-builder-el-7  avia-builder-el-no-sibling '   itemprop=\"image\" itemscope=\"itemscope\" itemtype=\"https:\/\/schema.org\/ImageObject\" ><div class=\"avia-image-container-inner\"><div class=\"avia-image-overlay-wrap\"><img decoding=\"async\" class='wp-image-139 avia-img-lazy-loading-not-139 avia_image ' src=\"https:\/\/www.isabellapivetta.com\/wp-content\/uploads\/2022\/10\/portrait.jpg\" alt='' title='portrait'  height=\"160\" width=\"180\"  itemprop=\"thumbnailUrl\"  \/><\/div><\/div><\/div><\/div><div class='flex_column av-av_one_third-f1c518e9ff58e869f80c8f093487abc9 av_one_third  avia-builder-el-8  el_after_av_one_third  el_before_av_one_third  flex_column_div column-top-margin'     ><section  class='av_textblock_section av-la9eaw2g-4976650016c3ac81eff4febe47d7768b'  itemscope=\"itemscope\" itemtype=\"https:\/\/schema.org\/CreativeWork\" ><div class='avia_textblock'  itemprop=\"text\" ><p>Als Therapeutin und Trainerin, ist es mir ein Anliegen, Kinder und Jugendliche mit Lern\u00adschwierig\u00adkeiten zu unterst\u00fctzen und zu f\u00f6rdern. Wert\u00adsch\u00e4tzung und Vertrauen in die Entwicklungs\u00adf\u00e4higkeit, bestimmen meine Beziehung zu den Sch\u00fclerInnen.<\/p>\n<\/div><\/section><\/div><div class='flex_column av-av_one_third-f1c518e9ff58e869f80c8f093487abc9 av_one_third  avia-builder-el-10  el_after_av_one_third  avia-builder-el-last  flex_column_div column-top-margin'     ><section  class='av_textblock_section av-la9eanu1-d2149122a41fd0a766b4b8fb0a4679ff'  itemscope=\"itemscope\" itemtype=\"https:\/\/schema.org\/CreativeWork\" ><div class='avia_textblock'  itemprop=\"text\" ><p>Denk\u00adprozesse verstehen und gemeinsam L\u00f6sungs\u00adans\u00e4tze finden, geh\u00f6ren zum Fundament meiner Arbeit. Ziel ist dabei, das Selbst\u00adbewusst\u00adsein der Sch\u00fclerInnen zu st\u00e4rken und in eine Aufw\u00e4rts\u00adspirale zu f\u00fchren.<\/p>\n<\/div><\/section><\/div><\/div><\/div><\/div><!-- close content main div --><\/div><\/div>\n<style type=\"text\/css\" data-created_by=\"avia_inline_auto\" id=\"style-css-av-bh04-eb32de335033e2abadafe10fb49e58a5\">\n.avia-section.av-bh04-eb32de335033e2abadafe10fb49e58a5{\nbackground-color:#114768;\nbackground-image:url(https:\/\/www.isabellapivetta.com\/wp-content\/uploads\/2022\/11\/bg_darkblue_list.png);\nbackground-repeat:repeat-y;\nbackground-position:50% 50%;\nbackground-attachment:scroll;\n}\n<\/style>\n<div id='av_section_2'  class='avia-section av-bh04-eb32de335033e2abadafe10fb49e58a5 main_color avia-section-default avia-no-border-styling  avia-builder-el-12  el_after_av_section  el_before_av_section  avia-bg-style-scroll container_wrap sidebar_right'  data-section-bg-repeat='repeat-y'><div class='container av-section-cont-open' ><div class='template-page content  av-content-small alpha units'><div class='post-entry post-entry-type-page post-entry-310'><div class='entry-content-wrapper clearfix'><div class='flex_column av-6pyw-357e5ae51c3ae97440b6eaccaa04af46 av_one_full  avia-builder-el-13  el_before_av_one_third  avia-builder-el-first  first flex_column_div '     ><style type=\"text\/css\" data-created_by=\"avia_inline_auto\" id=\"style-css-av-l947t3qe-e8f4bd9ec0ada07c145522ce4dbcdb37\">\n#top .av-special-heading.av-l947t3qe-e8f4bd9ec0ada07c145522ce4dbcdb37{\npadding-bottom:60px;\ncolor:#ffffff;\n}\nbody .av-special-heading.av-l947t3qe-e8f4bd9ec0ada07c145522ce4dbcdb37 .av-special-heading-tag .heading-char{\nfont-size:25px;\n}\n.av-special-heading.av-l947t3qe-e8f4bd9ec0ada07c145522ce4dbcdb37 .special-heading-inner-border{\nborder-color:#ffffff;\n}\n.av-special-heading.av-l947t3qe-e8f4bd9ec0ada07c145522ce4dbcdb37 .av-subheading{\nfont-size:15px;\n}\n<\/style>\n<div  class='av-special-heading av-l947t3qe-e8f4bd9ec0ada07c145522ce4dbcdb37 av-special-heading-h3 custom-color-heading blockquote modern-quote modern-centered  avia-builder-el-14  avia-builder-el-no-sibling '><h3 class='av-special-heading-tag'  itemprop=\"headline\"  >Akademische Qualifikationen<\/h3><div class=\"special-heading-border\"><div class=\"special-heading-inner-border\"><\/div><\/div><\/div><\/div><div class='flex_column_table av-la8csnwf-98f0264c344c6f905325805db4668dea sc-av_one_third av-equal-height-column-flextable'>\n<style type=\"text\/css\" data-created_by=\"avia_inline_auto\" id=\"style-css-av-la8csnwf-98f0264c344c6f905325805db4668dea\">\n@-webkit-keyframes av_boxShadowEffect_av-la8csnwf-98f0264c344c6f905325805db4668dea-column {\n0%   { box-shadow:  0 0 0 0 rgba(0,0,0,0.29); opacity: 1; }\n100% { box-shadow:  0 0 30px 0 rgba(0,0,0,0.29); opacity: 1; }\n}\n@keyframes av_boxShadowEffect_av-la8csnwf-98f0264c344c6f905325805db4668dea-column {\n0%   { box-shadow:  0 0 0 0 rgba(0,0,0,0.29); opacity: 1; }\n100% { box-shadow:  0 0 30px 0 rgba(0,0,0,0.29); opacity: 1; }\n}\n#top .flex_column_table.av-equal-height-column-flextable.av-la8csnwf-98f0264c344c6f905325805db4668dea{\nmargin-top:0px;\nmargin-bottom:0px;\n}\n.flex_column.av-la8csnwf-98f0264c344c6f905325805db4668dea{\nwidth:32%;\nmargin-left:0;\nbox-shadow: 0 0 30px 0 rgba(0,0,0,0.29);\npadding:8% 3% 5% 3%;\nbackground-color:#ffffff;\n}\n#top .flex_column_table.av-equal-height-column-flextable.av-la8csnwf-98f0264c344c6f905325805db4668dea .av-flex-placeholder{\nwidth:2%;\n}\n<\/style>\n<div class='flex_column av-la8csnwf-98f0264c344c6f905325805db4668dea av_one_third  avia-builder-el-15  el_after_av_one_full  el_before_av_one_third  first flex_column_table_cell av-equal-height-column av-align-top shadow-not-animated column-top-margin'     ><style type=\"text\/css\" data-created_by=\"avia_inline_auto\" id=\"style-css-av-la8cqgk0-197f4146a3ae2f8cfe77e6699b84df1c\">\n#top .avia-icon-list-container.av-la8cqgk0-197f4146a3ae2f8cfe77e6699b84df1c .iconlist_icon{\ncolor:#ffffff;\nbackground-color:#2087c2;\nfont-size:16px;\n}\n#top #wrap_all .avia-icon-list-container.av-la8cqgk0-197f4146a3ae2f8cfe77e6699b84df1c .av_iconlist_title{\nfont-size:16px;\n}\n<\/style>\n<div  class='avia-icon-list-container av-la8cqgk0-197f4146a3ae2f8cfe77e6699b84df1c  avia-builder-el-16  avia-builder-el-no-sibling '><ul class='avia-icon-list avia_animate_when_almost_visible avia-icon-list-left av-iconlist-small av-la8cqgk0-197f4146a3ae2f8cfe77e6699b84df1c avia-iconlist-animate'><li><div class='iconlist_icon av-1gwwmm-7c8599d98d4ea56cf65697cc921dca02 avia-font-entypo-fontello'><span class='iconlist-char' aria-hidden='true' data-av_icon='\ue812' data-av_iconfont='entypo-fontello'><\/span><\/div><article class=\"article-icon-entry av-iconlist-empty\"  itemscope=\"itemscope\" itemtype=\"https:\/\/schema.org\/CreativeWork\" ><div class=\"iconlist_content_wrap\"><header class=\"entry-content-header\"><div class='av_iconlist_title iconlist_title_small  '  itemprop=\"headline\" >Master of Arts (M. A.) - Modern Foreign Languages in Education<\/div><\/header><div class='iconlist_content '  itemprop=\"text\" ><\/div><\/div><footer class=\"entry-footer\"><\/footer><\/article><div class=\"iconlist-timeline\"><\/div><\/li><li><div class='iconlist_icon av-19yiqm-2d341524cde784d5306075fd2d71168d avia-font-entypo-fontello'><span class='iconlist-char' aria-hidden='true' data-av_icon='\ue812' data-av_iconfont='entypo-fontello'><\/span><\/div><article class=\"article-icon-entry av-iconlist-empty\"  itemscope=\"itemscope\" itemtype=\"https:\/\/schema.org\/CreativeWork\" ><div class=\"iconlist_content_wrap\"><header class=\"entry-content-header\"><div class='av_iconlist_title iconlist_title_small  '  itemprop=\"headline\" >Bachelor of Arts (B. A.) - Modern Foreign Languages with Education (Deutsch und Franz\u00f6sisch) <\/div><\/header><div class='iconlist_content '  itemprop=\"text\" ><\/div><\/div><footer class=\"entry-footer\"><\/footer><\/article><div class=\"iconlist-timeline\"><\/div><\/li><\/ul><\/div><\/div><div class='av-flex-placeholder'><\/div>\n<style type=\"text\/css\" data-created_by=\"avia_inline_auto\" id=\"style-css-av-la8cubjt-e21dd7a170070ab838cdc4a4a843561b\">\n@-webkit-keyframes av_boxShadowEffect_av-la8cubjt-e21dd7a170070ab838cdc4a4a843561b-column {\n0%   { box-shadow:  0 0 0 0 rgba(0,0,0,0.29); opacity: 1; }\n100% { box-shadow:  0 0 30px 0 rgba(0,0,0,0.29); opacity: 1; }\n}\n@keyframes av_boxShadowEffect_av-la8cubjt-e21dd7a170070ab838cdc4a4a843561b-column {\n0%   { box-shadow:  0 0 0 0 rgba(0,0,0,0.29); opacity: 1; }\n100% { box-shadow:  0 0 30px 0 rgba(0,0,0,0.29); opacity: 1; }\n}\n#top .flex_column_table.av-equal-height-column-flextable.av-la8cubjt-e21dd7a170070ab838cdc4a4a843561b{\nmargin-top:0px;\nmargin-bottom:0px;\n}\n.flex_column.av-la8cubjt-e21dd7a170070ab838cdc4a4a843561b{\nwidth:32%;\nmargin-left:0;\nbox-shadow: 0 0 30px 0 rgba(0,0,0,0.29);\npadding:8% 3% 5% 3%;\nbackground-color:#ffffff;\n}\n#top .flex_column_table.av-equal-height-column-flextable.av-la8cubjt-e21dd7a170070ab838cdc4a4a843561b .av-flex-placeholder{\nwidth:2%;\n}\n<\/style>\n<div class='flex_column av-la8cubjt-e21dd7a170070ab838cdc4a4a843561b av_one_third  avia-builder-el-17  el_after_av_one_third  el_before_av_one_third  flex_column_table_cell av-equal-height-column av-align-top shadow-not-animated column-top-margin'     ><style type=\"text\/css\" data-created_by=\"avia_inline_auto\" id=\"style-css-av-la8ctecn-0922d665640a85f9528826bdaa33e41e\">\n#top .avia-icon-list-container.av-la8ctecn-0922d665640a85f9528826bdaa33e41e .iconlist_icon{\ncolor:#ffffff;\nbackground-color:#2087c2;\nfont-size:16px;\n}\n#top #wrap_all .avia-icon-list-container.av-la8ctecn-0922d665640a85f9528826bdaa33e41e .av_iconlist_title{\nfont-size:16px;\n}\n<\/style>\n<div  class='avia-icon-list-container av-la8ctecn-0922d665640a85f9528826bdaa33e41e  avia-builder-el-18  avia-builder-el-no-sibling '><ul class='avia-icon-list avia_animate_when_almost_visible avia-icon-list-left av-iconlist-small av-la8ctecn-0922d665640a85f9528826bdaa33e41e avia-iconlist-animate'><li><div class='iconlist_icon av-la8ctaqg-053a7fbab281b73cd21d987d69e8eb73 avia-font-entypo-fontello'><span class='iconlist-char' aria-hidden='true' data-av_icon='\ue812' data-av_iconfont='entypo-fontello'><\/span><\/div><article class=\"article-icon-entry av-iconlist-empty\"  itemscope=\"itemscope\" itemtype=\"https:\/\/schema.org\/CreativeWork\" ><div class=\"iconlist_content_wrap\"><header class=\"entry-content-header\"><div class='av_iconlist_title iconlist_title_small  '  itemprop=\"headline\" >Erster \u00d6sterreichischer Dachverband Legasthenie, Diplomierte Legasthenie\u00adtrainerin, Dyskalkulietrainerin und Lerndidaktikerin (E\u00d6DL)<\/div><\/header><div class='iconlist_content '  itemprop=\"text\" ><\/div><\/div><footer class=\"entry-footer\"><\/footer><\/article><div class=\"iconlist-timeline\"><\/div><\/li><\/ul><\/div><\/div><div class='av-flex-placeholder'><\/div>\n<style type=\"text\/css\" data-created_by=\"avia_inline_auto\" id=\"style-css-av-la8cv0cq-c2b25d4b56e7ab520007e3be0a210644\">\n@-webkit-keyframes av_boxShadowEffect_av-la8cv0cq-c2b25d4b56e7ab520007e3be0a210644-column {\n0%   { box-shadow:  0 0 0 0 rgba(0,0,0,0.29); opacity: 1; }\n100% { box-shadow:  0 0 30px 0 rgba(0,0,0,0.29); opacity: 1; }\n}\n@keyframes av_boxShadowEffect_av-la8cv0cq-c2b25d4b56e7ab520007e3be0a210644-column {\n0%   { box-shadow:  0 0 0 0 rgba(0,0,0,0.29); opacity: 1; }\n100% { box-shadow:  0 0 30px 0 rgba(0,0,0,0.29); opacity: 1; }\n}\n#top .flex_column_table.av-equal-height-column-flextable.av-la8cv0cq-c2b25d4b56e7ab520007e3be0a210644{\nmargin-top:0px;\nmargin-bottom:0px;\n}\n.flex_column.av-la8cv0cq-c2b25d4b56e7ab520007e3be0a210644{\nwidth:32%;\nmargin-left:0;\nbox-shadow: 0 0 30px 0 rgba(0,0,0,0.29);\npadding:8% 3% 5% 3%;\nbackground-color:#ffffff;\n}\n#top .flex_column_table.av-equal-height-column-flextable.av-la8cv0cq-c2b25d4b56e7ab520007e3be0a210644 .av-flex-placeholder{\nwidth:2%;\n}\n<\/style>\n<div class='flex_column av-la8cv0cq-c2b25d4b56e7ab520007e3be0a210644 av_one_third  avia-builder-el-19  el_after_av_one_third  avia-builder-el-last  flex_column_table_cell av-equal-height-column av-align-top shadow-not-animated column-top-margin'     ><style type=\"text\/css\" data-created_by=\"avia_inline_auto\" id=\"style-css-av-13qthy-afebcef8b5e281d774de720e89bc248a\">\n#top .avia-icon-list-container.av-13qthy-afebcef8b5e281d774de720e89bc248a .iconlist_icon{\ncolor:#ffffff;\nbackground-color:#2087c2;\nfont-size:16px;\n}\n#top #wrap_all .avia-icon-list-container.av-13qthy-afebcef8b5e281d774de720e89bc248a .av_iconlist_title{\nfont-size:16px;\n}\n<\/style>\n<div  class='avia-icon-list-container av-13qthy-afebcef8b5e281d774de720e89bc248a  avia-builder-el-20  avia-builder-el-no-sibling '><ul class='avia-icon-list avia_animate_when_almost_visible avia-icon-list-left av-iconlist-small av-13qthy-afebcef8b5e281d774de720e89bc248a avia-iconlist-animate'><li><div class='iconlist_icon av-ct8em-0db8bf9304bd2590fc373efd2064395d avia-font-entypo-fontello'><span class='iconlist-char' aria-hidden='true' data-av_icon='\ue812' data-av_iconfont='entypo-fontello'><\/span><\/div><article class=\"article-icon-entry av-iconlist-empty\"  itemscope=\"itemscope\" itemtype=\"https:\/\/schema.org\/CreativeWork\" ><div class=\"iconlist_content_wrap\"><header class=\"entry-content-header\"><div class='av_iconlist_title iconlist_title_small  '  itemprop=\"headline\" >Marburger Verhaltens- und Konzentrationstraining (MKT\/MVT)<\/div><\/header><div class='iconlist_content '  itemprop=\"text\" ><\/div><\/div><footer class=\"entry-footer\"><\/footer><\/article><div class=\"iconlist-timeline\"><\/div><\/li><li><div class='iconlist_icon av-8gapq-2643399131977530c972623ad90f022c avia-font-entypo-fontello'><span class='iconlist-char' aria-hidden='true' data-av_icon='\ue812' data-av_iconfont='entypo-fontello'><\/span><\/div><article class=\"article-icon-entry av-iconlist-empty\"  itemscope=\"itemscope\" itemtype=\"https:\/\/schema.org\/CreativeWork\" ><div class=\"iconlist_content_wrap\"><header class=\"entry-content-header\"><div class='av_iconlist_title iconlist_title_small  '  itemprop=\"headline\" >H\u00f6rwahrnehmungstherapie nach Audiva<\/div><\/header><div class='iconlist_content '  itemprop=\"text\" ><\/div><\/div><footer class=\"entry-footer\"><\/footer><\/article><div class=\"iconlist-timeline\"><\/div><\/li><\/ul><\/div><\/div><\/div><!--close column table wrapper. Autoclose: 1 --><\/p>\r\n<\/div><\/div><\/div><!-- close content main div --><\/div><\/div>\n<style type=\"text\/css\" data-created_by=\"avia_inline_auto\" id=\"style-css-av-a4gw-5a14c7f6dcfc776d9de120c16ee69d47\">\n.avia-section.av-a4gw-5a14c7f6dcfc776d9de120c16ee69d47{\nbackground-repeat:repeat;\nbackground-image:url(https:\/\/www.isabellapivetta.com\/wp-content\/uploads\/2022\/10\/bg_section.png);\nbackground-position:0% 0%;\nbackground-attachment:scroll;\n}\n<\/style>\n<div id='av_section_3'  class='avia-section av-a4gw-5a14c7f6dcfc776d9de120c16ee69d47 alternate_color avia-section-huge avia-no-border-styling  avia-builder-el-21  el_after_av_section  avia-builder-el-last  avia-bg-style-scroll container_wrap sidebar_right'  data-section-bg-repeat='repeat'><div class='container av-section-cont-open' ><div class='template-page content  av-content-small alpha units'><div class='post-entry post-entry-type-page post-entry-310'><div class='entry-content-wrapper clearfix'><div class='flex_column av-5zs4-045dc23c9a03743057b2d88f156527d1 av_one_full  avia-builder-el-22  avia-builder-el-no-sibling  first flex_column_div '     ><p>\n<style type=\"text\/css\" data-created_by=\"avia_inline_auto\" id=\"style-css-av-l92wlidi-cfab00dab3a33ea97b367da6cf69bbde\">\n#top .av-special-heading.av-l92wlidi-cfab00dab3a33ea97b367da6cf69bbde{\npadding-bottom:60px;\n}\nbody .av-special-heading.av-l92wlidi-cfab00dab3a33ea97b367da6cf69bbde .av-special-heading-tag .heading-char{\nfont-size:25px;\n}\n.av-special-heading.av-l92wlidi-cfab00dab3a33ea97b367da6cf69bbde .av-subheading{\nfont-size:15px;\n}\n<\/style>\n<div  class='av-special-heading av-l92wlidi-cfab00dab3a33ea97b367da6cf69bbde av-special-heading-h2 blockquote modern-quote modern-centered  avia-builder-el-23  el_before_av_textblock  avia-builder-el-first '><h2 class='av-special-heading-tag'  itemprop=\"headline\"  >Kontakt<\/h2><div class=\"special-heading-border\"><div class=\"special-heading-inner-border\"><\/div><\/div><\/div><br \/>\n\n<style type=\"text\/css\" data-created_by=\"avia_inline_auto\" id=\"style-css-av-l92wn0pt-66302f583a706355ebbce02e7f1d5750\">\n#top .av_textblock_section.av-l92wn0pt-66302f583a706355ebbce02e7f1d5750 .avia_textblock{\ntext-align:center;\n}\n<\/style>\n<section  class='av_textblock_section av-l92wn0pt-66302f583a706355ebbce02e7f1d5750'  itemscope=\"itemscope\" itemtype=\"https:\/\/schema.org\/CreativeWork\" ><div class='avia_textblock'  itemprop=\"text\" ><p>Gerne kl\u00e4re ich all Ihre Fragen in einem pers\u00f6nlichen Onlinegespr\u00e4ch. Ihre Anfrage ist vertraulich, kostenfrei und unverbindlich.<\/p>\n<p><!-- \/wp:post-content --><\/p>\n<p><!-- wp:quote --><\/p>\n<p><!-- \/wp:quote --><\/p>\n<\/div><\/section><br \/>\n\n<style type=\"text\/css\" data-created_by=\"avia_inline_auto\" id=\"style-css-av-l96u8byt-a1adfc2d7e558c98e6bfd7d2a4671738\">\n#top .hr.hr-invisible.av-l96u8byt-a1adfc2d7e558c98e6bfd7d2a4671738{\nheight:70px;\n}\n<\/style>\n<div  class='hr av-l96u8byt-a1adfc2d7e558c98e6bfd7d2a4671738 hr-invisible  avia-builder-el-25  el_after_av_textblock  el_before_av_button '><span class='hr-inner '><span class=\"hr-inner-style\"><\/span><\/span><\/div><br \/>\n<div  class='avia-button-wrap av-a0a2-3c1ca40a7f007d8d60baa5c6be67f9c0-wrap avia-button-center  avia-builder-el-26  el_after_av_hr  avia-builder-el-last ' >\n<style type=\"text\/css\" data-created_by=\"avia_inline_auto\" id=\"style-css-av-a0a2-3c1ca40a7f007d8d60baa5c6be67f9c0\">\n#top #wrap_all .avia-button.av-a0a2-3c1ca40a7f007d8d60baa5c6be67f9c0{\nborder-style:none;\nbox-shadow:none;\n-webkit-transition:all 0.4s ease-in-out;\n-moz-transition:all 0.4s ease-in-out;\n-ms-transition:all 0.4s ease-in-out;\n-o-transition:all 0.4s ease-in-out;\ntransition:all 0.4s ease-in-out;\n}\n<\/style>\n<a href='https:\/\/www.isabellapivetta.com\/de\/kontakt\/'  class='avia-button av-a0a2-3c1ca40a7f007d8d60baa5c6be67f9c0 avia-icon_select-no avia-size-medium avia-position-center avia-color-theme-color' ><span class='avia_iconbox_title' >Termin vereinbaren<\/span><\/a><\/div><\/p><\/div><\/div><\/div><\/div><!-- close content main div --><\/div><\/div><div id='after_section_3'  class='main_color av_default_container_wrap container_wrap sidebar_right'  ><div class='container av-section-cont-open' ><div class='template-page content  av-content-small alpha units'><div class='post-entry post-entry-type-page post-entry-310'><div class='entry-content-wrapper clearfix'>","protected":false},"excerpt":{"rendered":"","protected":false},"author":1,"featured_media":0,"parent":0,"menu_order":30,"comment_status":"closed","ping_status":"closed","template":"","meta":{"footnotes":""},"class_list":["post-310","page","type-page","status-publish","hentry"],"_links":{"self":[{"href":"https:\/\/www.isabellapivetta.com\/de\/wp-json\/wp\/v2\/pages\/310","targetHints":{"allow":["GET"]}}],"collection":[{"href":"https:\/\/www.isabellapivetta.com\/de\/wp-json\/wp\/v2\/pages"}],"about":[{"href":"https:\/\/www.isabellapivetta.com\/de\/wp-json\/wp\/v2\/types\/page"}],"author":[{"embeddable":true,"href":"https:\/\/www.isabellapivetta.com\/de\/wp-json\/wp\/v2\/users\/1"}],"replies":[{"embeddable":true,"href":"https:\/\/www.isabellapivetta.com\/de\/wp-json\/wp\/v2\/comments?post=310"}],"version-history":[{"count":43,"href":"https:\/\/www.isabellapivetta.com\/de\/wp-json\/wp\/v2\/pages\/310\/revisions"}],"predecessor-version":[{"id":861,"href":"https:\/\/www.isabellapivetta.com\/de\/wp-json\/wp\/v2\/pages\/310\/revisions\/861"}],"wp:attachment":[{"href":"https:\/\/www.isabellapivetta.com\/de\/wp-json\/wp\/v2\/media?parent=310"}],"curies":[{"name":"wp","href":"https:\/\/api.w.org\/{rel}","templated":true}]}}