{"id":366,"date":"2022-11-09T11:10:11","date_gmt":"2022-11-09T10:10:11","guid":{"rendered":"https:\/\/isabellapivetta.qyjojuze.cyon.site\/?page_id=366"},"modified":"2023-05-03T08:56:07","modified_gmt":"2023-05-03T06:56:07","slug":"legasthenie","status":"publish","type":"page","link":"https:\/\/www.isabellapivetta.com\/de\/leistungen\/legasthenie\/","title":{"rendered":"Legasthenie"},"content":{"rendered":"<div id='full_slider_1'  class='avia-fullwidth-slider main_color avia-shadow   avia-builder-el-0  el_before_av_section  avia-builder-el-first   container_wrap sidebar_right'  >\n<style type=\"text\/css\" data-created_by=\"avia_inline_auto\" id=\"style-css-av-l92m77r9-d3f945a18c29ec4b321080bae9c92722\">\n#top #wrap_all .avia-slideshow .av-slideshow-caption.av-l92m77r9-d3f945a18c29ec4b321080bae9c92722__0 .avia-caption-title{\ncolor:#ffffff;\n}\n#top .avia-slideshow .av-slideshow-caption.av-l92m77r9-d3f945a18c29ec4b321080bae9c92722__0 .avia-caption-content{\nfont-size:20px;\n}\n#top .avia-slideshow .av-slideshow-caption.av-l92m77r9-d3f945a18c29ec4b321080bae9c92722__0 .avia-caption-content p{\nfont-size:20px;\n}\n\n@media only screen and (min-width: 480px) and (max-width: 767px){ \n#top .avia-slideshow .av-slideshow-caption.av-l92m77r9-d3f945a18c29ec4b321080bae9c92722__0 .avia-caption-content{\nfont-size:18px;\n}\n#top .avia-slideshow .av-slideshow-caption.av-l92m77r9-d3f945a18c29ec4b321080bae9c92722__0 .avia-caption-content p{\nfont-size:18px;\n}\n}\n\n@media only screen and (max-width: 479px){ \n#top .avia-slideshow .av-slideshow-caption.av-l92m77r9-d3f945a18c29ec4b321080bae9c92722__0 .avia-caption-content{\nfont-size:18px;\n}\n#top .avia-slideshow .av-slideshow-caption.av-l92m77r9-d3f945a18c29ec4b321080bae9c92722__0 .avia-caption-content p{\nfont-size:18px;\n}\n}\n<\/style>\n<div  class='avia-slideshow av-l92m77r9-d3f945a18c29ec4b321080bae9c92722 avia-slideshow-featured av_slideshow_full avia-fade-slider av-slideshow-ui av-control-minimal av-hide-nav-arrows av-slideshow-manual av-loop-once av-loop-manual-endless av-default-height-applied   avia-slideshow-1' data-slideshow-options=\"{&quot;animation&quot;:&quot;fade&quot;,&quot;autoplay&quot;:false,&quot;loop_autoplay&quot;:&quot;once&quot;,&quot;interval&quot;:5,&quot;loop_manual&quot;:&quot;manual-endless&quot;,&quot;autoplay_stopper&quot;:false,&quot;noNavigation&quot;:false,&quot;bg_slider&quot;:false,&quot;keep_padding&quot;:false,&quot;hoverpause&quot;:false,&quot;show_slide_delay&quot;:0}\"  itemprop=\"image\" itemscope=\"itemscope\" itemtype=\"https:\/\/schema.org\/ImageObject\" ><ul class='avia-slideshow-inner ' style='padding-bottom: 28.666666666667%;'><li  class='avia-slideshow-slide av-l92m77r9-d3f945a18c29ec4b321080bae9c92722__0  av-single-slide slide-1 slide-odd'><div data-rel='slideshow-1' class='avia-slide-wrap '   ><div class='av-slideshow-caption av-l92m77r9-d3f945a18c29ec4b321080bae9c92722__0 caption_fullwidth caption_left'><div class=\"container caption_container\"><div class=\"slideshow_caption\"><div class=\"slideshow_inner_caption\"><div class=\"slideshow_align_caption\"><h1 class='avia-caption-title '  itemprop=\"name\" >Legasthenie<\/h1><div class='avia-caption-content av_inherit_color'  itemprop=\"description\" ><p>Onlinef\u00f6rderung f\u00fcr Kinder mit Legasthenie<\/p>\n<\/div><a href='https:\/\/www.isabellapivetta.com\/de\/kontakt\/'  class='avia-slideshow-button avia-button avia-color-theme-color ' data-duration='800' data-easing='easeInOutQuad'>Jetzt Termin vereinbaren<\/a><\/div><\/div><\/div><\/div><\/div><img decoding=\"async\" class=\"wp-image-754 avia-img-lazy-loading-not-754\"  src=\"https:\/\/www.isabellapivetta.com\/wp-content\/uploads\/2023\/02\/pexels-tima-miroshnichenko-5303504-1500x430.jpg\" width=\"1500\" height=\"430\" title='pexels-tima-miroshnichenko-5303504' alt=''  itemprop=\"thumbnailUrl\"  style='min-height:380px; min-width:1326px; ' \/><\/div><\/li><\/ul><\/div><\/div>\r\n\n<style type=\"text\/css\" data-created_by=\"avia_inline_auto\" id=\"style-css-av-51ry-838280882be9a70a3a5dcc64b6f95c6c\">\n.avia-section.av-51ry-838280882be9a70a3a5dcc64b6f95c6c{\nbackground-repeat:repeat;\nbackground-image:url(https:\/\/www.isabellapivetta.com\/wp-content\/uploads\/2022\/10\/bg_section.png);\nbackground-position:0% 0%;\nbackground-attachment:scroll;\n}\n<\/style>\n<div id='av_section_1'  class='avia-section av-51ry-838280882be9a70a3a5dcc64b6f95c6c alternate_color avia-section-huge avia-no-border-styling  avia-builder-el-1  el_after_av_slideshow_full  el_before_av_section  avia-bg-style-scroll container_wrap sidebar_right'  data-section-bg-repeat='repeat'><div class='container av-section-cont-open' ><div class='template-page content  av-content-small alpha units'><div class='post-entry post-entry-type-page post-entry-366'><div class='entry-content-wrapper clearfix'><div class='flex_column av-es8m-434802f289795b6c7d3dac8d4bef15a4 av_one_full  avia-builder-el-2  avia-builder-el-no-sibling  first flex_column_div '     ><p>\n<style type=\"text\/css\" data-created_by=\"avia_inline_auto\" id=\"style-css-av-l92nf5gs-6c69eb8b9522c7ca9c1244f97f97eb74\">\n#top .av-special-heading.av-l92nf5gs-6c69eb8b9522c7ca9c1244f97f97eb74{\npadding-bottom:60px;\n}\nbody .av-special-heading.av-l92nf5gs-6c69eb8b9522c7ca9c1244f97f97eb74 .av-special-heading-tag .heading-char{\nfont-size:25px;\n}\n.av-special-heading.av-l92nf5gs-6c69eb8b9522c7ca9c1244f97f97eb74 .av-subheading{\nfont-size:15px;\n}\n<\/style>\n<div  class='av-special-heading av-l92nf5gs-6c69eb8b9522c7ca9c1244f97f97eb74 av-special-heading-h2 blockquote modern-quote  avia-builder-el-3  el_before_av_textblock  avia-builder-el-first '><h2 class='av-special-heading-tag'  itemprop=\"headline\"  >Informationen \u00fcber Lese-Recht\u00adschreib\u00ad\u00adschw\u00e4che<\/h2><div class=\"special-heading-border\"><div class=\"special-heading-inner-border\"><\/div><\/div><\/div><br \/>\n\n<style type=\"text\/css\" data-created_by=\"avia_inline_auto\" id=\"style-css-av-21y78-b1d2bec911b51b04d3a75369aece392b\">\n#top .av_textblock_section.av-21y78-b1d2bec911b51b04d3a75369aece392b .avia_textblock{\n-webkit-column-count:3;\n-moz-column-count:3;\ncolumn-count:3;\n-webkit-column-gap:6%;\n-moz-column-gap:6%;\ncolumn-gap:6%;\n}\n\n@media only screen and (max-width: 767px){ \n#top .av_textblock_section.av-21y78-b1d2bec911b51b04d3a75369aece392b .avia_textblock{\ncolumn-count:1;\n}\n.av_textblock_section.av-21y78-b1d2bec911b51b04d3a75369aece392b .avia_textblock.av_multi_colums > p:first-child{\nmargin-top:0.85em;\n}\n}\n<\/style>\n<section  class='av_textblock_section av-21y78-b1d2bec911b51b04d3a75369aece392b'  itemscope=\"itemscope\" itemtype=\"https:\/\/schema.org\/CreativeWork\" ><div class='avia_textblock av_multi_colums'  itemprop=\"text\" ><p>Die Lese-Rechtschreib-Schw\u00e4che \/ Legasthenie stellt f\u00fcr die betroffenen Kinder, die Eltern und auch f\u00fcr die Lehrkr\u00e4fte eine gro\u00dfe Heraus\u00adforderung dar.<\/p>\n<p>Sobald Sch\u00fclerInnen mit Lese- und Recht\u00adschreib\u00adschwierig\u00adkeiten auf Buchstaben sto\u00dfen, l\u00e4sst ihre Aufmerksamkeit nach.<\/p>\n<p>Das Lesen ist m\u00fchsam und beim Schreiben zeigt sich eine hohe Fehlerzahl. F\u00f6rder\u00adma\u00dfnahmen, wie t\u00e4gliches \u00dcben, bringen nicht den gew\u00fcnschten Erfolg.<\/p>\n<\/div><\/section><\/p><\/div>\r\n<\/div><\/div><\/div><!-- close content main div --><\/div><\/div>\n<style type=\"text\/css\" data-created_by=\"avia_inline_auto\" id=\"style-css-av-v3qgu-3bbb706fc2d5c647bf55caa8d93b8b48\">\n.avia-section.av-v3qgu-3bbb706fc2d5c647bf55caa8d93b8b48{\nbackground-color:#114768;\nbackground-image:unset;\n}\n<\/style>\n<div id='av_section_2'  class='avia-section av-v3qgu-3bbb706fc2d5c647bf55caa8d93b8b48 main_color avia-section-default avia-no-border-styling  avia-builder-el-5  el_after_av_section  el_before_av_section  avia-bg-style-scroll container_wrap sidebar_right'  ><div class='container av-section-cont-open' ><div class='template-page content  av-content-small alpha units'><div class='post-entry post-entry-type-page post-entry-366'><div class='entry-content-wrapper clearfix'><div class='flex_column av-tgjam-250a63d3aa4df0fbbb7c05acbcd4051e av_one_full  avia-builder-el-6  el_before_av_one_third  avia-builder-el-first  first flex_column_div '     ><style type=\"text\/css\" data-created_by=\"avia_inline_auto\" id=\"style-css-av-la9husuz-3b7c512ed6ae6168306d8232d6f6fb23\">\n#top .av-special-heading.av-la9husuz-3b7c512ed6ae6168306d8232d6f6fb23{\npadding-bottom:60px;\ncolor:#ffffff;\n}\nbody .av-special-heading.av-la9husuz-3b7c512ed6ae6168306d8232d6f6fb23 .av-special-heading-tag .heading-char{\nfont-size:25px;\n}\n.av-special-heading.av-la9husuz-3b7c512ed6ae6168306d8232d6f6fb23 .special-heading-inner-border{\nborder-color:#ffffff;\n}\n.av-special-heading.av-la9husuz-3b7c512ed6ae6168306d8232d6f6fb23 .av-subheading{\nfont-size:15px;\n}\n<\/style>\n<div  class='av-special-heading av-la9husuz-3b7c512ed6ae6168306d8232d6f6fb23 av-special-heading-h3 custom-color-heading blockquote modern-quote modern-centered  avia-builder-el-7  avia-builder-el-no-sibling '><h3 class='av-special-heading-tag'  itemprop=\"headline\"  >Symptome und Folgen<\/h3><div class=\"special-heading-border\"><div class=\"special-heading-inner-border\"><\/div><\/div><\/div><\/div><div class='flex_column_table av-lt2mm-70959b61982e41b9aebf4a51b976eb51 sc-av_one_third av-equal-height-column-flextable'>\n<style type=\"text\/css\" data-created_by=\"avia_inline_auto\" id=\"style-css-av-lt2mm-70959b61982e41b9aebf4a51b976eb51\">\n@-webkit-keyframes av_boxShadowEffect_av-lt2mm-70959b61982e41b9aebf4a51b976eb51-column {\n0%   { box-shadow:  0 0 0 0 rgba(0,0,0,0.29); opacity: 1; }\n100% { box-shadow:  0 0 30px 0 rgba(0,0,0,0.29); opacity: 1; }\n}\n@keyframes av_boxShadowEffect_av-lt2mm-70959b61982e41b9aebf4a51b976eb51-column {\n0%   { box-shadow:  0 0 0 0 rgba(0,0,0,0.29); opacity: 1; }\n100% { box-shadow:  0 0 30px 0 rgba(0,0,0,0.29); opacity: 1; }\n}\n#top .flex_column_table.av-equal-height-column-flextable.av-lt2mm-70959b61982e41b9aebf4a51b976eb51{\nmargin-top:0px;\nmargin-bottom:0px;\n}\n.flex_column.av-lt2mm-70959b61982e41b9aebf4a51b976eb51{\nwidth:32%;\nmargin-left:0;\nbox-shadow: 0 0 30px 0 rgba(0,0,0,0.29);\npadding:8% 3% 5% 3%;\nbackground-color:#ffffff;\n}\n#top .flex_column_table.av-equal-height-column-flextable.av-lt2mm-70959b61982e41b9aebf4a51b976eb51 .av-flex-placeholder{\nwidth:2%;\n}\n<\/style>\n<div class='flex_column av-lt2mm-70959b61982e41b9aebf4a51b976eb51 av_one_third  avia-builder-el-8  el_after_av_one_full  el_before_av_one_third  first flex_column_table_cell av-equal-height-column av-align-top shadow-not-animated column-top-margin'     ><style type=\"text\/css\" data-created_by=\"avia_inline_auto\" id=\"style-css-av-la9hv99d-31c6cb2eb5eae2a5a04502451a709d4b\">\n#top .avia-icon-list-container.av-la9hv99d-31c6cb2eb5eae2a5a04502451a709d4b .iconlist_icon{\ncolor:#ffffff;\nbackground-color:#2086c2;\nfont-size:16px;\n}\n#top #wrap_all .avia-icon-list-container.av-la9hv99d-31c6cb2eb5eae2a5a04502451a709d4b .av_iconlist_title{\nfont-size:16px;\n}\n<\/style>\n<div  class='avia-icon-list-container av-la9hv99d-31c6cb2eb5eae2a5a04502451a709d4b  avia-builder-el-9  avia-builder-el-no-sibling '><ul class='avia-icon-list avia_animate_when_almost_visible avia-icon-list-left av-iconlist-small av-la9hv99d-31c6cb2eb5eae2a5a04502451a709d4b avia-iconlist-animate'><li><div class='iconlist_icon av-la9huzto-2c78a51815881b6db03c368d1da0d3d3 avia-font-entypo-fontello'><span class='iconlist-char' aria-hidden='true' data-av_icon='\ue812' data-av_iconfont='entypo-fontello'><\/span><\/div><article class=\"article-icon-entry av-iconlist-empty\"  itemscope=\"itemscope\" itemtype=\"https:\/\/schema.org\/CreativeWork\" ><div class=\"iconlist_content_wrap\"><header class=\"entry-content-header\"><div class='av_iconlist_title iconlist_title_small  '  itemprop=\"headline\" >Abwehrhaltung gegen\u00fcber Leistungsanforderungen<\/div><\/header><div class='iconlist_content '  itemprop=\"text\" ><\/div><\/div><footer class=\"entry-footer\"><\/footer><\/article><div class=\"iconlist-timeline\"><\/div><\/li><li><div class='iconlist_icon av-la9hv843-1757b70cf77bca808ac2ad79180f2cc4 avia-font-entypo-fontello'><span class='iconlist-char' aria-hidden='true' data-av_icon='\ue812' data-av_iconfont='entypo-fontello'><\/span><\/div><article class=\"article-icon-entry av-iconlist-empty\"  itemscope=\"itemscope\" itemtype=\"https:\/\/schema.org\/CreativeWork\" ><div class=\"iconlist_content_wrap\"><header class=\"entry-content-header\"><div class='av_iconlist_title iconlist_title_small  '  itemprop=\"headline\" >Motivationsprobleme<\/div><\/header><div class='iconlist_content '  itemprop=\"text\" ><\/div><\/div><footer class=\"entry-footer\"><\/footer><\/article><div class=\"iconlist-timeline\"><\/div><\/li><\/ul><\/div><\/div><div class='av-flex-placeholder'><\/div>\n<style type=\"text\/css\" data-created_by=\"avia_inline_auto\" id=\"style-css-av-e61e6-883a126937d5458dd2b2a9723241136e\">\n@-webkit-keyframes av_boxShadowEffect_av-e61e6-883a126937d5458dd2b2a9723241136e-column {\n0%   { box-shadow:  0 0 0 0 rgba(0,0,0,0.29); opacity: 1; }\n100% { box-shadow:  0 0 30px 0 rgba(0,0,0,0.29); opacity: 1; }\n}\n@keyframes av_boxShadowEffect_av-e61e6-883a126937d5458dd2b2a9723241136e-column {\n0%   { box-shadow:  0 0 0 0 rgba(0,0,0,0.29); opacity: 1; }\n100% { box-shadow:  0 0 30px 0 rgba(0,0,0,0.29); opacity: 1; }\n}\n#top .flex_column_table.av-equal-height-column-flextable.av-e61e6-883a126937d5458dd2b2a9723241136e{\nmargin-top:0px;\nmargin-bottom:0px;\n}\n.flex_column.av-e61e6-883a126937d5458dd2b2a9723241136e{\nwidth:32%;\nmargin-left:0;\nbox-shadow: 0 0 30px 0 rgba(0,0,0,0.29);\npadding:8% 3% 5% 3%;\nbackground-color:#ffffff;\n}\n#top .flex_column_table.av-equal-height-column-flextable.av-e61e6-883a126937d5458dd2b2a9723241136e .av-flex-placeholder{\nwidth:2%;\n}\n<\/style>\n<div class='flex_column av-e61e6-883a126937d5458dd2b2a9723241136e av_one_third  avia-builder-el-10  el_after_av_one_third  el_before_av_one_third  flex_column_table_cell av-equal-height-column av-align-top shadow-not-animated column-top-margin'     ><style type=\"text\/css\" data-created_by=\"avia_inline_auto\" id=\"style-css-av-la9hvmhb-1e39d17581f742ebac0811d9583af671\">\n#top .avia-icon-list-container.av-la9hvmhb-1e39d17581f742ebac0811d9583af671 .iconlist_icon{\ncolor:#ffffff;\nbackground-color:#2086c2;\nfont-size:16px;\n}\n#top #wrap_all .avia-icon-list-container.av-la9hvmhb-1e39d17581f742ebac0811d9583af671 .av_iconlist_title{\nfont-size:16px;\n}\n<\/style>\n<div  class='avia-icon-list-container av-la9hvmhb-1e39d17581f742ebac0811d9583af671  avia-builder-el-11  avia-builder-el-no-sibling '><ul class='avia-icon-list avia_animate_when_almost_visible avia-icon-list-left av-iconlist-small av-la9hvmhb-1e39d17581f742ebac0811d9583af671 avia-iconlist-animate'><li><div class='iconlist_icon av-la9hvfy1-0c8accb32d7aa9910dedd9ae61f10470 avia-font-entypo-fontello'><span class='iconlist-char' aria-hidden='true' data-av_icon='\ue812' data-av_iconfont='entypo-fontello'><\/span><\/div><article class=\"article-icon-entry av-iconlist-empty\"  itemscope=\"itemscope\" itemtype=\"https:\/\/schema.org\/CreativeWork\" ><div class=\"iconlist_content_wrap\"><header class=\"entry-content-header\"><div class='av_iconlist_title iconlist_title_small  '  itemprop=\"headline\" >Schulangst und Verweigerung<\/div><\/header><div class='iconlist_content '  itemprop=\"text\" ><\/div><\/div><footer class=\"entry-footer\"><\/footer><\/article><div class=\"iconlist-timeline\"><\/div><\/li><li><div class='iconlist_icon av-la9hvlji-4032471485f0e156bacff2bcf4ffc609 avia-font-entypo-fontello'><span class='iconlist-char' aria-hidden='true' data-av_icon='\ue812' data-av_iconfont='entypo-fontello'><\/span><\/div><article class=\"article-icon-entry av-iconlist-empty\"  itemscope=\"itemscope\" itemtype=\"https:\/\/schema.org\/CreativeWork\" ><div class=\"iconlist_content_wrap\"><header class=\"entry-content-header\"><div class='av_iconlist_title iconlist_title_small  '  itemprop=\"headline\" >Bauch- und Kopfschmerzen<\/div><\/header><div class='iconlist_content '  itemprop=\"text\" ><\/div><\/div><footer class=\"entry-footer\"><\/footer><\/article><div class=\"iconlist-timeline\"><\/div><\/li><\/ul><\/div><\/div><div class='av-flex-placeholder'><\/div>\n<style type=\"text\/css\" data-created_by=\"avia_inline_auto\" id=\"style-css-av-9xh3y-e9b339cba5f7975ad6cf0403ca4b5175\">\n@-webkit-keyframes av_boxShadowEffect_av-9xh3y-e9b339cba5f7975ad6cf0403ca4b5175-column {\n0%   { box-shadow:  0 0 0 0 rgba(0,0,0,0.29); opacity: 1; }\n100% { box-shadow:  0 0 30px 0 rgba(0,0,0,0.29); opacity: 1; }\n}\n@keyframes av_boxShadowEffect_av-9xh3y-e9b339cba5f7975ad6cf0403ca4b5175-column {\n0%   { box-shadow:  0 0 0 0 rgba(0,0,0,0.29); opacity: 1; }\n100% { box-shadow:  0 0 30px 0 rgba(0,0,0,0.29); opacity: 1; }\n}\n#top .flex_column_table.av-equal-height-column-flextable.av-9xh3y-e9b339cba5f7975ad6cf0403ca4b5175{\nmargin-top:0px;\nmargin-bottom:0px;\n}\n.flex_column.av-9xh3y-e9b339cba5f7975ad6cf0403ca4b5175{\nwidth:32%;\nmargin-left:0;\nbox-shadow: 0 0 30px 0 rgba(0,0,0,0.29);\npadding:8% 3% 5% 3%;\nbackground-color:#ffffff;\n}\n#top .flex_column_table.av-equal-height-column-flextable.av-9xh3y-e9b339cba5f7975ad6cf0403ca4b5175 .av-flex-placeholder{\nwidth:2%;\n}\n<\/style>\n<div class='flex_column av-9xh3y-e9b339cba5f7975ad6cf0403ca4b5175 av_one_third  avia-builder-el-12  el_after_av_one_third  el_before_av_one_fourth  flex_column_table_cell av-equal-height-column av-align-top shadow-not-animated column-top-margin'     ><style type=\"text\/css\" data-created_by=\"avia_inline_auto\" id=\"style-css-av-la9hw5cu-e39b5cf6872bc61750abfaf18a209feb\">\n#top .avia-icon-list-container.av-la9hw5cu-e39b5cf6872bc61750abfaf18a209feb .iconlist_icon{\ncolor:#ffffff;\nbackground-color:#2086c2;\nfont-size:16px;\n}\n#top #wrap_all .avia-icon-list-container.av-la9hw5cu-e39b5cf6872bc61750abfaf18a209feb .av_iconlist_title{\nfont-size:16px;\n}\n<\/style>\n<div  class='avia-icon-list-container av-la9hw5cu-e39b5cf6872bc61750abfaf18a209feb  avia-builder-el-13  avia-builder-el-no-sibling '><ul class='avia-icon-list avia_animate_when_almost_visible avia-icon-list-left av-iconlist-small av-la9hw5cu-e39b5cf6872bc61750abfaf18a209feb avia-iconlist-animate'><li><div class='iconlist_icon av-la9hvwxz-e6588c549e452c457e4c8f6fcd81e316 avia-font-entypo-fontello'><span class='iconlist-char' aria-hidden='true' data-av_icon='\ue812' data-av_iconfont='entypo-fontello'><\/span><\/div><article class=\"article-icon-entry av-iconlist-empty\"  itemscope=\"itemscope\" itemtype=\"https:\/\/schema.org\/CreativeWork\" ><div class=\"iconlist_content_wrap\"><header class=\"entry-content-header\"><div class='av_iconlist_title iconlist_title_small  '  itemprop=\"headline\" >Traurigkeit \/ Lustlosigkeit<\/div><\/header><div class='iconlist_content '  itemprop=\"text\" ><\/div><\/div><footer class=\"entry-footer\"><\/footer><\/article><div class=\"iconlist-timeline\"><\/div><\/li><li><div class='iconlist_icon av-la9hw4eh-22fb48a6d59af496e4e1a35192cea9df avia-font-entypo-fontello'><span class='iconlist-char' aria-hidden='true' data-av_icon='\ue812' data-av_iconfont='entypo-fontello'><\/span><\/div><article class=\"article-icon-entry av-iconlist-empty\"  itemscope=\"itemscope\" itemtype=\"https:\/\/schema.org\/CreativeWork\" ><div class=\"iconlist_content_wrap\"><header class=\"entry-content-header\"><div class='av_iconlist_title iconlist_title_small  '  itemprop=\"headline\" >Aggressives Verhalten<\/div><\/header><div class='iconlist_content '  itemprop=\"text\" ><\/div><\/div><footer class=\"entry-footer\"><\/footer><\/article><div class=\"iconlist-timeline\"><\/div><\/li><\/ul><\/div><\/div><\/div><!--close column table wrapper. Autoclose: 1 --><div class='flex_column_table av-la9i7smw-74fadb89b46027d8bd3b5ee56d66f93b sc-av_one_fourth av-equal-height-column-flextable'>\n<style type=\"text\/css\" data-created_by=\"avia_inline_auto\" id=\"style-css-av-la9i7smw-74fadb89b46027d8bd3b5ee56d66f93b\">\n.flex_column.av-la9i7smw-74fadb89b46027d8bd3b5ee56d66f93b{\nwidth:23.5%;\nmargin-left:0;\n}\n#top .flex_column_table.av-equal-height-column-flextable.av-la9i7smw-74fadb89b46027d8bd3b5ee56d66f93b .av-flex-placeholder{\nwidth:2%;\n}\n<\/style>\n<div class='flex_column av-la9i7smw-74fadb89b46027d8bd3b5ee56d66f93b av_one_fourth  avia-builder-el-14  el_after_av_one_third  el_before_av_one_half  first flex_column_table_cell av-equal-height-column av-align-top column-top-margin'     ><\/div><div class='av-flex-placeholder'><\/div>\n<style type=\"text\/css\" data-created_by=\"avia_inline_auto\" id=\"style-css-av-dl1zq-2eecc13a25a9f063750c6d0d90b044e7\">\n.flex_column.av-dl1zq-2eecc13a25a9f063750c6d0d90b044e7{\nwidth:49%;\nmargin-left:0;\n}\n#top .flex_column_table.av-equal-height-column-flextable.av-dl1zq-2eecc13a25a9f063750c6d0d90b044e7 .av-flex-placeholder{\nwidth:2%;\n}\n<\/style>\n<div class='flex_column av-dl1zq-2eecc13a25a9f063750c6d0d90b044e7 av_one_half  avia-builder-el-15  el_after_av_one_fourth  el_before_av_one_fourth  flex_column_table_cell av-equal-height-column av-align-top column-top-margin'     ><style type=\"text\/css\" data-created_by=\"avia_inline_auto\" id=\"style-css-av-la9i80tb-92f3216dd3c7b390a6fa855c8b1d2321\">\n#top .av_textblock_section.av-la9i80tb-92f3216dd3c7b390a6fa855c8b1d2321 .avia_textblock{\ncolor:#ffffff;\ntext-align:center;\n}\n<\/style>\n<section  class='av_textblock_section av-la9i80tb-92f3216dd3c7b390a6fa855c8b1d2321'  itemscope=\"itemscope\" itemtype=\"https:\/\/schema.org\/CreativeWork\" ><div class='avia_textblock av_inherit_color'  itemprop=\"text\" ><p>Durch fr\u00fchzeitiges Erkennen und einer gezielten F\u00f6rderung der Schreib- und Lesef\u00e4higkeit werden die Kompetenzen gesteigert und seelische Folgen<br \/>k\u00f6nnen vermieden werden.<\/p>\n<\/div><\/section><\/div><div class='av-flex-placeholder'><\/div>\n<style type=\"text\/css\" data-created_by=\"avia_inline_auto\" id=\"style-css-av-9c1i6-71895381fb57b48737839b1f15ef566b\">\n.flex_column.av-9c1i6-71895381fb57b48737839b1f15ef566b{\nwidth:23.5%;\nmargin-left:0;\n}\n#top .flex_column_table.av-equal-height-column-flextable.av-9c1i6-71895381fb57b48737839b1f15ef566b .av-flex-placeholder{\nwidth:2%;\n}\n<\/style>\n<div class='flex_column av-9c1i6-71895381fb57b48737839b1f15ef566b av_one_fourth  avia-builder-el-17  el_after_av_one_half  avia-builder-el-last  flex_column_table_cell av-equal-height-column av-align-top column-top-margin'     ><\/div><\/div><!--close column table wrapper. Autoclose: 1 -->\r\n<\/div><\/div><\/div><!-- close content main div --><\/div><\/div>\n<style type=\"text\/css\" data-created_by=\"avia_inline_auto\" id=\"style-css-av-xl364-42a23ffbd14ec02f21767f38dac21b9c\">\n.avia-section.av-xl364-42a23ffbd14ec02f21767f38dac21b9c{\nbackground-repeat:repeat;\nbackground-image:url(https:\/\/www.isabellapivetta.com\/wp-content\/uploads\/2022\/10\/bg_section.png);\nbackground-position:0% 0%;\nbackground-attachment:scroll;\n}\n<\/style>\n<div id='av_section_3'  class='avia-section av-xl364-42a23ffbd14ec02f21767f38dac21b9c alternate_color avia-section-huge avia-no-border-styling  avia-builder-el-18  el_after_av_section  avia-builder-el-last  avia-bg-style-scroll container_wrap sidebar_right'  data-section-bg-repeat='repeat'><div class='container av-section-cont-open' ><div class='template-page content  av-content-small alpha units'><div class='post-entry post-entry-type-page post-entry-366'><div class='entry-content-wrapper clearfix'><div class='flex_column av-tmq64-adef8ed1fc9b21885bdcc5b657956e91 av_one_full  avia-builder-el-19  avia-builder-el-no-sibling  first flex_column_div '     ><p>\n<style type=\"text\/css\" data-created_by=\"avia_inline_auto\" id=\"style-css-av-l96xzfcn-753e7f5420bc5058c0b3497ed65e29e1\">\n#top .av-special-heading.av-l96xzfcn-753e7f5420bc5058c0b3497ed65e29e1{\npadding-bottom:60px;\n}\nbody .av-special-heading.av-l96xzfcn-753e7f5420bc5058c0b3497ed65e29e1 .av-special-heading-tag .heading-char{\nfont-size:25px;\n}\n.av-special-heading.av-l96xzfcn-753e7f5420bc5058c0b3497ed65e29e1 .av-subheading{\nfont-size:15px;\n}\n<\/style>\n<div  class='av-special-heading av-l96xzfcn-753e7f5420bc5058c0b3497ed65e29e1 av-special-heading-h2 blockquote modern-quote modern-centered  avia-builder-el-20  el_before_av_textblock  avia-builder-el-first '><h2 class='av-special-heading-tag'  itemprop=\"headline\"  >Erstgespr\u00e4ch vereinbaren<\/h2><div class=\"special-heading-border\"><div class=\"special-heading-inner-border\"><\/div><\/div><\/div><br \/>\n\n<style type=\"text\/css\" data-created_by=\"avia_inline_auto\" id=\"style-css-av-l800s-32761d07e289a49692b751807e82d586\">\n#top .av_textblock_section.av-l800s-32761d07e289a49692b751807e82d586 .avia_textblock{\ntext-align:center;\n}\n<\/style>\n<section  class='av_textblock_section av-l800s-32761d07e289a49692b751807e82d586'  itemscope=\"itemscope\" itemtype=\"https:\/\/schema.org\/CreativeWork\" ><div class='avia_textblock'  itemprop=\"text\" ><p>Sie haben den Verdacht, dass Ihr Kind von einer Leseschw\u00e4che, Rechtschreibschw\u00e4che oder Lese-Rechtschreib-Schw\u00e4che (LRS) \/ Legasthenie betroffen ist?<\/p>\n<p><!-- \/wp:post-content --><\/p>\n<p><!-- wp:quote --><\/p>\n<p><!-- \/wp:quote --><\/p>\n<\/div><\/section><br \/>\n<div  class='hr av-bt818-3a6916a0c752dbf2be1643efc7353e90 hr-default  avia-builder-el-22  el_after_av_textblock  el_before_av_button '><span class='hr-inner '><span class=\"hr-inner-style\"><\/span><\/span><\/div><br \/>\n<div  class='avia-button-wrap av-b5in0-59219d05391e4de7e58a49127ed328d9-wrap avia-button-center  avia-builder-el-23  el_after_av_hr  avia-builder-el-last ' ><a href='https:\/\/www.isabellapivetta.com\/de\/kontakt\/'  class='avia-button av-b5in0-59219d05391e4de7e58a49127ed328d9 avia-icon_select-no avia-size-medium avia-position-center avia-color-theme-color' ><span class='avia_iconbox_title' >Online Terminvereinbarung<\/span><\/a><\/div><\/p><\/div><\/div><\/div><\/div><!-- close content main div --><\/div><\/div><div id='after_section_3'  class='main_color av_default_container_wrap container_wrap sidebar_right'  ><div class='container av-section-cont-open' ><div class='template-page content  av-content-small alpha units'><div class='post-entry post-entry-type-page post-entry-366'><div class='entry-content-wrapper clearfix'>","protected":false},"excerpt":{"rendered":"","protected":false},"author":1,"featured_media":0,"parent":212,"menu_order":10,"comment_status":"closed","ping_status":"closed","template":"","meta":{"footnotes":""},"class_list":["post-366","page","type-page","status-publish","hentry"],"_links":{"self":[{"href":"https:\/\/www.isabellapivetta.com\/de\/wp-json\/wp\/v2\/pages\/366","targetHints":{"allow":["GET"]}}],"collection":[{"href":"https:\/\/www.isabellapivetta.com\/de\/wp-json\/wp\/v2\/pages"}],"about":[{"href":"https:\/\/www.isabellapivetta.com\/de\/wp-json\/wp\/v2\/types\/page"}],"author":[{"embeddable":true,"href":"https:\/\/www.isabellapivetta.com\/de\/wp-json\/wp\/v2\/users\/1"}],"replies":[{"embeddable":true,"href":"https:\/\/www.isabellapivetta.com\/de\/wp-json\/wp\/v2\/comments?post=366"}],"version-history":[{"count":27,"href":"https:\/\/www.isabellapivetta.com\/de\/wp-json\/wp\/v2\/pages\/366\/revisions"}],"predecessor-version":[{"id":842,"href":"https:\/\/www.isabellapivetta.com\/de\/wp-json\/wp\/v2\/pages\/366\/revisions\/842"}],"up":[{"embeddable":true,"href":"https:\/\/www.isabellapivetta.com\/de\/wp-json\/wp\/v2\/pages\/212"}],"wp:attachment":[{"href":"https:\/\/www.isabellapivetta.com\/de\/wp-json\/wp\/v2\/media?parent=366"}],"curies":[{"name":"wp","href":"https:\/\/api.w.org\/{rel}","templated":true}]}}