{"id":373,"date":"2022-11-09T11:31:57","date_gmt":"2022-11-09T10:31:57","guid":{"rendered":"https:\/\/isabellapivetta.qyjojuze.cyon.site\/?page_id=373"},"modified":"2023-05-03T08:57:57","modified_gmt":"2023-05-03T06:57:57","slug":"dyskalkulie","status":"publish","type":"page","link":"https:\/\/www.isabellapivetta.com\/de\/leistungen\/dyskalkulie\/","title":{"rendered":"Dyskalkulie"},"content":{"rendered":"<div id='full_slider_1'  class='avia-fullwidth-slider main_color avia-shadow   avia-builder-el-0  el_before_av_section  avia-builder-el-first   container_wrap sidebar_right'  >\n<style type=\"text\/css\" data-created_by=\"avia_inline_auto\" id=\"style-css-av-l92m77r9-d3f945a18c29ec4b321080bae9c92722\">\n#top #wrap_all .avia-slideshow .av-slideshow-caption.av-l92m77r9-d3f945a18c29ec4b321080bae9c92722__0 .avia-caption-title{\ncolor:#ffffff;\n}\n#top .avia-slideshow .av-slideshow-caption.av-l92m77r9-d3f945a18c29ec4b321080bae9c92722__0 .avia-caption-content{\nfont-size:20px;\n}\n#top .avia-slideshow .av-slideshow-caption.av-l92m77r9-d3f945a18c29ec4b321080bae9c92722__0 .avia-caption-content p{\nfont-size:20px;\n}\n\n@media only screen and (min-width: 480px) and (max-width: 767px){ \n#top .avia-slideshow .av-slideshow-caption.av-l92m77r9-d3f945a18c29ec4b321080bae9c92722__0 .avia-caption-content{\nfont-size:18px;\n}\n#top .avia-slideshow .av-slideshow-caption.av-l92m77r9-d3f945a18c29ec4b321080bae9c92722__0 .avia-caption-content p{\nfont-size:18px;\n}\n}\n\n@media only screen and (max-width: 479px){ \n#top .avia-slideshow .av-slideshow-caption.av-l92m77r9-d3f945a18c29ec4b321080bae9c92722__0 .avia-caption-content{\nfont-size:18px;\n}\n#top .avia-slideshow .av-slideshow-caption.av-l92m77r9-d3f945a18c29ec4b321080bae9c92722__0 .avia-caption-content p{\nfont-size:18px;\n}\n}\n<\/style>\n<div  class='avia-slideshow av-l92m77r9-d3f945a18c29ec4b321080bae9c92722 avia-slideshow-featured av_slideshow_full avia-fade-slider av-slideshow-ui av-control-minimal av-hide-nav-arrows av-slideshow-manual av-loop-once av-loop-manual-endless av-default-height-applied   avia-slideshow-1' data-slideshow-options=\"{&quot;animation&quot;:&quot;fade&quot;,&quot;autoplay&quot;:false,&quot;loop_autoplay&quot;:&quot;once&quot;,&quot;interval&quot;:5,&quot;loop_manual&quot;:&quot;manual-endless&quot;,&quot;autoplay_stopper&quot;:false,&quot;noNavigation&quot;:false,&quot;bg_slider&quot;:false,&quot;keep_padding&quot;:false,&quot;hoverpause&quot;:false,&quot;show_slide_delay&quot;:0}\"  itemprop=\"image\" itemscope=\"itemscope\" itemtype=\"https:\/\/schema.org\/ImageObject\" ><ul class='avia-slideshow-inner ' style='padding-bottom: 28.666666666667%;'><li  class='avia-slideshow-slide av-l92m77r9-d3f945a18c29ec4b321080bae9c92722__0  av-single-slide slide-1 slide-odd'><div data-rel='slideshow-1' class='avia-slide-wrap '   ><div class='av-slideshow-caption av-l92m77r9-d3f945a18c29ec4b321080bae9c92722__0 caption_fullwidth caption_left'><div class=\"container caption_container\"><div class=\"slideshow_caption\"><div class=\"slideshow_inner_caption\"><div class=\"slideshow_align_caption\"><h1 class='avia-caption-title '  itemprop=\"name\" >Dyskalkulie<\/h1><div class='avia-caption-content av_inherit_color'  itemprop=\"description\" ><p>Onlinef\u00f6rderung f\u00fcr Kinder mit Dyskalkulie<\/p>\n<\/div><a href='https:\/\/www.isabellapivetta.com\/de\/kontakt\/'  class='avia-slideshow-button avia-button avia-color-theme-color ' data-duration='800' data-easing='easeInOutQuad'>Jetzt Termin vereinbaren<\/a><\/div><\/div><\/div><\/div><\/div><img decoding=\"async\" class=\"wp-image-752 avia-img-lazy-loading-not-752\"  src=\"https:\/\/www.isabellapivetta.com\/wp-content\/uploads\/2023\/02\/pexels-cottonbro-studio-6970510-1500x430.jpg\" width=\"1500\" height=\"430\" title='pexels-cottonbro-studio-6970510' alt=''  itemprop=\"thumbnailUrl\"  style='min-height:380px; min-width:1326px; ' \/><\/div><\/li><\/ul><\/div><\/div>\n\n<style type=\"text\/css\" data-created_by=\"avia_inline_auto\" id=\"style-css-av-51ry-838280882be9a70a3a5dcc64b6f95c6c\">\n.avia-section.av-51ry-838280882be9a70a3a5dcc64b6f95c6c{\nbackground-repeat:repeat;\nbackground-image:url(https:\/\/www.isabellapivetta.com\/wp-content\/uploads\/2022\/10\/bg_section.png);\nbackground-position:0% 0%;\nbackground-attachment:scroll;\n}\n<\/style>\n<div id='av_section_1'  class='avia-section av-51ry-838280882be9a70a3a5dcc64b6f95c6c alternate_color avia-section-huge avia-no-border-styling  avia-builder-el-1  el_after_av_slideshow_full  el_before_av_section  avia-bg-style-scroll container_wrap sidebar_right'  data-section-bg-repeat='repeat'><div class='container av-section-cont-open' ><div class='template-page content  av-content-small alpha units'><div class='post-entry post-entry-type-page post-entry-373'><div class='entry-content-wrapper clearfix'>\n<div class='flex_column av-es8m-434802f289795b6c7d3dac8d4bef15a4 av_one_full  avia-builder-el-2  avia-builder-el-no-sibling  first flex_column_div '     ><p>\n<style type=\"text\/css\" data-created_by=\"avia_inline_auto\" id=\"style-css-av-l92nf5gs-607c4a6f75eee9ee4aeaf8762fdb910b\">\n#top .av-special-heading.av-l92nf5gs-607c4a6f75eee9ee4aeaf8762fdb910b{\npadding-bottom:60px;\n}\nbody .av-special-heading.av-l92nf5gs-607c4a6f75eee9ee4aeaf8762fdb910b .av-special-heading-tag .heading-char{\nfont-size:25px;\n}\n.av-special-heading.av-l92nf5gs-607c4a6f75eee9ee4aeaf8762fdb910b .av-subheading{\nfont-size:15px;\n}\n<\/style>\n<div  class='av-special-heading av-l92nf5gs-607c4a6f75eee9ee4aeaf8762fdb910b av-special-heading-h2 blockquote modern-quote  avia-builder-el-3  el_before_av_textblock  avia-builder-el-first '><h2 class='av-special-heading-tag'  itemprop=\"headline\"  >Informationen \u00fcber Dyskalkulie<\/h2><div class=\"special-heading-border\"><div class=\"special-heading-inner-border\"><\/div><\/div><\/div><br \/>\n\n<style type=\"text\/css\" data-created_by=\"avia_inline_auto\" id=\"style-css-av-21y78-b1d2bec911b51b04d3a75369aece392b\">\n#top .av_textblock_section.av-21y78-b1d2bec911b51b04d3a75369aece392b .avia_textblock{\n-webkit-column-count:3;\n-moz-column-count:3;\ncolumn-count:3;\n-webkit-column-gap:6%;\n-moz-column-gap:6%;\ncolumn-gap:6%;\n}\n\n@media only screen and (max-width: 767px){ \n#top .av_textblock_section.av-21y78-b1d2bec911b51b04d3a75369aece392b .avia_textblock{\ncolumn-count:1;\n}\n.av_textblock_section.av-21y78-b1d2bec911b51b04d3a75369aece392b .avia_textblock.av_multi_colums > p:first-child{\nmargin-top:0.85em;\n}\n}\n<\/style>\n<section  class='av_textblock_section av-21y78-b1d2bec911b51b04d3a75369aece392b'  itemscope=\"itemscope\" itemtype=\"https:\/\/schema.org\/CreativeWork\" ><div class='avia_textblock av_multi_colums'  itemprop=\"text\" ><p>Rechenfertigkeiten sind in unserer Gesellschaft ebenso wichtig, wie die Anforderung das Lesen und Schreiben zu beherrschen. Kinder mit einer Beeintr\u00e4chtigung der Rechen\u00adfertigkeiten haben Defizite in den grundlegenden mathematischen Basis\u00adkompetenzen.<\/p>\n<\/div><\/section><\/p><\/div>\n\n<\/div><\/div><\/div><!-- close content main div --><\/div><\/div>\n<style type=\"text\/css\" data-created_by=\"avia_inline_auto\" id=\"style-css-av-v3qgu-512c86d6521f48da39c86be06178759c\">\n.avia-section.av-v3qgu-512c86d6521f48da39c86be06178759c{\nbackground-color:#114768;\nbackground-image:unset;\nmargin-bottom:100px;\n}\n<\/style>\n<div id='av_section_2'  class='avia-section av-v3qgu-512c86d6521f48da39c86be06178759c main_color avia-section-default avia-no-border-styling  avia-builder-el-5  el_after_av_section  avia-builder-el-last  avia-bg-style-scroll container_wrap sidebar_right'  ><div class='container av-section-cont-open' ><div class='template-page content  av-content-small alpha units'><div class='post-entry post-entry-type-page post-entry-373'><div class='entry-content-wrapper clearfix'>\n<div class='flex_column av-tgjam-250a63d3aa4df0fbbb7c05acbcd4051e av_one_full  avia-builder-el-6  el_before_av_one_third  avia-builder-el-first  first flex_column_div '     ><style type=\"text\/css\" data-created_by=\"avia_inline_auto\" id=\"style-css-av-la9husuz-3b7c512ed6ae6168306d8232d6f6fb23\">\n#top .av-special-heading.av-la9husuz-3b7c512ed6ae6168306d8232d6f6fb23{\npadding-bottom:60px;\ncolor:#ffffff;\n}\nbody .av-special-heading.av-la9husuz-3b7c512ed6ae6168306d8232d6f6fb23 .av-special-heading-tag .heading-char{\nfont-size:25px;\n}\n.av-special-heading.av-la9husuz-3b7c512ed6ae6168306d8232d6f6fb23 .special-heading-inner-border{\nborder-color:#ffffff;\n}\n.av-special-heading.av-la9husuz-3b7c512ed6ae6168306d8232d6f6fb23 .av-subheading{\nfont-size:15px;\n}\n<\/style>\n<div  class='av-special-heading av-la9husuz-3b7c512ed6ae6168306d8232d6f6fb23 av-special-heading-h3 custom-color-heading blockquote modern-quote modern-centered  avia-builder-el-7  avia-builder-el-no-sibling '><h3 class='av-special-heading-tag'  itemprop=\"headline\"  >Symptome und Folgen<\/h3><div class=\"special-heading-border\"><div class=\"special-heading-inner-border\"><\/div><\/div><\/div><\/div><div class='flex_column_table av-lt2mm-70959b61982e41b9aebf4a51b976eb51 sc-av_one_third av-equal-height-column-flextable'>\n<style type=\"text\/css\" data-created_by=\"avia_inline_auto\" id=\"style-css-av-lt2mm-70959b61982e41b9aebf4a51b976eb51\">\n@-webkit-keyframes av_boxShadowEffect_av-lt2mm-70959b61982e41b9aebf4a51b976eb51-column {\n0%   { box-shadow:  0 0 0 0 rgba(0,0,0,0.29); opacity: 1; }\n100% { box-shadow:  0 0 30px 0 rgba(0,0,0,0.29); opacity: 1; }\n}\n@keyframes av_boxShadowEffect_av-lt2mm-70959b61982e41b9aebf4a51b976eb51-column {\n0%   { box-shadow:  0 0 0 0 rgba(0,0,0,0.29); opacity: 1; }\n100% { box-shadow:  0 0 30px 0 rgba(0,0,0,0.29); opacity: 1; }\n}\n#top .flex_column_table.av-equal-height-column-flextable.av-lt2mm-70959b61982e41b9aebf4a51b976eb51{\nmargin-top:0px;\nmargin-bottom:0px;\n}\n.flex_column.av-lt2mm-70959b61982e41b9aebf4a51b976eb51{\nwidth:32%;\nmargin-left:0;\nbox-shadow: 0 0 30px 0 rgba(0,0,0,0.29);\npadding:8% 3% 5% 3%;\nbackground-color:#ffffff;\n}\n#top .flex_column_table.av-equal-height-column-flextable.av-lt2mm-70959b61982e41b9aebf4a51b976eb51 .av-flex-placeholder{\nwidth:2%;\n}\n<\/style>\n<div class='flex_column av-lt2mm-70959b61982e41b9aebf4a51b976eb51 av_one_third  avia-builder-el-8  el_after_av_one_full  el_before_av_one_third  first flex_column_table_cell av-equal-height-column av-align-top shadow-not-animated column-top-margin'     ><style type=\"text\/css\" data-created_by=\"avia_inline_auto\" id=\"style-css-av-la9hv99d-31c6cb2eb5eae2a5a04502451a709d4b\">\n#top .avia-icon-list-container.av-la9hv99d-31c6cb2eb5eae2a5a04502451a709d4b .iconlist_icon{\ncolor:#ffffff;\nbackground-color:#2086c2;\nfont-size:16px;\n}\n#top #wrap_all .avia-icon-list-container.av-la9hv99d-31c6cb2eb5eae2a5a04502451a709d4b .av_iconlist_title{\nfont-size:16px;\n}\n<\/style>\n<div  class='avia-icon-list-container av-la9hv99d-31c6cb2eb5eae2a5a04502451a709d4b  avia-builder-el-9  avia-builder-el-no-sibling '><ul class='avia-icon-list avia_animate_when_almost_visible avia-icon-list-left av-iconlist-small av-la9hv99d-31c6cb2eb5eae2a5a04502451a709d4b avia-iconlist-animate'>\n<li><div class='iconlist_icon av-la9huzto-b6a7fdb91335162468a4a18d4b343dff avia-font-entypo-fontello'><span class='iconlist-char' aria-hidden='true' data-av_icon='\ue812' data-av_iconfont='entypo-fontello'><\/span><\/div><article class=\"article-icon-entry av-iconlist-empty\"  itemscope=\"itemscope\" itemtype=\"https:\/\/schema.org\/CreativeWork\" ><div class=\"iconlist_content_wrap\"><header class=\"entry-content-header\"><div class='av_iconlist_title iconlist_title_small  '  itemprop=\"headline\" >Schwierigkeiten beim Rechnen<\/div><\/header><div class='iconlist_content '  itemprop=\"text\" ><\/div><\/div><footer class=\"entry-footer\"><\/footer><\/article><div class=\"iconlist-timeline\"><\/div><\/li>\n<li><div class='iconlist_icon av-la9hv843-ef70f3700f25014256e89dbdf1ae0ed6 avia-font-entypo-fontello'><span class='iconlist-char' aria-hidden='true' data-av_icon='\ue812' data-av_iconfont='entypo-fontello'><\/span><\/div><article class=\"article-icon-entry av-iconlist-empty\"  itemscope=\"itemscope\" itemtype=\"https:\/\/schema.org\/CreativeWork\" ><div class=\"iconlist_content_wrap\"><header class=\"entry-content-header\"><div class='av_iconlist_title iconlist_title_small  '  itemprop=\"headline\" >Mangelnde Vorstellungskraft bzgl. Mengen und Zahlen<\/div><\/header><div class='iconlist_content '  itemprop=\"text\" ><\/div><\/div><footer class=\"entry-footer\"><\/footer><\/article><div class=\"iconlist-timeline\"><\/div><\/li>\n<\/ul><\/div><\/div><div class='av-flex-placeholder'><\/div>\n<style type=\"text\/css\" data-created_by=\"avia_inline_auto\" id=\"style-css-av-e61e6-883a126937d5458dd2b2a9723241136e\">\n@-webkit-keyframes av_boxShadowEffect_av-e61e6-883a126937d5458dd2b2a9723241136e-column {\n0%   { box-shadow:  0 0 0 0 rgba(0,0,0,0.29); opacity: 1; }\n100% { box-shadow:  0 0 30px 0 rgba(0,0,0,0.29); opacity: 1; }\n}\n@keyframes av_boxShadowEffect_av-e61e6-883a126937d5458dd2b2a9723241136e-column {\n0%   { box-shadow:  0 0 0 0 rgba(0,0,0,0.29); opacity: 1; }\n100% { box-shadow:  0 0 30px 0 rgba(0,0,0,0.29); opacity: 1; }\n}\n#top .flex_column_table.av-equal-height-column-flextable.av-e61e6-883a126937d5458dd2b2a9723241136e{\nmargin-top:0px;\nmargin-bottom:0px;\n}\n.flex_column.av-e61e6-883a126937d5458dd2b2a9723241136e{\nwidth:32%;\nmargin-left:0;\nbox-shadow: 0 0 30px 0 rgba(0,0,0,0.29);\npadding:8% 3% 5% 3%;\nbackground-color:#ffffff;\n}\n#top .flex_column_table.av-equal-height-column-flextable.av-e61e6-883a126937d5458dd2b2a9723241136e .av-flex-placeholder{\nwidth:2%;\n}\n<\/style>\n<div class='flex_column av-e61e6-883a126937d5458dd2b2a9723241136e av_one_third  avia-builder-el-10  el_after_av_one_third  el_before_av_one_third  flex_column_table_cell av-equal-height-column av-align-top shadow-not-animated column-top-margin'     ><style type=\"text\/css\" data-created_by=\"avia_inline_auto\" id=\"style-css-av-la9hvmhb-1e39d17581f742ebac0811d9583af671\">\n#top .avia-icon-list-container.av-la9hvmhb-1e39d17581f742ebac0811d9583af671 .iconlist_icon{\ncolor:#ffffff;\nbackground-color:#2086c2;\nfont-size:16px;\n}\n#top #wrap_all .avia-icon-list-container.av-la9hvmhb-1e39d17581f742ebac0811d9583af671 .av_iconlist_title{\nfont-size:16px;\n}\n<\/style>\n<div  class='avia-icon-list-container av-la9hvmhb-1e39d17581f742ebac0811d9583af671  avia-builder-el-11  avia-builder-el-no-sibling '><ul class='avia-icon-list avia_animate_when_almost_visible avia-icon-list-left av-iconlist-small av-la9hvmhb-1e39d17581f742ebac0811d9583af671 avia-iconlist-animate'>\n<li><div class='iconlist_icon av-la9hvfy1-618219bb6dab3f8294ae3f70e2eaebe4 avia-font-entypo-fontello'><span class='iconlist-char' aria-hidden='true' data-av_icon='\ue812' data-av_iconfont='entypo-fontello'><\/span><\/div><article class=\"article-icon-entry av-iconlist-empty\"  itemscope=\"itemscope\" itemtype=\"https:\/\/schema.org\/CreativeWork\" ><div class=\"iconlist_content_wrap\"><header class=\"entry-content-header\"><div class='av_iconlist_title iconlist_title_small  '  itemprop=\"headline\" >Z\u00e4hlen statt Rechnen:<br \/>\nFinger dienen als Rechenhilfe<\/div><\/header><div class='iconlist_content '  itemprop=\"text\" ><\/div><\/div><footer class=\"entry-footer\"><\/footer><\/article><div class=\"iconlist-timeline\"><\/div><\/li>\n<\/ul><\/div><\/div><div class='av-flex-placeholder'><\/div>\n<style type=\"text\/css\" data-created_by=\"avia_inline_auto\" id=\"style-css-av-9xh3y-e9b339cba5f7975ad6cf0403ca4b5175\">\n@-webkit-keyframes av_boxShadowEffect_av-9xh3y-e9b339cba5f7975ad6cf0403ca4b5175-column {\n0%   { box-shadow:  0 0 0 0 rgba(0,0,0,0.29); opacity: 1; }\n100% { box-shadow:  0 0 30px 0 rgba(0,0,0,0.29); opacity: 1; }\n}\n@keyframes av_boxShadowEffect_av-9xh3y-e9b339cba5f7975ad6cf0403ca4b5175-column {\n0%   { box-shadow:  0 0 0 0 rgba(0,0,0,0.29); opacity: 1; }\n100% { box-shadow:  0 0 30px 0 rgba(0,0,0,0.29); opacity: 1; }\n}\n#top .flex_column_table.av-equal-height-column-flextable.av-9xh3y-e9b339cba5f7975ad6cf0403ca4b5175{\nmargin-top:0px;\nmargin-bottom:0px;\n}\n.flex_column.av-9xh3y-e9b339cba5f7975ad6cf0403ca4b5175{\nwidth:32%;\nmargin-left:0;\nbox-shadow: 0 0 30px 0 rgba(0,0,0,0.29);\npadding:8% 3% 5% 3%;\nbackground-color:#ffffff;\n}\n#top .flex_column_table.av-equal-height-column-flextable.av-9xh3y-e9b339cba5f7975ad6cf0403ca4b5175 .av-flex-placeholder{\nwidth:2%;\n}\n<\/style>\n<div class='flex_column av-9xh3y-e9b339cba5f7975ad6cf0403ca4b5175 av_one_third  avia-builder-el-12  el_after_av_one_third  el_before_av_one_fourth  flex_column_table_cell av-equal-height-column av-align-top shadow-not-animated column-top-margin'     ><style type=\"text\/css\" data-created_by=\"avia_inline_auto\" id=\"style-css-av-la9hw5cu-e39b5cf6872bc61750abfaf18a209feb\">\n#top .avia-icon-list-container.av-la9hw5cu-e39b5cf6872bc61750abfaf18a209feb .iconlist_icon{\ncolor:#ffffff;\nbackground-color:#2086c2;\nfont-size:16px;\n}\n#top #wrap_all .avia-icon-list-container.av-la9hw5cu-e39b5cf6872bc61750abfaf18a209feb .av_iconlist_title{\nfont-size:16px;\n}\n<\/style>\n<div  class='avia-icon-list-container av-la9hw5cu-e39b5cf6872bc61750abfaf18a209feb  avia-builder-el-13  avia-builder-el-no-sibling '><ul class='avia-icon-list avia_animate_when_almost_visible avia-icon-list-left av-iconlist-small av-la9hw5cu-e39b5cf6872bc61750abfaf18a209feb avia-iconlist-animate'>\n<li><div class='iconlist_icon av-la9hvwxz-899dfcf1a88ead2bc890fd73f4890c82 avia-font-entypo-fontello'><span class='iconlist-char' aria-hidden='true' data-av_icon='\ue812' data-av_iconfont='entypo-fontello'><\/span><\/div><article class=\"article-icon-entry av-iconlist-empty\"  itemscope=\"itemscope\" itemtype=\"https:\/\/schema.org\/CreativeWork\" ><div class=\"iconlist_content_wrap\"><header class=\"entry-content-header\"><div class='av_iconlist_title iconlist_title_small  '  itemprop=\"headline\" >Hausaufgaben werden zu einer belastenden Situation<\/div><\/header><div class='iconlist_content '  itemprop=\"text\" ><\/div><\/div><footer class=\"entry-footer\"><\/footer><\/article><div class=\"iconlist-timeline\"><\/div><\/li>\n<li><div class='iconlist_icon av-la9hw4eh-d45f3fb3fdb53804347913f75470a5ae avia-font-entypo-fontello'><span class='iconlist-char' aria-hidden='true' data-av_icon='\ue812' data-av_iconfont='entypo-fontello'><\/span><\/div><article class=\"article-icon-entry av-iconlist-empty\"  itemscope=\"itemscope\" itemtype=\"https:\/\/schema.org\/CreativeWork\" ><div class=\"iconlist_content_wrap\"><header class=\"entry-content-header\"><div class='av_iconlist_title iconlist_title_small  '  itemprop=\"headline\" >Angst, Bauchschmerzen<\/div><\/header><div class='iconlist_content '  itemprop=\"text\" ><\/div><\/div><footer class=\"entry-footer\"><\/footer><\/article><div class=\"iconlist-timeline\"><\/div><\/li>\n<\/ul><\/div><\/div><\/div><!--close column table wrapper. Autoclose: 1 --><div class='flex_column_table av-la9iywow-c6b8e5e7d0954628c9b185aca703ec4b sc-av_one_fourth av-equal-height-column-flextable'>\n<style type=\"text\/css\" data-created_by=\"avia_inline_auto\" id=\"style-css-av-la9iywow-c6b8e5e7d0954628c9b185aca703ec4b\">\n.flex_column.av-la9iywow-c6b8e5e7d0954628c9b185aca703ec4b{\nwidth:23.5%;\nmargin-left:0;\n}\n#top .flex_column_table.av-equal-height-column-flextable.av-la9iywow-c6b8e5e7d0954628c9b185aca703ec4b .av-flex-placeholder{\nwidth:2%;\n}\n<\/style>\n<div class='flex_column av-la9iywow-c6b8e5e7d0954628c9b185aca703ec4b av_one_fourth  avia-builder-el-14  el_after_av_one_third  el_before_av_one_half  first flex_column_table_cell av-equal-height-column av-align-top column-top-margin'     ><\/div><div class='av-flex-placeholder'><\/div>\n<style type=\"text\/css\" data-created_by=\"avia_inline_auto\" id=\"style-css-av-eh86d-fddcfecc4d507031fb87c4fa2243b86f\">\n.flex_column.av-eh86d-fddcfecc4d507031fb87c4fa2243b86f{\nwidth:49%;\nmargin-left:0;\n}\n#top .flex_column_table.av-equal-height-column-flextable.av-eh86d-fddcfecc4d507031fb87c4fa2243b86f .av-flex-placeholder{\nwidth:2%;\n}\n<\/style>\n<div class='flex_column av-eh86d-fddcfecc4d507031fb87c4fa2243b86f av_one_half  avia-builder-el-15  el_after_av_one_fourth  el_before_av_one_fourth  flex_column_table_cell av-equal-height-column av-align-top column-top-margin'     ><style type=\"text\/css\" data-created_by=\"avia_inline_auto\" id=\"style-css-av-la9izamw-607dee148a4ca8866ac9b8fe99ce5b76\">\n#top .av_textblock_section.av-la9izamw-607dee148a4ca8866ac9b8fe99ce5b76 .avia_textblock{\ncolor:#ffffff;\ntext-align:center;\n}\n<\/style>\n<section  class='av_textblock_section av-la9izamw-607dee148a4ca8866ac9b8fe99ce5b76'  itemscope=\"itemscope\" itemtype=\"https:\/\/schema.org\/CreativeWork\" ><div class='avia_textblock av_inherit_color'  itemprop=\"text\" ><p>Meine Onlinef\u00f6rderung setzt bei einer gezielten Diagnostik an. Ich \u00fcberpr\u00fcfe zun\u00e4chst, ob ein Mengenverst\u00e4ndnis vorhanden ist, welches die Basis f\u00fcr die<br \/>\nGrundschulmathematik darstellt. Ich hole Ihr Kind an der Stelle ab, wo es gezielte Hilfe braucht.<\/p>\n<\/div><\/section><\/div><div class='av-flex-placeholder'><\/div>\n<style type=\"text\/css\" data-created_by=\"avia_inline_auto\" id=\"style-css-av-aohc5-966b099bde620c2b050a314beaf7b4f9\">\n.flex_column.av-aohc5-966b099bde620c2b050a314beaf7b4f9{\nwidth:23.5%;\nmargin-left:0;\n}\n#top .flex_column_table.av-equal-height-column-flextable.av-aohc5-966b099bde620c2b050a314beaf7b4f9 .av-flex-placeholder{\nwidth:2%;\n}\n<\/style>\n<div class='flex_column av-aohc5-966b099bde620c2b050a314beaf7b4f9 av_one_fourth  avia-builder-el-17  el_after_av_one_half  avia-builder-el-last  flex_column_table_cell av-equal-height-column av-align-top column-top-margin'     ><\/div><\/div><!--close column table wrapper. Autoclose: 1 -->\n<\/div><\/div><\/div><!-- close content main div --><\/div><\/div><div id='after_section_2'  class='main_color av_default_container_wrap container_wrap sidebar_right'  ><div class='container av-section-cont-open' ><div class='template-page content  av-content-small alpha units'><div class='post-entry post-entry-type-page post-entry-373'><div class='entry-content-wrapper clearfix'>\n","protected":false},"excerpt":{"rendered":"","protected":false},"author":1,"featured_media":0,"parent":212,"menu_order":20,"comment_status":"closed","ping_status":"closed","template":"","meta":{"footnotes":""},"class_list":["post-373","page","type-page","status-publish","hentry"],"_links":{"self":[{"href":"https:\/\/www.isabellapivetta.com\/de\/wp-json\/wp\/v2\/pages\/373","targetHints":{"allow":["GET"]}}],"collection":[{"href":"https:\/\/www.isabellapivetta.com\/de\/wp-json\/wp\/v2\/pages"}],"about":[{"href":"https:\/\/www.isabellapivetta.com\/de\/wp-json\/wp\/v2\/types\/page"}],"author":[{"embeddable":true,"href":"https:\/\/www.isabellapivetta.com\/de\/wp-json\/wp\/v2\/users\/1"}],"replies":[{"embeddable":true,"href":"https:\/\/www.isabellapivetta.com\/de\/wp-json\/wp\/v2\/comments?post=373"}],"version-history":[{"count":14,"href":"https:\/\/www.isabellapivetta.com\/de\/wp-json\/wp\/v2\/pages\/373\/revisions"}],"predecessor-version":[{"id":851,"href":"https:\/\/www.isabellapivetta.com\/de\/wp-json\/wp\/v2\/pages\/373\/revisions\/851"}],"up":[{"embeddable":true,"href":"https:\/\/www.isabellapivetta.com\/de\/wp-json\/wp\/v2\/pages\/212"}],"wp:attachment":[{"href":"https:\/\/www.isabellapivetta.com\/de\/wp-json\/wp\/v2\/media?parent=373"}],"curies":[{"name":"wp","href":"https:\/\/api.w.org\/{rel}","templated":true}]}}