{"id":524,"date":"2022-12-09T12:23:47","date_gmt":"2022-12-09T11:23:47","guid":{"rendered":"https:\/\/isabellapivetta.qyjojuze.cyon.site\/?page_id=524"},"modified":"2023-05-03T08:57:12","modified_gmt":"2023-05-03T06:57:12","slug":"lerndidaktik","status":"publish","type":"page","link":"https:\/\/www.isabellapivetta.com\/de\/leistungen\/lerndidaktik\/","title":{"rendered":"Lerndidaktik"},"content":{"rendered":"<div id='full_slider_1'  class='avia-fullwidth-slider main_color avia-shadow   avia-builder-el-0  el_before_av_section  avia-builder-el-first   container_wrap sidebar_right'  >\n<style type=\"text\/css\" data-created_by=\"avia_inline_auto\" id=\"style-css-av-l92m77r9-d3f945a18c29ec4b321080bae9c92722\">\n#top #wrap_all .avia-slideshow .av-slideshow-caption.av-l92m77r9-d3f945a18c29ec4b321080bae9c92722__0 .avia-caption-title{\ncolor:#ffffff;\n}\n#top .avia-slideshow .av-slideshow-caption.av-l92m77r9-d3f945a18c29ec4b321080bae9c92722__0 .avia-caption-content{\nfont-size:20px;\n}\n#top .avia-slideshow .av-slideshow-caption.av-l92m77r9-d3f945a18c29ec4b321080bae9c92722__0 .avia-caption-content p{\nfont-size:20px;\n}\n\n@media only screen and (min-width: 480px) and (max-width: 767px){ \n#top .avia-slideshow .av-slideshow-caption.av-l92m77r9-d3f945a18c29ec4b321080bae9c92722__0 .avia-caption-content{\nfont-size:18px;\n}\n#top .avia-slideshow .av-slideshow-caption.av-l92m77r9-d3f945a18c29ec4b321080bae9c92722__0 .avia-caption-content p{\nfont-size:18px;\n}\n}\n\n@media only screen and (max-width: 479px){ \n#top .avia-slideshow .av-slideshow-caption.av-l92m77r9-d3f945a18c29ec4b321080bae9c92722__0 .avia-caption-content{\nfont-size:18px;\n}\n#top .avia-slideshow .av-slideshow-caption.av-l92m77r9-d3f945a18c29ec4b321080bae9c92722__0 .avia-caption-content p{\nfont-size:18px;\n}\n}\n<\/style>\n<div  class='avia-slideshow av-l92m77r9-d3f945a18c29ec4b321080bae9c92722 avia-slideshow-featured av_slideshow_full avia-fade-slider av-slideshow-ui av-control-minimal av-hide-nav-arrows av-slideshow-manual av-loop-once av-loop-manual-endless av-default-height-applied   avia-slideshow-1' data-slideshow-options=\"{&quot;animation&quot;:&quot;fade&quot;,&quot;autoplay&quot;:false,&quot;loop_autoplay&quot;:&quot;once&quot;,&quot;interval&quot;:5,&quot;loop_manual&quot;:&quot;manual-endless&quot;,&quot;autoplay_stopper&quot;:false,&quot;noNavigation&quot;:false,&quot;bg_slider&quot;:false,&quot;keep_padding&quot;:false,&quot;hoverpause&quot;:false,&quot;show_slide_delay&quot;:0}\"  itemprop=\"image\" itemscope=\"itemscope\" itemtype=\"https:\/\/schema.org\/ImageObject\" ><ul class='avia-slideshow-inner ' style='padding-bottom: 28.666666666667%;'><li  class='avia-slideshow-slide av-l92m77r9-d3f945a18c29ec4b321080bae9c92722__0  av-single-slide slide-1 slide-odd'><div data-rel='slideshow-1' class='avia-slide-wrap '   ><div class='av-slideshow-caption av-l92m77r9-d3f945a18c29ec4b321080bae9c92722__0 caption_fullwidth caption_left'><div class=\"container caption_container\"><div class=\"slideshow_caption\"><div class=\"slideshow_inner_caption\"><div class=\"slideshow_align_caption\"><h1 class='avia-caption-title '  itemprop=\"name\" >Lerndidaktik<\/h1><div class='avia-caption-content av_inherit_color'  itemprop=\"description\" ><p>Onlinef\u00f6rderung f\u00fcr Kinder durch Lerndidaktik<\/p>\n<\/div><a href='https:\/\/www.isabellapivetta.com\/de\/kontakt\/'  class='avia-slideshow-button avia-button avia-color-theme-color ' data-duration='800' data-easing='easeInOutQuad'>Jetzt Termin vereinbaren<\/a><\/div><\/div><\/div><\/div><\/div><img decoding=\"async\" class=\"wp-image-753 avia-img-lazy-loading-not-753\"  src=\"https:\/\/www.isabellapivetta.com\/wp-content\/uploads\/2023\/02\/pexels-katerina-holmes-5905700-1500x430.jpg\" width=\"1500\" height=\"430\" title='pexels-katerina-holmes-5905700' alt=''  itemprop=\"thumbnailUrl\"  style='min-height:380px; min-width:1326px; ' \/><\/div><\/li><\/ul><\/div><\/div>\n\n<style type=\"text\/css\" data-created_by=\"avia_inline_auto\" id=\"style-css-av-v3qgu-48ae3ffaf5819ceb2bb9221d5953a718\">\n.avia-section.av-v3qgu-48ae3ffaf5819ceb2bb9221d5953a718{\nbackground-color:#114768;\nbackground-image:unset;\nmargin-top:100px;\nmargin-bottom:100px;\n}\n<\/style>\n<div id='av_section_1'  class='avia-section av-v3qgu-48ae3ffaf5819ceb2bb9221d5953a718 main_color avia-section-default avia-no-border-styling  avia-builder-el-1  el_after_av_slideshow_full  avia-builder-el-last  avia-bg-style-scroll container_wrap sidebar_right'  ><div class='container av-section-cont-open' ><div class='template-page content  av-content-small alpha units'><div class='post-entry post-entry-type-page post-entry-524'><div class='entry-content-wrapper clearfix'>\n<div class='flex_column av-aohc5-4bb914758896c20631f0a27a8f6072b0 av_one_fourth  avia-builder-el-2  el_before_av_one_half  avia-builder-el-first  first flex_column_div '     ><\/div><div class='flex_column av-eh86d-7e04d10a3fc4271a70a861059e2b5dca av_one_half  avia-builder-el-3  el_after_av_one_fourth  el_before_av_one_fourth  flex_column_div '     ><p>\n<style type=\"text\/css\" data-created_by=\"avia_inline_auto\" id=\"style-css-av-la9izamw-607dee148a4ca8866ac9b8fe99ce5b76\">\n#top .av_textblock_section.av-la9izamw-607dee148a4ca8866ac9b8fe99ce5b76 .avia_textblock{\ncolor:#ffffff;\ntext-align:center;\n}\n<\/style>\n<section  class='av_textblock_section av-la9izamw-607dee148a4ca8866ac9b8fe99ce5b76'  itemscope=\"itemscope\" itemtype=\"https:\/\/schema.org\/CreativeWork\" ><div class='avia_textblock av_inherit_color'  itemprop=\"text\" ><p>Lernstrategien sind die Grundlage f\u00fcr gutes Gelingen in der Schule. Solche Techniken sind aber nicht jedem Sch\u00fcler bekannt. Ich helfe Ihrem Kind Lernprozesse zu optimieren, so dass Lerninhalte einfacher gelernt werden k\u00f6nnen.<\/p>\n<\/div><\/section><br \/>\n\n<style type=\"text\/css\" data-created_by=\"avia_inline_auto\" id=\"style-css-av-lbgh2quy-4d7cbc993e7595100bc2604c17866fbb\">\n#top .hr.hr-invisible.av-lbgh2quy-4d7cbc993e7595100bc2604c17866fbb{\nheight:20px;\n}\n<\/style>\n<div  class='hr av-lbgh2quy-4d7cbc993e7595100bc2604c17866fbb hr-invisible  avia-builder-el-5  el_after_av_textblock  avia-builder-el-last '><span class='hr-inner '><span class=\"hr-inner-style\"><\/span><\/span><\/div><\/p><\/div><div class='flex_column av-la9iywow-6c0fd5e7e79f6fb94705e7fb8eba2602 av_one_fourth  avia-builder-el-6  el_after_av_one_half  el_before_av_one_third  flex_column_div '     ><\/div><div class='flex_column_table av-lt2mm-70959b61982e41b9aebf4a51b976eb51 sc-av_one_third av-equal-height-column-flextable'>\n<style type=\"text\/css\" data-created_by=\"avia_inline_auto\" id=\"style-css-av-lt2mm-70959b61982e41b9aebf4a51b976eb51\">\n@-webkit-keyframes av_boxShadowEffect_av-lt2mm-70959b61982e41b9aebf4a51b976eb51-column {\n0%   { box-shadow:  0 0 0 0 rgba(0,0,0,0.29); opacity: 1; }\n100% { box-shadow:  0 0 30px 0 rgba(0,0,0,0.29); opacity: 1; }\n}\n@keyframes av_boxShadowEffect_av-lt2mm-70959b61982e41b9aebf4a51b976eb51-column {\n0%   { box-shadow:  0 0 0 0 rgba(0,0,0,0.29); opacity: 1; }\n100% { box-shadow:  0 0 30px 0 rgba(0,0,0,0.29); opacity: 1; }\n}\n#top .flex_column_table.av-equal-height-column-flextable.av-lt2mm-70959b61982e41b9aebf4a51b976eb51{\nmargin-top:0px;\nmargin-bottom:0px;\n}\n.flex_column.av-lt2mm-70959b61982e41b9aebf4a51b976eb51{\nwidth:32%;\nmargin-left:0;\nbox-shadow: 0 0 30px 0 rgba(0,0,0,0.29);\npadding:8% 3% 5% 3%;\nbackground-color:#ffffff;\n}\n#top .flex_column_table.av-equal-height-column-flextable.av-lt2mm-70959b61982e41b9aebf4a51b976eb51 .av-flex-placeholder{\nwidth:2%;\n}\n<\/style>\n<div class='flex_column av-lt2mm-70959b61982e41b9aebf4a51b976eb51 av_one_third  avia-builder-el-7  el_after_av_one_fourth  el_before_av_one_third  first flex_column_table_cell av-equal-height-column av-align-top shadow-not-animated column-top-margin'     ><style type=\"text\/css\" data-created_by=\"avia_inline_auto\" id=\"style-css-av-la9hv99d-31c6cb2eb5eae2a5a04502451a709d4b\">\n#top .avia-icon-list-container.av-la9hv99d-31c6cb2eb5eae2a5a04502451a709d4b .iconlist_icon{\ncolor:#ffffff;\nbackground-color:#2086c2;\nfont-size:16px;\n}\n#top #wrap_all .avia-icon-list-container.av-la9hv99d-31c6cb2eb5eae2a5a04502451a709d4b .av_iconlist_title{\nfont-size:16px;\n}\n<\/style>\n<div  class='avia-icon-list-container av-la9hv99d-31c6cb2eb5eae2a5a04502451a709d4b  avia-builder-el-8  avia-builder-el-no-sibling '><ul class='avia-icon-list avia_animate_when_almost_visible avia-icon-list-left av-iconlist-small av-la9hv99d-31c6cb2eb5eae2a5a04502451a709d4b avia-iconlist-animate'>\n<li><div class='iconlist_icon av-la9huzto-dbcc16e507ee95af53e631aa1194aa9c avia-font-entypo-fontello'><span class='iconlist-char' aria-hidden='true' data-av_icon='\ue812' data-av_iconfont='entypo-fontello'><\/span><\/div><article class=\"article-icon-entry av-iconlist-empty\"  itemscope=\"itemscope\" itemtype=\"https:\/\/schema.org\/CreativeWork\" ><div class=\"iconlist_content_wrap\"><header class=\"entry-content-header\"><div class='av_iconlist_title iconlist_title_small  '  itemprop=\"headline\" >Motivationsf\u00f6rderung<\/div><\/header><div class='iconlist_content '  itemprop=\"text\" ><\/div><\/div><footer class=\"entry-footer\"><\/footer><\/article><div class=\"iconlist-timeline\"><\/div><\/li>\n<\/ul><\/div><\/div><div class='av-flex-placeholder'><\/div>\n<style type=\"text\/css\" data-created_by=\"avia_inline_auto\" id=\"style-css-av-e61e6-883a126937d5458dd2b2a9723241136e\">\n@-webkit-keyframes av_boxShadowEffect_av-e61e6-883a126937d5458dd2b2a9723241136e-column {\n0%   { box-shadow:  0 0 0 0 rgba(0,0,0,0.29); opacity: 1; }\n100% { box-shadow:  0 0 30px 0 rgba(0,0,0,0.29); opacity: 1; }\n}\n@keyframes av_boxShadowEffect_av-e61e6-883a126937d5458dd2b2a9723241136e-column {\n0%   { box-shadow:  0 0 0 0 rgba(0,0,0,0.29); opacity: 1; }\n100% { box-shadow:  0 0 30px 0 rgba(0,0,0,0.29); opacity: 1; }\n}\n#top .flex_column_table.av-equal-height-column-flextable.av-e61e6-883a126937d5458dd2b2a9723241136e{\nmargin-top:0px;\nmargin-bottom:0px;\n}\n.flex_column.av-e61e6-883a126937d5458dd2b2a9723241136e{\nwidth:32%;\nmargin-left:0;\nbox-shadow: 0 0 30px 0 rgba(0,0,0,0.29);\npadding:8% 3% 5% 3%;\nbackground-color:#ffffff;\n}\n#top .flex_column_table.av-equal-height-column-flextable.av-e61e6-883a126937d5458dd2b2a9723241136e .av-flex-placeholder{\nwidth:2%;\n}\n<\/style>\n<div class='flex_column av-e61e6-883a126937d5458dd2b2a9723241136e av_one_third  avia-builder-el-9  el_after_av_one_third  el_before_av_one_third  flex_column_table_cell av-equal-height-column av-align-top shadow-not-animated column-top-margin'     ><style type=\"text\/css\" data-created_by=\"avia_inline_auto\" id=\"style-css-av-13ckjo-6957ad020c886f1217fa660ec108300c\">\n#top .avia-icon-list-container.av-13ckjo-6957ad020c886f1217fa660ec108300c .iconlist_icon{\ncolor:#ffffff;\nbackground-color:#2086c2;\nfont-size:16px;\n}\n#top #wrap_all .avia-icon-list-container.av-13ckjo-6957ad020c886f1217fa660ec108300c .av_iconlist_title{\nfont-size:16px;\n}\n<\/style>\n<div  class='avia-icon-list-container av-13ckjo-6957ad020c886f1217fa660ec108300c  avia-builder-el-10  avia-builder-el-no-sibling '><ul class='avia-icon-list avia_animate_when_almost_visible avia-icon-list-left av-iconlist-small av-13ckjo-6957ad020c886f1217fa660ec108300c avia-iconlist-animate'>\n<li><div class='iconlist_icon av-3dn9g-0a14758914c48475828d0bbcb5c110e2 avia-font-entypo-fontello'><span class='iconlist-char' aria-hidden='true' data-av_icon='\ue812' data-av_iconfont='entypo-fontello'><\/span><\/div><article class=\"article-icon-entry av-iconlist-empty\"  itemscope=\"itemscope\" itemtype=\"https:\/\/schema.org\/CreativeWork\" ><div class=\"iconlist_content_wrap\"><header class=\"entry-content-header\"><div class='av_iconlist_title iconlist_title_small  '  itemprop=\"headline\" >Hilfe in der Organisation<\/div><\/header><div class='iconlist_content '  itemprop=\"text\" ><\/div><\/div><footer class=\"entry-footer\"><\/footer><\/article><div class=\"iconlist-timeline\"><\/div><\/li>\n<\/ul><\/div><\/div><div class='av-flex-placeholder'><\/div>\n<style type=\"text\/css\" data-created_by=\"avia_inline_auto\" id=\"style-css-av-9xh3y-e9b339cba5f7975ad6cf0403ca4b5175\">\n@-webkit-keyframes av_boxShadowEffect_av-9xh3y-e9b339cba5f7975ad6cf0403ca4b5175-column {\n0%   { box-shadow:  0 0 0 0 rgba(0,0,0,0.29); opacity: 1; }\n100% { box-shadow:  0 0 30px 0 rgba(0,0,0,0.29); opacity: 1; }\n}\n@keyframes av_boxShadowEffect_av-9xh3y-e9b339cba5f7975ad6cf0403ca4b5175-column {\n0%   { box-shadow:  0 0 0 0 rgba(0,0,0,0.29); opacity: 1; }\n100% { box-shadow:  0 0 30px 0 rgba(0,0,0,0.29); opacity: 1; }\n}\n#top .flex_column_table.av-equal-height-column-flextable.av-9xh3y-e9b339cba5f7975ad6cf0403ca4b5175{\nmargin-top:0px;\nmargin-bottom:0px;\n}\n.flex_column.av-9xh3y-e9b339cba5f7975ad6cf0403ca4b5175{\nwidth:32%;\nmargin-left:0;\nbox-shadow: 0 0 30px 0 rgba(0,0,0,0.29);\npadding:8% 3% 5% 3%;\nbackground-color:#ffffff;\n}\n#top .flex_column_table.av-equal-height-column-flextable.av-9xh3y-e9b339cba5f7975ad6cf0403ca4b5175 .av-flex-placeholder{\nwidth:2%;\n}\n<\/style>\n<div class='flex_column av-9xh3y-e9b339cba5f7975ad6cf0403ca4b5175 av_one_third  avia-builder-el-11  el_after_av_one_third  avia-builder-el-last  flex_column_table_cell av-equal-height-column av-align-top shadow-not-animated column-top-margin'     ><style type=\"text\/css\" data-created_by=\"avia_inline_auto\" id=\"style-css-av-l7uv0-71bf52c452fa0f9461087e7d722f7991\">\n#top .avia-icon-list-container.av-l7uv0-71bf52c452fa0f9461087e7d722f7991 .iconlist_icon{\ncolor:#ffffff;\nbackground-color:#2086c2;\nfont-size:16px;\n}\n#top #wrap_all .avia-icon-list-container.av-l7uv0-71bf52c452fa0f9461087e7d722f7991 .av_iconlist_title{\nfont-size:16px;\n}\n<\/style>\n<div  class='avia-icon-list-container av-l7uv0-71bf52c452fa0f9461087e7d722f7991  avia-builder-el-12  avia-builder-el-no-sibling '><ul class='avia-icon-list avia_animate_when_almost_visible avia-icon-list-left av-iconlist-small av-l7uv0-71bf52c452fa0f9461087e7d722f7991 avia-iconlist-animate'>\n<li><div class='iconlist_icon av-ewusk-0cc6cb00ee426ac9e812e6a4c3e3341f avia-font-entypo-fontello'><span class='iconlist-char' aria-hidden='true' data-av_icon='\ue812' data-av_iconfont='entypo-fontello'><\/span><\/div><article class=\"article-icon-entry av-iconlist-empty\"  itemscope=\"itemscope\" itemtype=\"https:\/\/schema.org\/CreativeWork\" ><div class=\"iconlist_content_wrap\"><header class=\"entry-content-header\"><div class='av_iconlist_title iconlist_title_small  '  itemprop=\"headline\" >Erstellen eines Lern- und Stundenplans<\/div><\/header><div class='iconlist_content '  itemprop=\"text\" ><\/div><\/div><footer class=\"entry-footer\"><\/footer><\/article><div class=\"iconlist-timeline\"><\/div><\/li>\n<li><div class='iconlist_icon av-lfzh4sdu-f083955267c59ff6064659f9a57708bd avia-font-entypo-fontello'><span class='iconlist-char' aria-hidden='true' data-av_icon='\ue812' data-av_iconfont='entypo-fontello'><\/span><\/div><article class=\"article-icon-entry av-iconlist-empty\"  itemscope=\"itemscope\" itemtype=\"https:\/\/schema.org\/CreativeWork\" ><div class=\"iconlist_content_wrap\"><header class=\"entry-content-header\"><div class='av_iconlist_title iconlist_title_small  '  itemprop=\"headline\" >Lerntyp<\/div><\/header><div class='iconlist_content '  itemprop=\"text\" ><\/div><\/div><footer class=\"entry-footer\"><\/footer><\/article><div class=\"iconlist-timeline\"><\/div><\/li>\n<\/ul><\/div><\/div><\/div><!--close column table wrapper. Autoclose: 1 -->\n<\/div><\/div><\/div><!-- close content main div --><\/div><\/div><div id='after_section_1'  class='main_color av_default_container_wrap container_wrap sidebar_right'  ><div class='container av-section-cont-open' ><div class='template-page content  av-content-small alpha units'><div class='post-entry post-entry-type-page post-entry-524'><div class='entry-content-wrapper clearfix'>\n","protected":false},"excerpt":{"rendered":"","protected":false},"author":1,"featured_media":0,"parent":212,"menu_order":30,"comment_status":"closed","ping_status":"closed","template":"","meta":{"footnotes":""},"class_list":["post-524","page","type-page","status-publish","hentry"],"_links":{"self":[{"href":"https:\/\/www.isabellapivetta.com\/de\/wp-json\/wp\/v2\/pages\/524","targetHints":{"allow":["GET"]}}],"collection":[{"href":"https:\/\/www.isabellapivetta.com\/de\/wp-json\/wp\/v2\/pages"}],"about":[{"href":"https:\/\/www.isabellapivetta.com\/de\/wp-json\/wp\/v2\/types\/page"}],"author":[{"embeddable":true,"href":"https:\/\/www.isabellapivetta.com\/de\/wp-json\/wp\/v2\/users\/1"}],"replies":[{"embeddable":true,"href":"https:\/\/www.isabellapivetta.com\/de\/wp-json\/wp\/v2\/comments?post=524"}],"version-history":[{"count":19,"href":"https:\/\/www.isabellapivetta.com\/de\/wp-json\/wp\/v2\/pages\/524\/revisions"}],"predecessor-version":[{"id":848,"href":"https:\/\/www.isabellapivetta.com\/de\/wp-json\/wp\/v2\/pages\/524\/revisions\/848"}],"up":[{"embeddable":true,"href":"https:\/\/www.isabellapivetta.com\/de\/wp-json\/wp\/v2\/pages\/212"}],"wp:attachment":[{"href":"https:\/\/www.isabellapivetta.com\/de\/wp-json\/wp\/v2\/media?parent=524"}],"curies":[{"name":"wp","href":"https:\/\/api.w.org\/{rel}","templated":true}]}}