{"id":529,"date":"2022-12-09T12:25:33","date_gmt":"2022-12-09T11:25:33","guid":{"rendered":"https:\/\/isabellapivetta.qyjojuze.cyon.site\/?page_id=529"},"modified":"2023-04-03T15:46:31","modified_gmt":"2023-04-03T13:46:31","slug":"nachhilfe","status":"publish","type":"page","link":"https:\/\/www.isabellapivetta.com\/de\/leistungen\/nachhilfe\/","title":{"rendered":"Nachhilfe"},"content":{"rendered":"<div id='full_slider_1'  class='avia-fullwidth-slider main_color avia-shadow   avia-builder-el-0  el_before_av_section  avia-builder-el-first   container_wrap sidebar_right'  >\n<style type=\"text\/css\" data-created_by=\"avia_inline_auto\" id=\"style-css-av-l92m77r9-d3f945a18c29ec4b321080bae9c92722\">\n#top #wrap_all .avia-slideshow .av-slideshow-caption.av-l92m77r9-d3f945a18c29ec4b321080bae9c92722__0 .avia-caption-title{\ncolor:#ffffff;\n}\n#top .avia-slideshow .av-slideshow-caption.av-l92m77r9-d3f945a18c29ec4b321080bae9c92722__0 .avia-caption-content{\nfont-size:20px;\n}\n#top .avia-slideshow .av-slideshow-caption.av-l92m77r9-d3f945a18c29ec4b321080bae9c92722__0 .avia-caption-content p{\nfont-size:20px;\n}\n\n@media only screen and (min-width: 480px) and (max-width: 767px){ \n#top .avia-slideshow .av-slideshow-caption.av-l92m77r9-d3f945a18c29ec4b321080bae9c92722__0 .avia-caption-content{\nfont-size:18px;\n}\n#top .avia-slideshow .av-slideshow-caption.av-l92m77r9-d3f945a18c29ec4b321080bae9c92722__0 .avia-caption-content p{\nfont-size:18px;\n}\n}\n\n@media only screen and (max-width: 479px){ \n#top .avia-slideshow .av-slideshow-caption.av-l92m77r9-d3f945a18c29ec4b321080bae9c92722__0 .avia-caption-content{\nfont-size:18px;\n}\n#top .avia-slideshow .av-slideshow-caption.av-l92m77r9-d3f945a18c29ec4b321080bae9c92722__0 .avia-caption-content p{\nfont-size:18px;\n}\n}\n<\/style>\n<div  class='avia-slideshow av-l92m77r9-d3f945a18c29ec4b321080bae9c92722 avia-slideshow-featured av_slideshow_full avia-fade-slider av-slideshow-ui av-control-minimal av-hide-nav-arrows av-slideshow-manual av-loop-once av-loop-manual-endless av-default-height-applied   avia-slideshow-1' data-slideshow-options=\"{&quot;animation&quot;:&quot;fade&quot;,&quot;autoplay&quot;:false,&quot;loop_autoplay&quot;:&quot;once&quot;,&quot;interval&quot;:5,&quot;loop_manual&quot;:&quot;manual-endless&quot;,&quot;autoplay_stopper&quot;:false,&quot;noNavigation&quot;:false,&quot;bg_slider&quot;:false,&quot;keep_padding&quot;:false,&quot;hoverpause&quot;:false,&quot;show_slide_delay&quot;:0}\"  itemprop=\"image\" itemscope=\"itemscope\" itemtype=\"https:\/\/schema.org\/ImageObject\" ><ul class='avia-slideshow-inner ' style='padding-bottom: 28.666666666667%;'><li  class='avia-slideshow-slide av-l92m77r9-d3f945a18c29ec4b321080bae9c92722__0  av-single-slide slide-1 slide-odd'><div data-rel='slideshow-1' class='avia-slide-wrap '   ><div class='av-slideshow-caption av-l92m77r9-d3f945a18c29ec4b321080bae9c92722__0 caption_fullwidth caption_left'><div class=\"container caption_container\"><div class=\"slideshow_caption\"><div class=\"slideshow_inner_caption\"><div class=\"slideshow_align_caption\"><h1 class='avia-caption-title '  itemprop=\"name\" >Nachhilfe<\/h1><div class='avia-caption-content av_inherit_color'  itemprop=\"description\" ><p>Onlinef\u00f6rderung f\u00fcr Kinder durch Nachhilfe<\/p>\n<\/div><a href='https:\/\/www.isabellapivetta.com\/de\/kontakt\/'  class='avia-slideshow-button avia-button avia-color-theme-color ' data-duration='800' data-easing='easeInOutQuad'>Jetzt Termin vereinbaren<\/a><\/div><\/div><\/div><\/div><\/div><img decoding=\"async\" class=\"wp-image-750 avia-img-lazy-loading-not-750\"  src=\"https:\/\/www.isabellapivetta.com\/wp-content\/uploads\/2023\/02\/pexels-august-de-richelieu-4260477-scaled-e1676647979560-1500x430.jpg\" width=\"1500\" height=\"430\" title='pexels-august-de-richelieu-4260477' alt=''  itemprop=\"thumbnailUrl\"  style='min-height:380px; min-width:1326px; ' \/><\/div><\/li><\/ul><\/div><\/div>\n\n<style type=\"text\/css\" data-created_by=\"avia_inline_auto\" id=\"style-css-av-51ry-838280882be9a70a3a5dcc64b6f95c6c\">\n.avia-section.av-51ry-838280882be9a70a3a5dcc64b6f95c6c{\nbackground-repeat:repeat;\nbackground-image:url(https:\/\/www.isabellapivetta.com\/wp-content\/uploads\/2022\/10\/bg_section.png);\nbackground-position:0% 0%;\nbackground-attachment:scroll;\n}\n<\/style>\n<div id='av_section_1'  class='avia-section av-51ry-838280882be9a70a3a5dcc64b6f95c6c alternate_color avia-section-huge avia-no-border-styling  avia-builder-el-1  el_after_av_slideshow_full  avia-builder-el-last  avia-bg-style-scroll container_wrap sidebar_right'  data-section-bg-repeat='repeat'><div class='container av-section-cont-open' ><div class='template-page content  av-content-small alpha units'><div class='post-entry post-entry-type-page post-entry-529'><div class='entry-content-wrapper clearfix'>\n<div class='flex_column av-es8m-434802f289795b6c7d3dac8d4bef15a4 av_one_full  avia-builder-el-2  avia-builder-el-no-sibling  first flex_column_div '     ><p>\n<style type=\"text\/css\" data-created_by=\"avia_inline_auto\" id=\"style-css-av-l92nf5gs-4a602baffb9cec4455543e83acda0264\">\n#top .av-special-heading.av-l92nf5gs-4a602baffb9cec4455543e83acda0264{\npadding-bottom:60px;\n}\nbody .av-special-heading.av-l92nf5gs-4a602baffb9cec4455543e83acda0264 .av-special-heading-tag .heading-char{\nfont-size:25px;\n}\n.av-special-heading.av-l92nf5gs-4a602baffb9cec4455543e83acda0264 .av-subheading{\nfont-size:15px;\n}\n<\/style>\n<div  class='av-special-heading av-l92nf5gs-4a602baffb9cec4455543e83acda0264 av-special-heading-h2 blockquote modern-quote  avia-builder-el-3  el_before_av_textblock  avia-builder-el-first '><h2 class='av-special-heading-tag'  itemprop=\"headline\"  >Informationen <\/h2><div class=\"special-heading-border\"><div class=\"special-heading-inner-border\"><\/div><\/div><\/div><br \/>\n<section  class='av_textblock_section av-21y78-49e8e390cd9803346aea270eda566d91'  itemscope=\"itemscope\" itemtype=\"https:\/\/schema.org\/CreativeWork\" ><div class='avia_textblock'  itemprop=\"text\" ><p>Deutsch DAF\/DAZ (Deutsch als Fremdsprache\/Zusatzsprache) f\u00fcr Grundsch\u00fcler und Oberstufensch\u00fcler, Lese- und Rechtschreibschw\u00e4che<\/p>\n<p>Franz\u00f6sisch sowohl f\u00fcr Grundsch\u00fcler als auch Oberschulklassen, Vorbereitung auf die offiziellen Franz\u00f6sischpr\u00fcfungen DELF B1 und DELF B2 m\u00f6glich<\/p>\n<\/div><\/section><\/p><\/div><\/div><\/div><\/div><!-- close content main div --><\/div><\/div><div id='after_section_1'  class='main_color av_default_container_wrap container_wrap sidebar_right'  ><div class='container av-section-cont-open' ><div class='template-page content  av-content-small alpha units'><div class='post-entry post-entry-type-page post-entry-529'><div class='entry-content-wrapper clearfix'>\n","protected":false},"excerpt":{"rendered":"","protected":false},"author":1,"featured_media":0,"parent":212,"menu_order":40,"comment_status":"closed","ping_status":"closed","template":"","meta":{"footnotes":""},"class_list":["post-529","page","type-page","status-publish","hentry"],"_links":{"self":[{"href":"https:\/\/www.isabellapivetta.com\/de\/wp-json\/wp\/v2\/pages\/529","targetHints":{"allow":["GET"]}}],"collection":[{"href":"https:\/\/www.isabellapivetta.com\/de\/wp-json\/wp\/v2\/pages"}],"about":[{"href":"https:\/\/www.isabellapivetta.com\/de\/wp-json\/wp\/v2\/types\/page"}],"author":[{"embeddable":true,"href":"https:\/\/www.isabellapivetta.com\/de\/wp-json\/wp\/v2\/users\/1"}],"replies":[{"embeddable":true,"href":"https:\/\/www.isabellapivetta.com\/de\/wp-json\/wp\/v2\/comments?post=529"}],"version-history":[{"count":11,"href":"https:\/\/www.isabellapivetta.com\/de\/wp-json\/wp\/v2\/pages\/529\/revisions"}],"predecessor-version":[{"id":915,"href":"https:\/\/www.isabellapivetta.com\/de\/wp-json\/wp\/v2\/pages\/529\/revisions\/915"}],"up":[{"embeddable":true,"href":"https:\/\/www.isabellapivetta.com\/de\/wp-json\/wp\/v2\/pages\/212"}],"wp:attachment":[{"href":"https:\/\/www.isabellapivetta.com\/de\/wp-json\/wp\/v2\/media?parent=529"}],"curies":[{"name":"wp","href":"https:\/\/api.w.org\/{rel}","templated":true}]}}