{"id":670,"date":"2023-02-17T11:28:43","date_gmt":"2023-02-17T10:28:43","guid":{"rendered":"https:\/\/isabellapivetta.qyjojuze.cyon.site\/?page_id=670"},"modified":"2024-01-21T17:34:19","modified_gmt":"2024-01-21T16:34:19","slug":"marburger-konzentrationstraining","status":"publish","type":"page","link":"https:\/\/www.isabellapivetta.com\/de\/leistungen\/marburger-konzentrationstraining\/","title":{"rendered":"Marburger Konzentrationstraining"},"content":{"rendered":"<div id='full_slider_1'  class='avia-fullwidth-slider main_color avia-shadow   avia-builder-el-0  el_before_av_section  avia-builder-el-first   container_wrap sidebar_right'  >\n<style type=\"text\/css\" data-created_by=\"avia_inline_auto\" id=\"style-css-av-le8nn14k-4d45e4bdef398b39c130a01141b57148\">\n#top #wrap_all .avia-slideshow .av-slideshow-caption.av-le8nn14k-4d45e4bdef398b39c130a01141b57148__0 .avia-caption-title{\nfont-size:42px;\ncolor:#ffffff;\n}\n#top .avia-slideshow .av-slideshow-caption.av-le8nn14k-4d45e4bdef398b39c130a01141b57148__0 .avia-caption-content{\nfont-size:10px;\n}\n#top .avia-slideshow .av-slideshow-caption.av-le8nn14k-4d45e4bdef398b39c130a01141b57148__0 .avia-caption-content p{\nfont-size:10px;\n}\n\n@media only screen and (min-width: 480px) and (max-width: 767px){ \n#top .avia-slideshow .av-slideshow-caption.av-le8nn14k-4d45e4bdef398b39c130a01141b57148__0 .avia-caption-content{\nfont-size:18px;\n}\n#top .avia-slideshow .av-slideshow-caption.av-le8nn14k-4d45e4bdef398b39c130a01141b57148__0 .avia-caption-content p{\nfont-size:18px;\n}\n}\n\n@media only screen and (max-width: 479px){ \n#top .avia-slideshow .av-slideshow-caption.av-le8nn14k-4d45e4bdef398b39c130a01141b57148__0 .avia-caption-content{\nfont-size:18px;\n}\n#top .avia-slideshow .av-slideshow-caption.av-le8nn14k-4d45e4bdef398b39c130a01141b57148__0 .avia-caption-content p{\nfont-size:18px;\n}\n}\n<\/style>\n<div  class='avia-slideshow av-le8nn14k-4d45e4bdef398b39c130a01141b57148 avia-slideshow-featured av_slideshow_full avia-fade-slider av-slideshow-ui av-control-minimal av-hide-nav-arrows av-slideshow-manual av-loop-once av-loop-manual-endless av-default-height-applied   avia-slideshow-1' data-slideshow-options=\"{&quot;animation&quot;:&quot;fade&quot;,&quot;autoplay&quot;:false,&quot;loop_autoplay&quot;:&quot;once&quot;,&quot;interval&quot;:5,&quot;loop_manual&quot;:&quot;manual-endless&quot;,&quot;autoplay_stopper&quot;:false,&quot;noNavigation&quot;:false,&quot;bg_slider&quot;:false,&quot;keep_padding&quot;:false,&quot;hoverpause&quot;:false,&quot;show_slide_delay&quot;:0}\"  itemprop=\"image\" itemscope=\"itemscope\" itemtype=\"https:\/\/schema.org\/ImageObject\" ><ul class='avia-slideshow-inner ' style='padding-bottom: 28.666666666667%;'><li  class='avia-slideshow-slide av-le8nn14k-4d45e4bdef398b39c130a01141b57148__0  av-single-slide slide-1 slide-odd'><div data-rel='slideshow-1' class='avia-slide-wrap '   ><div class='av-slideshow-caption av-le8nn14k-4d45e4bdef398b39c130a01141b57148__0 caption_fullwidth caption_left'><div class=\"container caption_container\"><div class=\"slideshow_caption\"><div class=\"slideshow_inner_caption\"><div class=\"slideshow_align_caption\"><h1 class='avia-caption-title '  itemprop=\"name\" >Marburger Konzentrationstraining (MKT)<\/h1><br\/><a href='https:\/\/www.isabellapivetta.com\/de\/kontakt\/'  class='avia-slideshow-button avia-button avia-color-theme-color ' data-duration='800' data-easing='easeInOutQuad'>Jetzt Termin vereinbaren<\/a><\/div><\/div><\/div><\/div><\/div><img decoding=\"async\" class=\"wp-image-629 avia-img-lazy-loading-not-629\"  src=\"https:\/\/www.isabellapivetta.com\/wp-content\/uploads\/2023\/02\/santi-vedri-O5EMzfdxedg-unsplash-1500x430.jpg\" width=\"1500\" height=\"430\" title='santi-vedri-O5EMzfdxedg-unsplash' alt=''  itemprop=\"thumbnailUrl\"  style='min-height:380px; min-width:1326px; ' \/><\/div><\/li><\/ul><\/div><\/div>\n\n<style type=\"text\/css\" data-created_by=\"avia_inline_auto\" id=\"style-css-av-hp58u-aa1006841640eb12798c29f511785143\">\n.avia-section.av-hp58u-aa1006841640eb12798c29f511785143{\nbackground-repeat:repeat;\nbackground-image:url(https:\/\/www.isabellapivetta.com\/wp-content\/uploads\/2022\/10\/bg_section.png);\nbackground-position:0% 0%;\nbackground-attachment:scroll;\n}\n<\/style>\n<div id='av_section_1'  class='avia-section av-hp58u-aa1006841640eb12798c29f511785143 alternate_color avia-section-huge avia-no-border-styling  avia-builder-el-1  el_after_av_slideshow_full  el_before_av_section  avia-bg-style-scroll container_wrap sidebar_right'  data-section-bg-repeat='repeat'><div class='container av-section-cont-open' ><div class='template-page content  av-content-small alpha units'><div class='post-entry post-entry-type-page post-entry-670'><div class='entry-content-wrapper clearfix'>\n<div class='flex_column av-4q254e-c444c7953e1896d0281271df32982b3b av_one_full  avia-builder-el-2  avia-builder-el-no-sibling  first flex_column_div '     ><p>\n<style type=\"text\/css\" data-created_by=\"avia_inline_auto\" id=\"style-css-av-gheee-028b086757a17c880dd131811b53f247\">\n#top .av-special-heading.av-gheee-028b086757a17c880dd131811b53f247{\npadding-bottom:60px;\n}\nbody .av-special-heading.av-gheee-028b086757a17c880dd131811b53f247 .av-special-heading-tag .heading-char{\nfont-size:25px;\n}\n.av-special-heading.av-gheee-028b086757a17c880dd131811b53f247 .av-subheading{\nfont-size:15px;\n}\n<\/style>\n<div  class='av-special-heading av-gheee-028b086757a17c880dd131811b53f247 av-special-heading-h2 blockquote modern-quote  avia-builder-el-3  el_before_av_textblock  avia-builder-el-first '><h2 class='av-special-heading-tag'  itemprop=\"headline\"  >Was ist das MKT?<\/h2><div class=\"special-heading-border\"><div class=\"special-heading-inner-border\"><\/div><\/div><\/div><br \/>\n<section  class='av_textblock_section av-4d9cdy-560c462c09b6d7c95400a724aaca6bb5'  itemscope=\"itemscope\" itemtype=\"https:\/\/schema.org\/CreativeWork\" ><div class='avia_textblock'  itemprop=\"text\" ><p>Das Marburger Konzentrationstraining (MKT) ist ein strukturiertes und standardisiertes Trainingsprogramm zur Verbesserung der Konzentrationsf\u00e4higkeit und Aufmerksamkeit von Kindern und Jugendlichen. Es wurde bereits in zahlreichen Studien untersucht und hat sich als wirksam erwiesen, insbesondere bei Kindern mit Aufmerksamkeitsdefiziten oder Hyperaktivit\u00e4tsst\u00f6rung (ADHS) sowie auch Lerndefiziten.<\/p>\n<\/div><\/section><\/p><\/div>\n\n<\/div><\/div><\/div><!-- close content main div --><\/div><\/div>\n<style type=\"text\/css\" data-created_by=\"avia_inline_auto\" id=\"style-css-av-4751ty-bb43aa339d679ae332b246b1a103cd25\">\n.avia-section.av-4751ty-bb43aa339d679ae332b246b1a103cd25{\nbackground-color:#114768;\nbackground-image:unset;\nmargin-bottom:100px;\n}\n<\/style>\n<div id='av_section_2'  class='avia-section av-4751ty-bb43aa339d679ae332b246b1a103cd25 main_color avia-section-default avia-no-border-styling  avia-builder-el-5  el_after_av_section  avia-builder-el-last  avia-bg-style-scroll container_wrap sidebar_right'  ><div class='container av-section-cont-open' ><div class='template-page content  av-content-small alpha units'><div class='post-entry post-entry-type-page post-entry-670'><div class='entry-content-wrapper clearfix'>\n<div class='flex_column av-405ak6-7b663b908a0224a26d18075fbf73f60f av_one_full  avia-builder-el-6  el_before_av_one_third  avia-builder-el-first  first flex_column_div '     ><style type=\"text\/css\" data-created_by=\"avia_inline_auto\" id=\"style-css-av-3ya8za-fdca81bffdf567d1c18dde3b3b1a7375\">\n#top .av-special-heading.av-3ya8za-fdca81bffdf567d1c18dde3b3b1a7375{\npadding-bottom:60px;\ncolor:#ffffff;\n}\nbody .av-special-heading.av-3ya8za-fdca81bffdf567d1c18dde3b3b1a7375 .av-special-heading-tag .heading-char{\nfont-size:25px;\n}\n.av-special-heading.av-3ya8za-fdca81bffdf567d1c18dde3b3b1a7375 .special-heading-inner-border{\nborder-color:#ffffff;\n}\n.av-special-heading.av-3ya8za-fdca81bffdf567d1c18dde3b3b1a7375 .av-subheading{\nfont-size:15px;\n}\n<\/style>\n<div  class='av-special-heading av-3ya8za-fdca81bffdf567d1c18dde3b3b1a7375 av-special-heading-h3 custom-color-heading blockquote modern-quote modern-centered  avia-builder-el-7  avia-builder-el-no-sibling '><h3 class='av-special-heading-tag'  itemprop=\"headline\"  >Therapieinhalt und -ablauf<\/h3><div class=\"special-heading-border\"><div class=\"special-heading-inner-border\"><\/div><\/div><\/div><\/div><div class='flex_column_table av-3qepf2-2eed394ebcce4672ff937a4a3fa1d71b sc-av_one_third av-equal-height-column-flextable'>\n<style type=\"text\/css\" data-created_by=\"avia_inline_auto\" id=\"style-css-av-3qepf2-2eed394ebcce4672ff937a4a3fa1d71b\">\n@-webkit-keyframes av_boxShadowEffect_av-3qepf2-2eed394ebcce4672ff937a4a3fa1d71b-column {\n0%   { box-shadow:  0 0 0 0 rgba(0,0,0,0.29); opacity: 1; }\n100% { box-shadow:  0 0 30px 0 rgba(0,0,0,0.29); opacity: 1; }\n}\n@keyframes av_boxShadowEffect_av-3qepf2-2eed394ebcce4672ff937a4a3fa1d71b-column {\n0%   { box-shadow:  0 0 0 0 rgba(0,0,0,0.29); opacity: 1; }\n100% { box-shadow:  0 0 30px 0 rgba(0,0,0,0.29); opacity: 1; }\n}\n#top .flex_column_table.av-equal-height-column-flextable.av-3qepf2-2eed394ebcce4672ff937a4a3fa1d71b{\nmargin-top:0px;\nmargin-bottom:0px;\n}\n.flex_column.av-3qepf2-2eed394ebcce4672ff937a4a3fa1d71b{\nwidth:32%;\nmargin-left:0;\nbox-shadow: 0 0 30px 0 rgba(0,0,0,0.29);\npadding:8% 3% 5% 3%;\nbackground-color:#ffffff;\n}\n#top .flex_column_table.av-equal-height-column-flextable.av-3qepf2-2eed394ebcce4672ff937a4a3fa1d71b .av-flex-placeholder{\nwidth:2%;\n}\n<\/style>\n<div class='flex_column av-3qepf2-2eed394ebcce4672ff937a4a3fa1d71b av_one_third  avia-builder-el-8  el_after_av_one_full  el_before_av_one_third  first flex_column_table_cell av-equal-height-column av-align-top shadow-not-animated column-top-margin'     ><style type=\"text\/css\" data-created_by=\"avia_inline_auto\" id=\"style-css-av-3hxeoe-c585cb945829da399537d2f79a76c620\">\n#top .avia-icon-list-container.av-3hxeoe-c585cb945829da399537d2f79a76c620 .iconlist_icon{\ncolor:#ffffff;\nbackground-color:#40a8e4;\nfont-size:16px;\n}\n#top #wrap_all .avia-icon-list-container.av-3hxeoe-c585cb945829da399537d2f79a76c620 .av_iconlist_title{\nfont-size:16px;\n}\n<\/style>\n<div  class='avia-icon-list-container av-3hxeoe-c585cb945829da399537d2f79a76c620  avia-builder-el-9  avia-builder-el-no-sibling '><ul class='avia-icon-list avia_animate_when_almost_visible avia-icon-list-left av-iconlist-small av-3hxeoe-c585cb945829da399537d2f79a76c620 avia-iconlist-animate'>\n<li><div class='iconlist_icon av-17vzq-ce173841649f40c5111b8c0e31c79dad avia-font-entypo-fontello'><span class='iconlist-char' aria-hidden='true' data-av_icon='\ue812' data-av_iconfont='entypo-fontello'><\/span><\/div><article class=\"article-icon-entry av-iconlist-empty\"  itemscope=\"itemscope\" itemtype=\"https:\/\/schema.org\/CreativeWork\" ><div class=\"iconlist_content_wrap\"><header class=\"entry-content-header\"><div class='av_iconlist_title iconlist_title_small  '  itemprop=\"headline\" >Umfassende Elternberatung<\/div><\/header><div class='iconlist_content '  itemprop=\"text\" ><\/div><\/div><footer class=\"entry-footer\"><\/footer><\/article><div class=\"iconlist-timeline\"><\/div><\/li>\n<li><div class='iconlist_icon av-3anq5i-4034289d280dab1e2ee89410db5794ec avia-font-entypo-fontello'><span class='iconlist-char' aria-hidden='true' data-av_icon='\ue812' data-av_iconfont='entypo-fontello'><\/span><\/div><article class=\"article-icon-entry av-iconlist-empty\"  itemscope=\"itemscope\" itemtype=\"https:\/\/schema.org\/CreativeWork\" ><div class=\"iconlist_content_wrap\"><header class=\"entry-content-header\"><div class='av_iconlist_title iconlist_title_small  '  itemprop=\"headline\" >Entwicklungsverlauf<\/div><\/header><div class='iconlist_content '  itemprop=\"text\" ><\/div><\/div><footer class=\"entry-footer\"><\/footer><\/article><div class=\"iconlist-timeline\"><\/div><\/li>\n<li><div class='iconlist_icon av-332hqe-3af353ff415c53eba3a95329180bfe2d avia-font-entypo-fontello'><span class='iconlist-char' aria-hidden='true' data-av_icon='\ue812' data-av_iconfont='entypo-fontello'><\/span><\/div><article class=\"article-icon-entry av-iconlist-empty\"  itemscope=\"itemscope\" itemtype=\"https:\/\/schema.org\/CreativeWork\" ><div class=\"iconlist_content_wrap\"><header class=\"entry-content-header\"><div class='av_iconlist_title iconlist_title_small  '  itemprop=\"headline\" >Welche Schwierigkeiten liegen vor<\/div><\/header><div class='iconlist_content '  itemprop=\"text\" ><\/div><\/div><footer class=\"entry-footer\"><\/footer><\/article><div class=\"iconlist-timeline\"><\/div><\/li>\n<\/ul><\/div><\/div><div class='av-flex-placeholder'><\/div>\n<style type=\"text\/css\" data-created_by=\"avia_inline_auto\" id=\"style-css-av-2ynr86-9f750dd1e9e92939dd2aee5ee867104c\">\n@-webkit-keyframes av_boxShadowEffect_av-2ynr86-9f750dd1e9e92939dd2aee5ee867104c-column {\n0%   { box-shadow:  0 0 0 0 rgba(0,0,0,0.29); opacity: 1; }\n100% { box-shadow:  0 0 30px 0 rgba(0,0,0,0.29); opacity: 1; }\n}\n@keyframes av_boxShadowEffect_av-2ynr86-9f750dd1e9e92939dd2aee5ee867104c-column {\n0%   { box-shadow:  0 0 0 0 rgba(0,0,0,0.29); opacity: 1; }\n100% { box-shadow:  0 0 30px 0 rgba(0,0,0,0.29); opacity: 1; }\n}\n#top .flex_column_table.av-equal-height-column-flextable.av-2ynr86-9f750dd1e9e92939dd2aee5ee867104c{\nmargin-top:0px;\nmargin-bottom:0px;\n}\n.flex_column.av-2ynr86-9f750dd1e9e92939dd2aee5ee867104c{\nwidth:32%;\nmargin-left:0;\nbox-shadow: 0 0 30px 0 rgba(0,0,0,0.29);\npadding:8% 3% 5% 3%;\nbackground-color:#ffffff;\n}\n#top .flex_column_table.av-equal-height-column-flextable.av-2ynr86-9f750dd1e9e92939dd2aee5ee867104c .av-flex-placeholder{\nwidth:2%;\n}\n<\/style>\n<div class='flex_column av-2ynr86-9f750dd1e9e92939dd2aee5ee867104c av_one_third  avia-builder-el-10  el_after_av_one_third  el_before_av_one_third  flex_column_table_cell av-equal-height-column av-align-top shadow-not-animated column-top-margin'     ><style type=\"text\/css\" data-created_by=\"avia_inline_auto\" id=\"style-css-av-9p56u-95f448038595a608f8089972cc62efc1\">\n#top .avia-icon-list-container.av-9p56u-95f448038595a608f8089972cc62efc1 .iconlist_icon{\ncolor:#ffffff;\nbackground-color:#40a8e4;\nfont-size:16px;\n}\n#top #wrap_all .avia-icon-list-container.av-9p56u-95f448038595a608f8089972cc62efc1 .av_iconlist_title{\nfont-size:16px;\n}\n<\/style>\n<div  class='avia-icon-list-container av-9p56u-95f448038595a608f8089972cc62efc1  avia-builder-el-11  avia-builder-el-no-sibling '><ul class='avia-icon-list avia_animate_when_almost_visible avia-icon-list-left av-iconlist-small av-9p56u-95f448038595a608f8089972cc62efc1 avia-iconlist-animate'>\n<li><div class='iconlist_icon av-xn5y-217ac32b5a6deffe820a478b75964baf avia-font-entypo-fontello'><span class='iconlist-char' aria-hidden='true' data-av_icon='\ue812' data-av_iconfont='entypo-fontello'><\/span><\/div><article class=\"article-icon-entry av-iconlist-empty\"  itemscope=\"itemscope\" itemtype=\"https:\/\/schema.org\/CreativeWork\" ><div class=\"iconlist_content_wrap\"><header class=\"entry-content-header\"><div class='av_iconlist_title iconlist_title_small  '  itemprop=\"headline\" >Planung der Onlinef\u00f6rderung mithilfe des Marburger Konzentrationstrainings<\/div><\/header><div class='iconlist_content '  itemprop=\"text\" ><\/div><\/div><footer class=\"entry-footer\"><\/footer><\/article><div class=\"iconlist-timeline\"><\/div><\/li>\n<li><div class='iconlist_icon av-le8o5dzi-e526bcd8e03be153695440a93d5328d0 avia-font-entypo-fontello'><span class='iconlist-char' aria-hidden='true' data-av_icon='\ue812' data-av_iconfont='entypo-fontello'><\/span><\/div><article class=\"article-icon-entry av-iconlist-empty\"  itemscope=\"itemscope\" itemtype=\"https:\/\/schema.org\/CreativeWork\" ><div class=\"iconlist_content_wrap\"><header class=\"entry-content-header\"><div class='av_iconlist_title iconlist_title_small  '  itemprop=\"headline\" >Unterst\u00fctzung Zuhause<\/div><\/header><div class='iconlist_content '  itemprop=\"text\" ><\/div><\/div><footer class=\"entry-footer\"><\/footer><\/article><div class=\"iconlist-timeline\"><\/div><\/li>\n<\/ul><\/div><\/div><div class='av-flex-placeholder'><\/div>\n<style type=\"text\/css\" data-created_by=\"avia_inline_auto\" id=\"style-css-av-2a4sym-5a531d8b3651b9f38187cbf1b0a14e3c\">\n@-webkit-keyframes av_boxShadowEffect_av-2a4sym-5a531d8b3651b9f38187cbf1b0a14e3c-column {\n0%   { box-shadow:  0 0 0 0 rgba(0,0,0,0.29); opacity: 1; }\n100% { box-shadow:  0 0 30px 0 rgba(0,0,0,0.29); opacity: 1; }\n}\n@keyframes av_boxShadowEffect_av-2a4sym-5a531d8b3651b9f38187cbf1b0a14e3c-column {\n0%   { box-shadow:  0 0 0 0 rgba(0,0,0,0.29); opacity: 1; }\n100% { box-shadow:  0 0 30px 0 rgba(0,0,0,0.29); opacity: 1; }\n}\n#top .flex_column_table.av-equal-height-column-flextable.av-2a4sym-5a531d8b3651b9f38187cbf1b0a14e3c{\nmargin-top:0px;\nmargin-bottom:0px;\n}\n.flex_column.av-2a4sym-5a531d8b3651b9f38187cbf1b0a14e3c{\nwidth:32%;\nmargin-left:0;\nbox-shadow: 0 0 30px 0 rgba(0,0,0,0.29);\npadding:8% 3% 5% 3%;\nbackground-color:#ffffff;\n}\n#top .flex_column_table.av-equal-height-column-flextable.av-2a4sym-5a531d8b3651b9f38187cbf1b0a14e3c .av-flex-placeholder{\nwidth:2%;\n}\n<\/style>\n<div class='flex_column av-2a4sym-5a531d8b3651b9f38187cbf1b0a14e3c av_one_third  avia-builder-el-12  el_after_av_one_third  el_before_av_one_fourth  flex_column_table_cell av-equal-height-column av-align-top shadow-not-animated column-top-margin'     ><style type=\"text\/css\" data-created_by=\"avia_inline_auto\" id=\"style-css-av-21ipdq-a9cfd1509e5e611b480696c432e72732\">\n#top .avia-icon-list-container.av-21ipdq-a9cfd1509e5e611b480696c432e72732 .iconlist_icon{\ncolor:#ffffff;\nbackground-color:#40a8e4;\nfont-size:16px;\n}\n#top #wrap_all .avia-icon-list-container.av-21ipdq-a9cfd1509e5e611b480696c432e72732 .av_iconlist_title{\nfont-size:16px;\n}\n<\/style>\n<div  class='avia-icon-list-container av-21ipdq-a9cfd1509e5e611b480696c432e72732  avia-builder-el-13  avia-builder-el-no-sibling '><ul class='avia-icon-list avia_animate_when_almost_visible avia-icon-list-left av-iconlist-small av-21ipdq-a9cfd1509e5e611b480696c432e72732 avia-iconlist-animate'>\n<li><div class='iconlist_icon av-1wmy7y-4163647104183aee401c807fe3942834 avia-font-entypo-fontello'><span class='iconlist-char' aria-hidden='true' data-av_icon='\ue812' data-av_iconfont='entypo-fontello'><\/span><\/div><article class=\"article-icon-entry av-iconlist-empty\"  itemscope=\"itemscope\" itemtype=\"https:\/\/schema.org\/CreativeWork\" ><div class=\"iconlist_content_wrap\"><header class=\"entry-content-header\"><div class='av_iconlist_title iconlist_title_small  '  itemprop=\"headline\" >Erh\u00f6hung der Konzentration<\/div><\/header><div class='iconlist_content '  itemprop=\"text\" ><\/div><\/div><footer class=\"entry-footer\"><\/footer><\/article><div class=\"iconlist-timeline\"><\/div><\/li>\n<li><div class='iconlist_icon av-le8o85ew-ac00c1ff9d2c1ad7e17cb5cfa95b2b8f avia-font-entypo-fontello'><span class='iconlist-char' aria-hidden='true' data-av_icon='\ue812' data-av_iconfont='entypo-fontello'><\/span><\/div><article class=\"article-icon-entry av-iconlist-empty\"  itemscope=\"itemscope\" itemtype=\"https:\/\/schema.org\/CreativeWork\" ><div class=\"iconlist_content_wrap\"><header class=\"entry-content-header\"><div class='av_iconlist_title iconlist_title_small  '  itemprop=\"headline\" >Verbesserung der Aufmerksamkeit<\/div><\/header><div class='iconlist_content '  itemprop=\"text\" ><\/div><\/div><footer class=\"entry-footer\"><\/footer><\/article><div class=\"iconlist-timeline\"><\/div><\/li>\n<li><div class='iconlist_icon av-le8o8ovs-e10f849b058336908b6040624624cf15 avia-font-entypo-fontello'><span class='iconlist-char' aria-hidden='true' data-av_icon='\ue812' data-av_iconfont='entypo-fontello'><\/span><\/div><article class=\"article-icon-entry av-iconlist-empty\"  itemscope=\"itemscope\" itemtype=\"https:\/\/schema.org\/CreativeWork\" ><div class=\"iconlist_content_wrap\"><header class=\"entry-content-header\"><div class='av_iconlist_title iconlist_title_small  '  itemprop=\"headline\" >Verbesserung des Arbeitsged\u00e4chtnisses<\/div><\/header><div class='iconlist_content '  itemprop=\"text\" ><\/div><\/div><footer class=\"entry-footer\"><\/footer><\/article><div class=\"iconlist-timeline\"><\/div><\/li>\n<li><div class='iconlist_icon av-le8o971z-a88f685da6b1da422eff8311104b8ff6 avia-font-entypo-fontello'><span class='iconlist-char' aria-hidden='true' data-av_icon='\ue812' data-av_iconfont='entypo-fontello'><\/span><\/div><article class=\"article-icon-entry av-iconlist-empty\"  itemscope=\"itemscope\" itemtype=\"https:\/\/schema.org\/CreativeWork\" ><div class=\"iconlist_content_wrap\"><header class=\"entry-content-header\"><div class='av_iconlist_title iconlist_title_small  '  itemprop=\"headline\" >Verbesserung der Lern- und Schulleistung<\/div><\/header><div class='iconlist_content '  itemprop=\"text\" ><\/div><\/div><footer class=\"entry-footer\"><\/footer><\/article><div class=\"iconlist-timeline\"><\/div><\/li>\n<\/ul><\/div><\/div><\/div><!--close column table wrapper. Autoclose: 1 --><div class='flex_column_table av-1q7nty-e9f4db8885f4471e13188561e7ac0707 sc-av_one_fourth av-equal-height-column-flextable'>\n<style type=\"text\/css\" data-created_by=\"avia_inline_auto\" id=\"style-css-av-1q7nty-e9f4db8885f4471e13188561e7ac0707\">\n.flex_column.av-1q7nty-e9f4db8885f4471e13188561e7ac0707{\nwidth:23.5%;\nmargin-left:0;\n}\n#top .flex_column_table.av-equal-height-column-flextable.av-1q7nty-e9f4db8885f4471e13188561e7ac0707 .av-flex-placeholder{\nwidth:2%;\n}\n<\/style>\n<div class='flex_column av-1q7nty-e9f4db8885f4471e13188561e7ac0707 av_one_fourth  avia-builder-el-14  el_after_av_one_third  el_before_av_one_half  first flex_column_table_cell av-equal-height-column av-align-top column-top-margin'     ><\/div><div class='av-flex-placeholder'><\/div>\n<style type=\"text\/css\" data-created_by=\"avia_inline_auto\" id=\"style-css-av-1lki32-f310da5f02278ec807772fa0f7ef98e7\">\n.flex_column.av-1lki32-f310da5f02278ec807772fa0f7ef98e7{\nwidth:49%;\nmargin-left:0;\n}\n#top .flex_column_table.av-equal-height-column-flextable.av-1lki32-f310da5f02278ec807772fa0f7ef98e7 .av-flex-placeholder{\nwidth:2%;\n}\n<\/style>\n<div class='flex_column av-1lki32-f310da5f02278ec807772fa0f7ef98e7 av_one_half  avia-builder-el-15  el_after_av_one_fourth  el_before_av_one_fourth  flex_column_table_cell av-equal-height-column av-align-top column-top-margin'     ><style type=\"text\/css\" data-created_by=\"avia_inline_auto\" id=\"style-css-av-1d17l2-61d8fb98609ca93ec40313d6e18bf1bd\">\n#top .av_textblock_section.av-1d17l2-61d8fb98609ca93ec40313d6e18bf1bd .avia_textblock{\ncolor:#ffffff;\ntext-align:center;\n}\n<\/style>\n<section  class='av_textblock_section av-1d17l2-61d8fb98609ca93ec40313d6e18bf1bd'  itemscope=\"itemscope\" itemtype=\"https:\/\/schema.org\/CreativeWork\" ><div class='avia_textblock av_inherit_color'  itemprop=\"text\" ><p>Mit meiner Arbeit m\u00f6chte ich erreichen, dass Kinder mit Defiziten schnell und effizient gef\u00f6rdert werden.<\/p>\n<p>Durch die Erreichung dieser Ziele k\u00f6nnen Kinder und Jugendliche, insbesondere solche mit Aufmerksamkeitsdefiziten oder Hyperaktivit\u00e4tsst\u00f6rung (ADHS) sowie Lerndefiziten, im Alltag besser zurechtkommen und erfolgreicher sein.<\/p>\n<\/div><\/section><\/div><div class='av-flex-placeholder'><\/div>\n<style type=\"text\/css\" data-created_by=\"avia_inline_auto\" id=\"style-css-av-1a3o7a-a717c4055fe65354417c8110e7abefb7\">\n.flex_column.av-1a3o7a-a717c4055fe65354417c8110e7abefb7{\nwidth:23.5%;\nmargin-left:0;\n}\n#top .flex_column_table.av-equal-height-column-flextable.av-1a3o7a-a717c4055fe65354417c8110e7abefb7 .av-flex-placeholder{\nwidth:2%;\n}\n<\/style>\n<div class='flex_column av-1a3o7a-a717c4055fe65354417c8110e7abefb7 av_one_fourth  avia-builder-el-17  el_after_av_one_half  avia-builder-el-last  flex_column_table_cell av-equal-height-column av-align-top column-top-margin'     ><\/div><\/div><!--close column table wrapper. Autoclose: 1 -->\n<\/div><\/div><\/div><!-- close content main div --><\/div><\/div><div id='after_section_2'  class='main_color av_default_container_wrap container_wrap sidebar_right'  ><div class='container av-section-cont-open' ><div class='template-page content  av-content-small alpha units'><div class='post-entry post-entry-type-page post-entry-670'><div class='entry-content-wrapper clearfix'>\n","protected":false},"excerpt":{"rendered":"","protected":false},"author":2,"featured_media":0,"parent":212,"menu_order":50,"comment_status":"closed","ping_status":"closed","template":"","meta":{"footnotes":""},"class_list":["post-670","page","type-page","status-publish","hentry"],"_links":{"self":[{"href":"https:\/\/www.isabellapivetta.com\/de\/wp-json\/wp\/v2\/pages\/670","targetHints":{"allow":["GET"]}}],"collection":[{"href":"https:\/\/www.isabellapivetta.com\/de\/wp-json\/wp\/v2\/pages"}],"about":[{"href":"https:\/\/www.isabellapivetta.com\/de\/wp-json\/wp\/v2\/types\/page"}],"author":[{"embeddable":true,"href":"https:\/\/www.isabellapivetta.com\/de\/wp-json\/wp\/v2\/users\/2"}],"replies":[{"embeddable":true,"href":"https:\/\/www.isabellapivetta.com\/de\/wp-json\/wp\/v2\/comments?post=670"}],"version-history":[{"count":10,"href":"https:\/\/www.isabellapivetta.com\/de\/wp-json\/wp\/v2\/pages\/670\/revisions"}],"predecessor-version":[{"id":938,"href":"https:\/\/www.isabellapivetta.com\/de\/wp-json\/wp\/v2\/pages\/670\/revisions\/938"}],"up":[{"embeddable":true,"href":"https:\/\/www.isabellapivetta.com\/de\/wp-json\/wp\/v2\/pages\/212"}],"wp:attachment":[{"href":"https:\/\/www.isabellapivetta.com\/de\/wp-json\/wp\/v2\/media?parent=670"}],"curies":[{"name":"wp","href":"https:\/\/api.w.org\/{rel}","templated":true}]}}