{"id":902,"date":"2023-12-19T10:27:04","date_gmt":"2023-12-19T09:27:04","guid":{"rendered":"https:\/\/www.isabellapivetta.com\/?page_id=902"},"modified":"2024-11-04T10:39:11","modified_gmt":"2024-11-04T09:39:11","slug":"sinneswahrnehmungen","status":"publish","type":"page","link":"https:\/\/www.isabellapivetta.com\/de\/sinneswahrnehmungen\/","title":{"rendered":"Sinneswahrnehmungen"},"content":{"rendered":"<div id='full_slider_1'  class='avia-fullwidth-slider main_color avia-shadow   avia-builder-el-0  el_before_av_section  avia-builder-el-first   container_wrap sidebar_right'  >\n<style type=\"text\/css\" data-created_by=\"avia_inline_auto\" id=\"style-css-av-l92m77r9-d3f945a18c29ec4b321080bae9c92722\">\n#top #wrap_all .avia-slideshow .av-slideshow-caption.av-l92m77r9-d3f945a18c29ec4b321080bae9c92722__0 .avia-caption-title{\ncolor:#ffffff;\n}\n#top .avia-slideshow .av-slideshow-caption.av-l92m77r9-d3f945a18c29ec4b321080bae9c92722__0 .avia-caption-content{\nfont-size:23px;\n}\n#top .avia-slideshow .av-slideshow-caption.av-l92m77r9-d3f945a18c29ec4b321080bae9c92722__0 .avia-caption-content p{\nfont-size:23px;\n}\n\n@media only screen and (min-width: 990px){ \n#top .avia-slideshow .av-slideshow-caption.av-l92m77r9-d3f945a18c29ec4b321080bae9c92722__0 .avia-caption-content{\nfont-size:23px;\n}\n#top .avia-slideshow .av-slideshow-caption.av-l92m77r9-d3f945a18c29ec4b321080bae9c92722__0 .avia-caption-content p{\nfont-size:23px;\n}\n}\n\n@media only screen and (min-width: 768px) and (max-width: 989px){ \n#top .avia-slideshow .av-slideshow-caption.av-l92m77r9-d3f945a18c29ec4b321080bae9c92722__0 .avia-caption-content{\nfont-size:20px;\n}\n#top .avia-slideshow .av-slideshow-caption.av-l92m77r9-d3f945a18c29ec4b321080bae9c92722__0 .avia-caption-content p{\nfont-size:20px;\n}\n}\n\n@media only screen and (min-width: 480px) and (max-width: 767px){ \n#top .avia-slideshow .av-slideshow-caption.av-l92m77r9-d3f945a18c29ec4b321080bae9c92722__0 .avia-caption-content{\nfont-size:20px;\n}\n#top .avia-slideshow .av-slideshow-caption.av-l92m77r9-d3f945a18c29ec4b321080bae9c92722__0 .avia-caption-content p{\nfont-size:20px;\n}\n}\n\n@media only screen and (max-width: 479px){ \n#top .avia-slideshow .av-slideshow-caption.av-l92m77r9-d3f945a18c29ec4b321080bae9c92722__0 .avia-caption-content{\nfont-size:18px;\n}\n#top .avia-slideshow .av-slideshow-caption.av-l92m77r9-d3f945a18c29ec4b321080bae9c92722__0 .avia-caption-content p{\nfont-size:18px;\n}\n}\n<\/style>\n<div  class='avia-slideshow av-l92m77r9-d3f945a18c29ec4b321080bae9c92722 avia-slideshow-featured av_slideshow_full avia-fade-slider av-slideshow-ui av-control-minimal av-hide-nav-arrows av-slideshow-manual av-loop-once av-loop-manual-endless av-default-height-applied   avia-slideshow-1' data-slideshow-options=\"{&quot;animation&quot;:&quot;fade&quot;,&quot;autoplay&quot;:false,&quot;loop_autoplay&quot;:&quot;once&quot;,&quot;interval&quot;:5,&quot;loop_manual&quot;:&quot;manual-endless&quot;,&quot;autoplay_stopper&quot;:false,&quot;noNavigation&quot;:false,&quot;bg_slider&quot;:false,&quot;keep_padding&quot;:false,&quot;hoverpause&quot;:false,&quot;show_slide_delay&quot;:0}\"  itemprop=\"image\" itemscope=\"itemscope\" itemtype=\"https:\/\/schema.org\/ImageObject\" ><ul class='avia-slideshow-inner ' style='padding-bottom: 28.666666666667%;'><li  class='avia-slideshow-slide av-l92m77r9-d3f945a18c29ec4b321080bae9c92722__0  av-single-slide slide-1 slide-odd'><div data-rel='slideshow-1' class='avia-slide-wrap '   ><div class='av-slideshow-caption av-l92m77r9-d3f945a18c29ec4b321080bae9c92722__0 caption_fullwidth caption_left'><div class=\"container caption_container\"><div class=\"slideshow_caption\"><div class=\"slideshow_inner_caption\"><div class=\"slideshow_align_caption\"><h1 class='avia-caption-title '  itemprop=\"name\" >Sinneswahrnehmungen<\/h1><div class='avia-caption-content av_inherit_color'  itemprop=\"description\" ><p>Onlinef\u00f6rderung f\u00fcr Kinder durch das Trainieren der Sinneswahrnehmungen<\/p>\n<\/div><a href='https:\/\/www.isabellapivetta.com\/de\/kontakt\/'  class='avia-slideshow-button avia-button avia-color-theme-color ' data-duration='800' data-easing='easeInOutQuad'>Zum Formular<\/a><\/div><\/div><\/div><\/div><\/div><img decoding=\"async\" class=\"wp-image-909 avia-img-lazy-loading-not-909\"  src=\"https:\/\/www.isabellapivetta.com\/wp-content\/uploads\/2023\/12\/kid-doing-occupational-therapy-session-with-psychologist-scaled-e1702979646808-1500x430.jpg\" width=\"1500\" height=\"430\" title='kid-doing-occupational-therapy-session-with-psychologist' alt=''  itemprop=\"thumbnailUrl\"  style='min-height:380px; min-width:1326px; ' srcset=\"https:\/\/www.isabellapivetta.com\/wp-content\/uploads\/2023\/12\/kid-doing-occupational-therapy-session-with-psychologist-scaled-e1702979646808-1500x430.jpg 1500w, https:\/\/www.isabellapivetta.com\/wp-content\/uploads\/2023\/12\/kid-doing-occupational-therapy-session-with-psychologist-scaled-e1702979646808-18x6.jpg 18w\" sizes=\"(max-width: 1500px) 100vw, 1500px\" \/><\/div><\/li><\/ul><\/div><\/div>\n<div id='av_section_1'  class='avia-section av-hrqse-d5093e0c45b799df48263d1cf9decc2f main_color avia-section-default avia-no-border-styling  avia-builder-el-1  el_after_av_slideshow_full  avia-builder-el-last  avia-bg-style-scroll container_wrap sidebar_right'  ><div class='container av-section-cont-open' ><div class='template-page content  av-content-small alpha units'><div class='post-entry post-entry-type-page post-entry-902'><div class='entry-content-wrapper clearfix'>\n<div class='flex_column av-jyg4e-c9a6871fe8f7e147eedc68248c3dad53 av_one_full  avia-builder-el-2  el_before_av_one_full  avia-builder-el-first  first flex_column_div '     ><section  class='av_textblock_section av-ylam-04e9678ff55291d82b38f3f2651425b1'  itemscope=\"itemscope\" itemtype=\"https:\/\/schema.org\/CreativeWork\" ><div class='avia_textblock'  itemprop=\"text\" ><p class=\"\">Legasthenie und Dyskalkulie sind genetisch bedingte Lernschw\u00e4chen. Im Gegensatz dazu k\u00f6nnen Lese-Rechtschreibschw\u00e4che (LRS) und Rechenschw\u00e4che durch verschiedene Einfl\u00fcsse erworben werden, wie l\u00e4ngere Schulabsenzen, emotionale Belastungen, ungeeignete Lernmethoden und mangelnde Unterst\u00fctzung. Im deutschsprachigen Raum wird oft keine klare Unterscheidung zwischen diesen Begriffen getroffen.<\/p>\n<div class=\"\">Legasthenie und Dyskalkulie haben genetische Ursachen und manifestieren sich als anhaltende Schwierigkeiten im Bereich des Lesens, Schreibens oder Rechnens trotz angemessener Intelligenz und ad\u00e4quater Lernm\u00f6glichkeiten. F\u00fcr Legasthenie und Dyskalkulie ist eine gezielte F\u00f6rderung der Sinneswahrnehmungen erforderlich.<\/div>\n<div class=\"\"><\/div>\n<div class=\"\">Meine Buchreihe mit acht B\u00e4nden bietet eine umfassende M\u00f6glichkeit zur gezielten Unterst\u00fctzung von Kindern im Training ihrer Sinneswahrnehmungen. Diese B\u00e4nde sind \u00fcber Amazon oder Buchl\u00e4den in Deutschland, der Schweiz und \u00d6sterreich erh\u00e4ltlich und eignen sich f\u00fcr den Einsatz zu Hause, in Schulen und Therapieeinrichtungen.<\/div>\n<div><\/div>\n<div><\/div>\n<div><\/div>\n<div><\/div>\n<div><\/div>\n<div><\/div>\n<div><\/div>\n<div>\n<div><\/div>\n<\/div>\n<div class=\"\"><\/div>\n<div><\/div>\n<\/div><\/section><\/div><div class='flex_column av-mc7ba-b75fff5daf31b95c885af0db8e4abf0f av_one_full  avia-builder-el-4  el_after_av_one_full  avia-builder-el-last  first flex_column_div column-top-margin'     ><section  class='av_textblock_section av-g04ny-ec721e3924b08aa04f9ce891d2479d31'  itemscope=\"itemscope\" itemtype=\"https:\/\/schema.org\/CreativeWork\" ><div class='avia_textblock'  itemprop=\"text\" ><div class=\"\"><\/div>\n<div><\/div>\n<div><\/div>\n<div><\/div>\n<div><\/div>\n<div><\/div>\n<div><\/div>\n<div><\/div>\n<div>\n<div><\/div>\n<\/div>\n<div class=\"\"><\/div>\n<div><\/div>\n<\/div><\/section><br \/>\n<section  class='av_textblock_section av-9o5vi-64de9662fbe0becb3aa91fc23b505620'  itemscope=\"itemscope\" itemtype=\"https:\/\/schema.org\/CreativeWork\" ><div class='avia_textblock'  itemprop=\"text\" ><div class=\"\"><\/div>\n<div><\/div>\n<div><\/div>\n<div><\/div>\n<div><\/div>\n<div><\/div>\n<div><\/div>\n<div><strong>Optische Differenzierung<\/strong><\/div>\n<div><\/div>\n<div>\n<div class='avia-iframe-wrap'><iframe loading=\"lazy\" title=\"Sinneswahrnehmungen: Optische Differenzierung\" type=\"text\/html\" width=\"1500\" height=\"550\" frameborder=\"0\" allowfullscreen style=\"max-width:100%\" src=\"https:\/\/lesen.amazon.de\/kp\/card?preview=inline&#038;linkCode=kpd&#038;ref_=k4w_oembed_g8Jydu14cZjkEd&#038;asin=3758304806&#038;tag=kpembed-20\"><\/iframe><\/div>\n<\/div>\n<div>\n<div class=\"\"><strong>Akustische Differenzierung\u00a0<\/strong><\/div>\n<div><\/div>\n<\/div>\n<div class=\"\">\n<div class='avia-iframe-wrap'><iframe loading=\"lazy\" title=\"Sinneswahrnehmungen: Akustische Differenzierung\" type=\"text\/html\" width=\"1500\" height=\"550\" frameborder=\"0\" allowfullscreen style=\"max-width:100%\" src=\"https:\/\/lesen.amazon.de\/kp\/card?preview=inline&#038;linkCode=kpd&#038;ref_=k4w_oembed_Cw3Y0l3S5KiNQV&#038;asin=3757879384&#038;tag=kpembed-20\"><\/iframe><\/div>\n<div>\n<div class=\"\"><\/div>\n<div><strong>Optisches Ged\u00e4chtnis<\/strong><\/div>\n<\/div>\n<div class=\"\">\n<div class='avia-iframe-wrap'><iframe loading=\"lazy\" title=\"Sinneswahrnehmungen: Optisches Ged\u00e4chtnis\" type=\"text\/html\" width=\"1500\" height=\"550\" frameborder=\"0\" allowfullscreen style=\"max-width:100%\" src=\"https:\/\/lesen.amazon.de\/kp\/card?preview=inline&#038;linkCode=kpd&#038;ref_=k4w_oembed_fkTyYEBlISbU6o&#038;asin=3758366054&#038;tag=kpembed-20\"><\/iframe><\/div>\n<p><strong>Raumorientierung &amp; K\u00f6rperschema<\/strong><\/p>\n<div class='avia-iframe-wrap'><iframe loading=\"lazy\" title=\"\u00dcbungsheft f\u00fcr Sinneswahrnehmungen: Raumorientierung &amp; K\u00f6rperschema (Uebungsheft f\u00fcr Sinneswahrnehmungen)\" type=\"text\/html\" width=\"1500\" height=\"550\" frameborder=\"0\" allowfullscreen style=\"max-width:100%\" src=\"https:\/\/lesen.amazon.de\/kp\/card?preview=inline&#038;linkCode=kpd&#038;ref_=k4w_oembed_GE197ZSJQuhfoR&#038;asin=B0DLGSYQWX&#038;tag=kpembed-20\"><\/iframe><\/div>\n<\/div>\n<\/div>\n<div><\/div>\n<\/div><\/section><\/p><\/div><\/div><\/div><\/div><!-- close content main div --><\/div><\/div><div id='after_section_1'  class='main_color av_default_container_wrap container_wrap sidebar_right'  ><div class='container av-section-cont-open' ><div class='template-page content  av-content-small alpha units'><div class='post-entry post-entry-type-page post-entry-902'><div class='entry-content-wrapper clearfix'>\n","protected":false},"excerpt":{"rendered":"","protected":false},"author":2,"featured_media":0,"parent":0,"menu_order":50,"comment_status":"closed","ping_status":"closed","template":"","meta":{"footnotes":""},"class_list":["post-902","page","type-page","status-publish","hentry"],"_links":{"self":[{"href":"https:\/\/www.isabellapivetta.com\/de\/wp-json\/wp\/v2\/pages\/902","targetHints":{"allow":["GET"]}}],"collection":[{"href":"https:\/\/www.isabellapivetta.com\/de\/wp-json\/wp\/v2\/pages"}],"about":[{"href":"https:\/\/www.isabellapivetta.com\/de\/wp-json\/wp\/v2\/types\/page"}],"author":[{"embeddable":true,"href":"https:\/\/www.isabellapivetta.com\/de\/wp-json\/wp\/v2\/users\/2"}],"replies":[{"embeddable":true,"href":"https:\/\/www.isabellapivetta.com\/de\/wp-json\/wp\/v2\/comments?post=902"}],"version-history":[{"count":18,"href":"https:\/\/www.isabellapivetta.com\/de\/wp-json\/wp\/v2\/pages\/902\/revisions"}],"predecessor-version":[{"id":979,"href":"https:\/\/www.isabellapivetta.com\/de\/wp-json\/wp\/v2\/pages\/902\/revisions\/979"}],"wp:attachment":[{"href":"https:\/\/www.isabellapivetta.com\/de\/wp-json\/wp\/v2\/media?parent=902"}],"curies":[{"name":"wp","href":"https:\/\/api.w.org\/{rel}","templated":true}]}}