{"id":932,"date":"2024-01-21T17:32:13","date_gmt":"2024-01-21T16:32:13","guid":{"rendered":"https:\/\/www.isabellapivetta.com\/?page_id=932"},"modified":"2024-01-21T17:32:13","modified_gmt":"2024-01-21T16:32:13","slug":"muensteraner-rechtschreibanalyse-mra","status":"publish","type":"page","link":"https:\/\/www.isabellapivetta.com\/de\/leistungen\/muensteraner-rechtschreibanalyse-mra\/","title":{"rendered":"M\u00fcnsteraner Rechtschreibanalyse (MRA)"},"content":{"rendered":"<div id='full_slider_1'  class='avia-fullwidth-slider main_color avia-shadow   avia-builder-el-0  el_before_av_section  avia-builder-el-first   container_wrap sidebar_right'  >\n<style type=\"text\/css\" data-created_by=\"avia_inline_auto\" id=\"style-css-av-le8nn14k-4d45e4bdef398b39c130a01141b57148\">\n#top #wrap_all .avia-slideshow .av-slideshow-caption.av-le8nn14k-4d45e4bdef398b39c130a01141b57148__0 .avia-caption-title{\nfont-size:42px;\ncolor:#ffffff;\n}\n#top .avia-slideshow .av-slideshow-caption.av-le8nn14k-4d45e4bdef398b39c130a01141b57148__0 .avia-caption-content{\nfont-size:10px;\n}\n#top .avia-slideshow .av-slideshow-caption.av-le8nn14k-4d45e4bdef398b39c130a01141b57148__0 .avia-caption-content p{\nfont-size:10px;\n}\n\n@media only screen and (min-width: 480px) and (max-width: 767px){ \n#top .avia-slideshow .av-slideshow-caption.av-le8nn14k-4d45e4bdef398b39c130a01141b57148__0 .avia-caption-content{\nfont-size:18px;\n}\n#top .avia-slideshow .av-slideshow-caption.av-le8nn14k-4d45e4bdef398b39c130a01141b57148__0 .avia-caption-content p{\nfont-size:18px;\n}\n}\n\n@media only screen and (max-width: 479px){ \n#top .avia-slideshow .av-slideshow-caption.av-le8nn14k-4d45e4bdef398b39c130a01141b57148__0 .avia-caption-content{\nfont-size:18px;\n}\n#top .avia-slideshow .av-slideshow-caption.av-le8nn14k-4d45e4bdef398b39c130a01141b57148__0 .avia-caption-content p{\nfont-size:18px;\n}\n}\n<\/style>\n<div  class='avia-slideshow av-le8nn14k-4d45e4bdef398b39c130a01141b57148 avia-slideshow-featured av_slideshow_full avia-fade-slider av-slideshow-ui av-control-minimal av-hide-nav-arrows av-slideshow-manual av-loop-once av-loop-manual-endless av-default-height-applied   avia-slideshow-1' data-slideshow-options=\"{&quot;animation&quot;:&quot;fade&quot;,&quot;autoplay&quot;:false,&quot;loop_autoplay&quot;:&quot;once&quot;,&quot;interval&quot;:5,&quot;loop_manual&quot;:&quot;manual-endless&quot;,&quot;autoplay_stopper&quot;:false,&quot;noNavigation&quot;:false,&quot;bg_slider&quot;:false,&quot;keep_padding&quot;:false,&quot;hoverpause&quot;:false,&quot;show_slide_delay&quot;:0}\"  itemprop=\"image\" itemscope=\"itemscope\" itemtype=\"https:\/\/schema.org\/ImageObject\" ><ul class='avia-slideshow-inner ' style='padding-bottom: 28.666666666667%;'><li  class='avia-slideshow-slide av-le8nn14k-4d45e4bdef398b39c130a01141b57148__0  av-single-slide slide-1 slide-odd'><div data-rel='slideshow-1' class='avia-slide-wrap '   ><div class='av-slideshow-caption av-le8nn14k-4d45e4bdef398b39c130a01141b57148__0 caption_fullwidth caption_left'><div class=\"container caption_container\"><div class=\"slideshow_caption\"><div class=\"slideshow_inner_caption\"><div class=\"slideshow_align_caption\"><h1 class='avia-caption-title '  itemprop=\"name\" >Mu\u0308nsteraner Rechtschreibanalyse (MRA)<\/h1><br\/><a href='https:\/\/www.isabellapivetta.com\/de\/kontakt\/'  class='avia-slideshow-button avia-button avia-color-theme-color ' data-duration='800' data-easing='easeInOutQuad'>Jetzt Termin vereinbaren<\/a><\/div><\/div><\/div><\/div><\/div><img decoding=\"async\" class=\"wp-image-629 avia-img-lazy-loading-not-629\"  src=\"https:\/\/www.isabellapivetta.com\/wp-content\/uploads\/2023\/02\/santi-vedri-O5EMzfdxedg-unsplash-1500x430.jpg\" width=\"1500\" height=\"430\" title='santi-vedri-O5EMzfdxedg-unsplash' alt=''  itemprop=\"thumbnailUrl\"  style='min-height:380px; min-width:1326px; ' \/><\/div><\/li><\/ul><\/div><\/div>\n\n<style type=\"text\/css\" data-created_by=\"avia_inline_auto\" id=\"style-css-av-hp58u-aa1006841640eb12798c29f511785143\">\n.avia-section.av-hp58u-aa1006841640eb12798c29f511785143{\nbackground-repeat:repeat;\nbackground-image:url(https:\/\/www.isabellapivetta.com\/wp-content\/uploads\/2022\/10\/bg_section.png);\nbackground-position:0% 0%;\nbackground-attachment:scroll;\n}\n<\/style>\n<div id='av_section_1'  class='avia-section av-hp58u-aa1006841640eb12798c29f511785143 alternate_color avia-section-huge avia-no-border-styling  avia-builder-el-1  el_after_av_slideshow_full  avia-builder-el-last  avia-bg-style-scroll container_wrap sidebar_right'  data-section-bg-repeat='repeat'><div class='container av-section-cont-open' ><div class='template-page content  av-content-small alpha units'><div class='post-entry post-entry-type-page post-entry-932'><div class='entry-content-wrapper clearfix'>\n<div class='flex_column av-4q254e-c444c7953e1896d0281271df32982b3b av_one_full  avia-builder-el-2  avia-builder-el-no-sibling  first flex_column_div '     ><p>\n<style type=\"text\/css\" data-created_by=\"avia_inline_auto\" id=\"style-css-av-gheee-90453e1fec41493feafb7ad3b893ca92\">\n#top .av-special-heading.av-gheee-90453e1fec41493feafb7ad3b893ca92{\npadding-bottom:60px;\n}\nbody .av-special-heading.av-gheee-90453e1fec41493feafb7ad3b893ca92 .av-special-heading-tag .heading-char{\nfont-size:25px;\n}\n.av-special-heading.av-gheee-90453e1fec41493feafb7ad3b893ca92 .av-subheading{\nfont-size:15px;\n}\n<\/style>\n<div  class='av-special-heading av-gheee-90453e1fec41493feafb7ad3b893ca92 av-special-heading-h2 blockquote modern-quote  avia-builder-el-3  el_before_av_textblock  avia-builder-el-first '><h2 class='av-special-heading-tag'  itemprop=\"headline\"  >Was ist die MRA?<\/h2><div class=\"special-heading-border\"><div class=\"special-heading-inner-border\"><\/div><\/div><\/div><br \/>\n<section  class='av_textblock_section av-4d9cdy-560c462c09b6d7c95400a724aaca6bb5'  itemscope=\"itemscope\" itemtype=\"https:\/\/schema.org\/CreativeWork\" ><div class='avia_textblock'  itemprop=\"text\" ><p class=\"p1\">Die Pr\u00fcfungsb\u00f6gen der M\u00fcnsteraner Rechtschreibanalyse (MRA) bestehen aus altersgerechten L\u00fcckendiktaten, die von den Sch\u00fclern handschriftlich ausgef\u00fcllt werden.Die fehlerhaft geschriebenen W\u00f6rter gebe ich \u00fcber das Lernserver-Portal online ein. Sofort im Anschluss erfolgt eine Analyse, die auf einer raffinierten Kombination von menschlichem Urteilsverm\u00f6gen und maschineller Verarbeitung basiert. W\u00e4hrend der Analyse wird ber\u00fccksichtigt, dass Fehler nicht lediglich als &#8222;falsch&#8220; betrachtet werden, sondern oft auf kreativen Denkprozessen basieren. Sie liefern daher wichtige Hinweise auf den spezifischen F\u00f6rderbedarf der Sch\u00fcler. Fragen, die dabei ber\u00fccksichtigt werden, sind unter anderem: In welcher Phase des Schriftspracherwerbs befindet sich die Sch\u00fcler? Auf welchem Gebiet ist gezielte Unterst\u00fctzung erforderlich?<\/p>\n<\/div><\/section><br \/>\n\n<style type=\"text\/css\" data-created_by=\"avia_inline_auto\" id=\"style-css-av-lrnpsnvs-8f3f72c47977ea07a33a2a4ae856bde4\">\n#top .av-special-heading.av-lrnpsnvs-8f3f72c47977ea07a33a2a4ae856bde4{\npadding-bottom:60px;\n}\nbody .av-special-heading.av-lrnpsnvs-8f3f72c47977ea07a33a2a4ae856bde4 .av-special-heading-tag .heading-char{\nfont-size:25px;\n}\n.av-special-heading.av-lrnpsnvs-8f3f72c47977ea07a33a2a4ae856bde4 .av-subheading{\nfont-size:15px;\n}\n<\/style>\n<div  class='av-special-heading av-lrnpsnvs-8f3f72c47977ea07a33a2a4ae856bde4 av-special-heading-h2 blockquote modern-quote  avia-builder-el-5  el_after_av_textblock  el_before_av_textblock '><h2 class='av-special-heading-tag'  itemprop=\"headline\"  >Lernserver-Lesetest (TeDeL)<\/h2><div class=\"special-heading-border\"><div class=\"special-heading-inner-border\"><\/div><\/div><\/div><br \/>\n<section  class='av_textblock_section av-lrnpsxzn-7d07e3f925ce795f45c1ed36fe3d7072'  itemscope=\"itemscope\" itemtype=\"https:\/\/schema.org\/CreativeWork\" ><div class='avia_textblock'  itemprop=\"text\" ><p class=\"p1\">Der Lernserver-Lesetest &#8222;TeDeL&#8220; von Uwe Findeisen und Gisela Melenk ist f\u00fcr Sch\u00fcler der Klassenstufen 1 bis 5 konzipiert.Dieser Test erm\u00f6glicht die \u00dcberpr\u00fcfung, ob die Sch\u00fcler in der Lage ist, Schriftzeichen so zu lesen, dass sie das Gelesene als Grundlage f\u00fcr das Verst\u00e4ndnis nutzen k\u00f6nnen.Dieser kann bereits Mitte der 1. Klasse eingesetzt werden und fungiert somit als Fr\u00fchwarnsystem. Es erm\u00f6glicht, nach etwa 6 Monaten Schule festzustellen, ob Kinder auf einem guten Weg in der Entwicklung ihrer Lesekompetenz sind oder nicht.<\/p>\n<\/div><\/section><\/p><\/div>\n<\/div><\/div><\/div><!-- close content main div --><\/div><\/div><div id='after_section_1'  class='main_color av_default_container_wrap container_wrap sidebar_right'  ><div class='container av-section-cont-open' ><div class='template-page content  av-content-small alpha units'><div class='post-entry post-entry-type-page post-entry-932'><div class='entry-content-wrapper clearfix'>\n","protected":false},"excerpt":{"rendered":"","protected":false},"author":2,"featured_media":0,"parent":212,"menu_order":50,"comment_status":"closed","ping_status":"closed","template":"","meta":{"footnotes":""},"class_list":["post-932","page","type-page","status-publish","hentry"],"_links":{"self":[{"href":"https:\/\/www.isabellapivetta.com\/de\/wp-json\/wp\/v2\/pages\/932","targetHints":{"allow":["GET"]}}],"collection":[{"href":"https:\/\/www.isabellapivetta.com\/de\/wp-json\/wp\/v2\/pages"}],"about":[{"href":"https:\/\/www.isabellapivetta.com\/de\/wp-json\/wp\/v2\/types\/page"}],"author":[{"embeddable":true,"href":"https:\/\/www.isabellapivetta.com\/de\/wp-json\/wp\/v2\/users\/2"}],"replies":[{"embeddable":true,"href":"https:\/\/www.isabellapivetta.com\/de\/wp-json\/wp\/v2\/comments?post=932"}],"version-history":[{"count":5,"href":"https:\/\/www.isabellapivetta.com\/de\/wp-json\/wp\/v2\/pages\/932\/revisions"}],"predecessor-version":[{"id":937,"href":"https:\/\/www.isabellapivetta.com\/de\/wp-json\/wp\/v2\/pages\/932\/revisions\/937"}],"up":[{"embeddable":true,"href":"https:\/\/www.isabellapivetta.com\/de\/wp-json\/wp\/v2\/pages\/212"}],"wp:attachment":[{"href":"https:\/\/www.isabellapivetta.com\/de\/wp-json\/wp\/v2\/media?parent=932"}],"curies":[{"name":"wp","href":"https:\/\/api.w.org\/{rel}","templated":true}]}}