{"id":3,"date":"2022-10-10T11:22:03","date_gmt":"2022-10-10T09:22:03","guid":{"rendered":"https:\/\/isabellapivetta.qyjojuze.cyon.site\/?page_id=3"},"modified":"2023-04-01T10:06:36","modified_gmt":"2023-04-01T08:06:36","slug":"impressum-datenschutz","status":"publish","type":"page","link":"https:\/\/www.isabellapivetta.com\/en\/impressum-datenschutz\/","title":{"rendered":"Imprint &amp; Data Protection"},"content":{"rendered":"<style type=\"text\/css\" data-created_by=\"avia_inline_auto\" id=\"style-css-av-eeo1-ddb2be9a1ccfb70a13f24b4bf0c11b8b\">\n.avia-section.av-eeo1-ddb2be9a1ccfb70a13f24b4bf0c11b8b{\nbackground-repeat:no-repeat;\nbackground-image:url(https:\/\/www.isabellapivetta.com\/wp-content\/uploads\/2022\/10\/bg_section.png);\nbackground-position:0% 0%;\nbackground-attachment:scroll;\n}\n<\/style>\n<div id='av_section_1'  class='avia-section av-eeo1-ddb2be9a1ccfb70a13f24b4bf0c11b8b alternate_color avia-section-huge avia-no-border-styling  avia-builder-el-0  el_before_av_section  avia-builder-el-first  avia-bg-style-scroll container_wrap sidebar_right'  data-section-bg-repeat='no-repeat'><div class='container av-section-cont-open' ><main  role=\"main\" itemprop=\"mainContentOfPage\"  class='template-page content  av-content-small alpha units'><div class='post-entry post-entry-type-page post-entry-3'><div class='entry-content-wrapper clearfix'>\n\n<style type=\"text\/css\" data-created_by=\"avia_inline_auto\" id=\"style-css-av-lbgcpex2-3ac581f33a6a96715d5114326a355322\">\n#top .av-special-heading.av-lbgcpex2-3ac581f33a6a96715d5114326a355322{\npadding-bottom:10px;\n}\nbody .av-special-heading.av-lbgcpex2-3ac581f33a6a96715d5114326a355322 .av-special-heading-tag .heading-char{\nfont-size:25px;\n}\n.av-special-heading.av-lbgcpex2-3ac581f33a6a96715d5114326a355322 .av-subheading{\nfont-size:15px;\n}\n<\/style>\n<div  class='av-special-heading av-lbgcpex2-3ac581f33a6a96715d5114326a355322 av-special-heading-h1 blockquote modern-quote  avia-builder-el-1  el_before_av_hr  avia-builder-el-first'><h1 class='av-special-heading-tag'  itemprop=\"headline\"  >Imprint<\/h1><div class=\"special-heading-border\"><div class=\"special-heading-inner-border\"><\/div><\/div><\/div>\n\n<style type=\"text\/css\" data-created_by=\"avia_inline_auto\" id=\"style-css-av-lbgd1rlo-79d7ff6c014478a61475316d2e71b9b8\">\n#top .hr.hr-invisible.av-lbgd1rlo-79d7ff6c014478a61475316d2e71b9b8{\nheight:50px;\n}\n<\/style>\n<div  class='hr av-lbgd1rlo-79d7ff6c014478a61475316d2e71b9b8 hr-invisible  avia-builder-el-2  el_after_av_heading  el_before_av_one_third'><span class='hr-inner'><span class=\"hr-inner-style\"><\/span><\/span><\/div>\n<div class='flex_column av-cljv-d80bc803295b14038cb71dc32b2f7274 av_one_third  avia-builder-el-3  el_after_av_hr  el_before_av_one_third  first flex_column_div'     ><p>\n<style type=\"text\/css\" data-created_by=\"avia_inline_auto\" id=\"style-css-av-lbgcqgta-aab77addf0e4a03db8664c2d96f8fa47\">\n#top .av-special-heading.av-lbgcqgta-aab77addf0e4a03db8664c2d96f8fa47{\npadding-bottom:10px;\n}\nbody .av-special-heading.av-lbgcqgta-aab77addf0e4a03db8664c2d96f8fa47 .av-special-heading-tag .heading-char{\nfont-size:25px;\n}\n.av-special-heading.av-lbgcqgta-aab77addf0e4a03db8664c2d96f8fa47 .av-subheading{\nfont-size:15px;\n}\n<\/style>\n<div  class='av-special-heading av-lbgcqgta-aab77addf0e4a03db8664c2d96f8fa47 av-special-heading-h3 blockquote modern-quote  avia-builder-el-4  el_before_av_textblock  avia-builder-el-first'><h3 class='av-special-heading-tag'  itemprop=\"headline\"  >Kontaktadresse<\/h3><div class=\"special-heading-border\"><div class=\"special-heading-inner-border\"><\/div><\/div><\/div><br \/>\n<section  class='av_textblock_section av-lbgcowmq-a0a01c5d848398f48ec8e6f57ece870f'  itemscope=\"itemscope\" itemtype=\"https:\/\/schema.org\/CreativeWork\" ><div class='avia_textblock'  itemprop=\"text\" ><p>Isabella Pivetta<br \/>\nOnline Practice for Learning Support<br \/>\n<a href=\"mailto:info@isabellapivetta.com\">info@isabellapivetta.com<\/a><\/p>\n<\/div><\/section><\/p><\/div><div class='flex_column av-95oz-baa3d4ca497fe3b9c963f2b0f1673d37 av_one_third  avia-builder-el-6  el_after_av_one_third  el_before_av_one_third  flex_column_div'     ><p>\n<style type=\"text\/css\" data-created_by=\"avia_inline_auto\" id=\"style-css-av-lbgctsqd-a32b985bc4c3cf3a475d46b318d70e72\">\n#top .av-special-heading.av-lbgctsqd-a32b985bc4c3cf3a475d46b318d70e72{\npadding-bottom:10px;\n}\nbody .av-special-heading.av-lbgctsqd-a32b985bc4c3cf3a475d46b318d70e72 .av-special-heading-tag .heading-char{\nfont-size:25px;\n}\n.av-special-heading.av-lbgctsqd-a32b985bc4c3cf3a475d46b318d70e72 .av-subheading{\nfont-size:15px;\n}\n<\/style>\n<div  class='av-special-heading av-lbgctsqd-a32b985bc4c3cf3a475d46b318d70e72 av-special-heading-h3 blockquote modern-quote  avia-builder-el-7  el_before_av_textblock  avia-builder-el-first'><h3 class='av-special-heading-tag'  itemprop=\"headline\"  >Handelsregister Eintrag<\/h3><div class=\"special-heading-border\"><div class=\"special-heading-inner-border\"><\/div><\/div><\/div><br \/>\n<section  class='av_textblock_section av-lbgcuv8d-645db1aee518d05ac591f5fa0bde4232'  itemscope=\"itemscope\" itemtype=\"https:\/\/schema.org\/CreativeWork\" ><div class='avia_textblock'  itemprop=\"text\" ><p>Eingetragener Firmenname: O-dit<br \/>\nNummer: CH-350.1.010.589-9<br \/>\nHandelsregisteramt: Chur<\/p>\n<\/div><\/section><\/p><\/div><div class='flex_column av-79j3-d8081925cd050bb0b24069d0cc876a6b av_one_third  avia-builder-el-9  el_after_av_one_third  avia-builder-el-last  flex_column_div'     ><p>\n<style type=\"text\/css\" data-created_by=\"avia_inline_auto\" id=\"style-css-av-lbgcr8y6-9a35e6edce98b4da2796c3fd7e9754f8\">\n#top .av-special-heading.av-lbgcr8y6-9a35e6edce98b4da2796c3fd7e9754f8{\npadding-bottom:10px;\n}\nbody .av-special-heading.av-lbgcr8y6-9a35e6edce98b4da2796c3fd7e9754f8 .av-special-heading-tag .heading-char{\nfont-size:25px;\n}\n.av-special-heading.av-lbgcr8y6-9a35e6edce98b4da2796c3fd7e9754f8 .av-subheading{\nfont-size:15px;\n}\n<\/style>\n<div  class='av-special-heading av-lbgcr8y6-9a35e6edce98b4da2796c3fd7e9754f8 av-special-heading-h3 blockquote modern-quote  avia-builder-el-10  el_before_av_textblock  avia-builder-el-first'><h3 class='av-special-heading-tag'  itemprop=\"headline\"  >Technische Umsetzung<\/h3><div class=\"special-heading-border\"><div class=\"special-heading-inner-border\"><\/div><\/div><\/div><br \/>\n<section  class='av_textblock_section av-lbgctb61-047bc90f293a175e1b11fddc0758373e'  itemscope=\"itemscope\" itemtype=\"https:\/\/schema.org\/CreativeWork\" ><div class='avia_textblock'  itemprop=\"text\" ><p>Julia Kosinski<br \/>\n<a href=\"mailto:juliakosinskii@gmail.com\">juliakosinskii@gmail.com<\/a><\/p>\n<\/div><\/section><\/p><\/div><\/div><\/div><\/main><!-- close content main element --><\/div><\/div><div id='av_section_2'  class='avia-section av-4zaj-4efbe4b401cf20e3c247275902d408d1 main_color avia-section-huge avia-no-border-styling  avia-builder-el-12  el_after_av_section  avia-builder-el-last  avia-bg-style-scroll container_wrap sidebar_right'  ><div class='container av-section-cont-open' ><div class='template-page content  av-content-small alpha units'><div class='post-entry post-entry-type-page post-entry-3'><div class='entry-content-wrapper clearfix'>\n<div class='flex_column av-f5x-32b2ebf2889f2e7a9902302131cc5169 av_one_full  avia-builder-el-13  avia-builder-el-no-sibling  first flex_column_div'     ><p>\n<style type=\"text\/css\" data-created_by=\"avia_inline_auto\" id=\"style-css-av-lbgcx3hq-8b35b10d769092352d64c1888e38e9f9\">\n#top .av-special-heading.av-lbgcx3hq-8b35b10d769092352d64c1888e38e9f9{\npadding-bottom:10px;\n}\nbody .av-special-heading.av-lbgcx3hq-8b35b10d769092352d64c1888e38e9f9 .av-special-heading-tag .heading-char{\nfont-size:25px;\n}\n.av-special-heading.av-lbgcx3hq-8b35b10d769092352d64c1888e38e9f9 .av-subheading{\nfont-size:15px;\n}\n<\/style>\n<div  class='av-special-heading av-lbgcx3hq-8b35b10d769092352d64c1888e38e9f9 av-special-heading-h2 blockquote modern-quote  avia-builder-el-14  el_before_av_textblock  avia-builder-el-first'><h2 class='av-special-heading-tag'  itemprop=\"headline\"  >Data Protection<\/h2><div class=\"special-heading-border\"><div class=\"special-heading-inner-border\"><\/div><\/div><\/div><br \/>\n<section  class='av_textblock_section av-lbgd13x2-1aa6a987cbff79cad00ac24a3d85aade'  itemscope=\"itemscope\" itemtype=\"https:\/\/schema.org\/CreativeWork\" ><div class='avia_textblock'  itemprop=\"text\" ><p>Verantwortlicher und Datenschutzbeauftragter: Isabella Pivetta, <a href=\"mailto:info@isabellapivetta.com\">info@isabellapivetta.com<\/a><\/p>\n<p>Jede betroffene Person kann sich jederzeit bei allen Fragen und Anregungen zum Datenschutz direkt an unseren Datenschutzbeauftragten wenden.<\/p>\n<p>Stand: 09.12.2022<\/p>\n<\/div><\/section><br \/>\n<section  class='av_textblock_section av-lbgdvx6q-7dc86f031bcd50b02004f7f04065aca9'  itemscope=\"itemscope\" itemtype=\"https:\/\/schema.org\/CreativeWork\" ><div class='avia_textblock'  itemprop=\"text\" ><p>Sofern innerhalb des Internetangebotes die M\u00f6glichkeit zur Eingabe pers\u00f6nlicher oder gesch\u00e4ftlicher Daten (E-Mail Adressen, Namen, Anschriften) besteht, so erfolgt die Preisgabe dieser Daten seitens des Nutzers auf ausdr\u00fccklich freiwilliger Basis.<\/p>\n<p>Wenn Sie unsere Webseite besuchen, verzeichnet unser Webserver ab Mai 2023, Datum und Zeit des Besuchs, den Browsertyp und das Betriebssystem Ihres Ger\u00e4tes. Diese Informationen werden nur f\u00fcr unser Computersystem gebraucht. Wir wissen dadurch nicht, wer Sie sind.<br \/>\nPers\u00f6nliche Daten wie beispielsweise Ihr Name, Ihre Adresse oder Ihre E-Mail interessieren uns nicht.<\/p>\n<\/div><\/section><br \/>\n\n<style type=\"text\/css\" data-created_by=\"avia_inline_auto\" id=\"style-css-av-lbgdwaqv-46b0721c92cb91cc1998519957e7f34c\">\n#top .av-special-heading.av-lbgdwaqv-46b0721c92cb91cc1998519957e7f34c{\npadding-bottom:10px;\n}\nbody .av-special-heading.av-lbgdwaqv-46b0721c92cb91cc1998519957e7f34c .av-special-heading-tag .heading-char{\nfont-size:25px;\n}\n.av-special-heading.av-lbgdwaqv-46b0721c92cb91cc1998519957e7f34c .av-subheading{\nfont-size:15px;\n}\n<\/style>\n<div  class='av-special-heading av-lbgdwaqv-46b0721c92cb91cc1998519957e7f34c av-special-heading-h3 blockquote modern-quote  avia-builder-el-17  el_after_av_textblock  el_before_av_textblock'><h3 class='av-special-heading-tag'  itemprop=\"headline\"  >Rechtliche Hinweise<\/h3><div class=\"special-heading-border\"><div class=\"special-heading-inner-border\"><\/div><\/div><\/div><br \/>\n<section  class='av_textblock_section av-lbgdxgwf-eed79a69406bd1f52c9ba142e69e72f8'  itemscope=\"itemscope\" itemtype=\"https:\/\/schema.org\/CreativeWork\" ><div class='avia_textblock'  itemprop=\"text\" ><p>Die Inhalte unserer Seiten wurden mit gr\u00f6\u00dfter Sorgfalt erstellt. F\u00fcr die Richtigkeit, Vollst\u00e4ndigkeit und Aktualit\u00e4t der Inhalte k\u00f6nnen wir jedoch keine Gew\u00e4hr \u00fcbernehmen. Als Diensteanbieter sind wir gem\u00e4\u00df \u00a7 7 Abs.1 TMG f\u00fcr eigene Inhalte auf diesen Seiten nach den allgemeinen Gesetzen verantwortlich. Nach \u00a7\u00a7 8 bis 10 TMG sind wir als Diensteanbieter jedoch nicht verpflichtet, \u00fcbermittelte oder gespeicherte fremde Informationen zu \u00fcberwachen oder nach Umst\u00e4nden zu forschen, die auf eine rechtswidrige T\u00e4tigkeit hinweisen. Verpflichtungen zur Entfernung oder Sperrung der Nutzung von Informationen nach den allgemeinen Gesetzen bleiben hiervon unber\u00fchrt. Eine diesbez\u00fcgliche Haftung ist jedoch erst ab dem Zeitpunkt der Kenntnis einer konkreten Rechtsverletzung m\u00f6glich. Bei Bekanntwerden von entsprechenden Rechtsverletzungen werden wir diese Inhalte umgehend entfernen.<\/p>\n<\/div><\/section><br \/>\n\n<style type=\"text\/css\" data-created_by=\"avia_inline_auto\" id=\"style-css-av-lbge20y7-c0cd706dcce6a6d3ea29f5d9ce40971e\">\n#top .av-special-heading.av-lbge20y7-c0cd706dcce6a6d3ea29f5d9ce40971e{\npadding-bottom:10px;\n}\nbody .av-special-heading.av-lbge20y7-c0cd706dcce6a6d3ea29f5d9ce40971e .av-special-heading-tag .heading-char{\nfont-size:25px;\n}\n.av-special-heading.av-lbge20y7-c0cd706dcce6a6d3ea29f5d9ce40971e .av-subheading{\nfont-size:15px;\n}\n<\/style>\n<div  class='av-special-heading av-lbge20y7-c0cd706dcce6a6d3ea29f5d9ce40971e av-special-heading-h3 blockquote modern-quote  avia-builder-el-19  el_after_av_textblock  el_before_av_textblock'><h3 class='av-special-heading-tag'  itemprop=\"headline\"  >Urheberrechte<\/h3><div class=\"special-heading-border\"><div class=\"special-heading-inner-border\"><\/div><\/div><\/div><br \/>\n<section  class='av_textblock_section av-aggv-a4aafdfb1d107be5d2b5be5b269dd43d'  itemscope=\"itemscope\" itemtype=\"https:\/\/schema.org\/CreativeWork\" ><div class='avia_textblock'  itemprop=\"text\" ><p>Die Vervielf\u00e4ltigung, Bearbeitung, Verbreitung und jede Art der Verwertung au\u00dferhalb der Grenzen des Urheberrechtes bed\u00fcrfen der schriftlichen Zustimmung des Erstellers. Soweit die Inhalte auf dieser Seite nicht vom Betreiber erstellt wurden, werden die Urheberrechte Dritter beachtet. Insbesondere werden Inhalte Dritter als solche gekennzeichnet. Sollten Sie trotzdem auf eine Urheberrechtsverletzung aufmerksam werden, bitten wir um einen entsprechenden Hinweis. Bei Bekanntwerden von Rechtsverletzungen werden wir derartige Inhalte umgehend entfernen.<\/p>\n<\/div><\/section><br \/>\n\n<style type=\"text\/css\" data-created_by=\"avia_inline_auto\" id=\"style-css-av-lbge3bj3-66e20dcff60f67756086d5d1e137de6f\">\n#top .av-special-heading.av-lbge3bj3-66e20dcff60f67756086d5d1e137de6f{\npadding-bottom:10px;\n}\nbody .av-special-heading.av-lbge3bj3-66e20dcff60f67756086d5d1e137de6f .av-special-heading-tag .heading-char{\nfont-size:25px;\n}\n.av-special-heading.av-lbge3bj3-66e20dcff60f67756086d5d1e137de6f .av-subheading{\nfont-size:15px;\n}\n<\/style>\n<div  class='av-special-heading av-lbge3bj3-66e20dcff60f67756086d5d1e137de6f av-special-heading-h3 blockquote modern-quote  avia-builder-el-21  el_after_av_textblock  el_before_av_textblock'><h3 class='av-special-heading-tag'  itemprop=\"headline\"  >Gew\u00e4hrleistung des Inhalts der Website<\/h3><div class=\"special-heading-border\"><div class=\"special-heading-inner-border\"><\/div><\/div><\/div><br \/>\n<section  class='av_textblock_section av-70mt-e2bb1aefcd775720c9e3260a38c79882'  itemscope=\"itemscope\" itemtype=\"https:\/\/schema.org\/CreativeWork\" ><div class='avia_textblock'  itemprop=\"text\" ><p>Lorem ipsum dolor sit amet, consectetur adipiscing elit. Vestibulum eleifend tellus diam, id rhoncus metus semper nec. Nam auctor placerat feugiat. In tellus mauris, pulvinar sit amet pulvinar eget, molestie sed ex. Etiam et lectus vel libero consectetur scelerisque non eu velit. Cras porttitor nulla sit amet ipsum feugiat aliquam. Suspendisse nibh libero, finibus et odio et, elementum dignissim justo. Nullam egestas nec ante in consectetur. Suspendisse ultrices dolor non arcu euismod cursus. Phasellus mi erat, suscipit in nisi eget, suscipit dapibus ipsum. Integer ultrices gravida sapien, at feugiat lectus imperdiet sed. Sed malesuada nunc elit, eu semper nunc semper ac. Sed vestibulum est vestibulum lectus malesuada, vitae commodo diam consequat. Fusce pretium et nibh ac imperdiet.<\/p>\n<\/div><\/section><br \/>\n\n<style type=\"text\/css\" data-created_by=\"avia_inline_auto\" id=\"style-css-av-54zj-a7aebf1387505e2399f196b5b47f7537\">\n#top .av-special-heading.av-54zj-a7aebf1387505e2399f196b5b47f7537{\npadding-bottom:10px;\n}\nbody .av-special-heading.av-54zj-a7aebf1387505e2399f196b5b47f7537 .av-special-heading-tag .heading-char{\nfont-size:25px;\n}\n.av-special-heading.av-54zj-a7aebf1387505e2399f196b5b47f7537 .av-subheading{\nfont-size:15px;\n}\n<\/style>\n<div  class='av-special-heading av-54zj-a7aebf1387505e2399f196b5b47f7537 av-special-heading-h3 blockquote modern-quote  avia-builder-el-23  el_after_av_textblock  el_before_av_textblock'><h3 class='av-special-heading-tag'  itemprop=\"headline\"  >Cookies<\/h3><div class=\"special-heading-border\"><div class=\"special-heading-inner-border\"><\/div><\/div><\/div><br \/>\n<section  class='av_textblock_section av-2gih-a2d8b6b26c204c41990021897ba12a94'  itemscope=\"itemscope\" itemtype=\"https:\/\/schema.org\/CreativeWork\" ><div class='avia_textblock'  itemprop=\"text\" ><p>Wir setzen auf der Website Cookies ein. Unter Cookies werden Daten verstanden, die die besuchte Website bzw. deren Server \u00fcber den Browser in Ihrem Computer ablegt, um diesen sp\u00e4ter wieder zu erkennen. Ihr Computer sendet die Cookie-Information bei sp\u00e4teren, neuen Besuchen dieser Website mit jeder Anforderung wieder an den Server. Die Cookies werden verwendet um bspw. komplexe und dynamische Inhalte darzustellen, um Sie bei Ihrem n\u00e4chsten Besuch der Website wieder zu erkennen, m.a.W. um die Bedienerfreundlichkeit zu erh\u00f6hen. Durch entsprechende Konfiguration Ihres Browsers k\u00f6nnen Sie die Installation von Cookies jederzeit unterbinden oder sich vor der Annahme eines Cookies eine Warnung anzeigen lassen und so selbst bestimmen, ob Sie Cookies zulassen wollen oder nicht. Unsere Website l\u00e4sst sich grunds\u00e4tzlich auch ohne die Annahme von Cookies nutzen, allerdings k\u00f6nnen dann einzelne Funktionalit\u00e4ten eingeschr\u00e4nkt sein.<\/p>\n<\/div><\/section><\/p><\/div>\n<\/div><\/div><\/div><!-- close content main div --><\/div><\/div><div id='after_section_2'  class='main_color av_default_container_wrap container_wrap sidebar_right'  ><div class='container av-section-cont-open' ><div class='template-page content  av-content-small alpha units'><div class='post-entry post-entry-type-page post-entry-3'><div class='entry-content-wrapper clearfix'><\/p>","protected":false},"excerpt":{"rendered":"","protected":false},"author":1,"featured_media":0,"parent":0,"menu_order":100,"comment_status":"closed","ping_status":"closed","template":"","meta":{"footnotes":""},"class_list":["post-3","page","type-page","status-publish","hentry"],"_links":{"self":[{"href":"https:\/\/www.isabellapivetta.com\/en\/wp-json\/wp\/v2\/pages\/3","targetHints":{"allow":["GET"]}}],"collection":[{"href":"https:\/\/www.isabellapivetta.com\/en\/wp-json\/wp\/v2\/pages"}],"about":[{"href":"https:\/\/www.isabellapivetta.com\/en\/wp-json\/wp\/v2\/types\/page"}],"author":[{"embeddable":true,"href":"https:\/\/www.isabellapivetta.com\/en\/wp-json\/wp\/v2\/users\/1"}],"replies":[{"embeddable":true,"href":"https:\/\/www.isabellapivetta.com\/en\/wp-json\/wp\/v2\/comments?post=3"}],"version-history":[{"count":20,"href":"https:\/\/www.isabellapivetta.com\/en\/wp-json\/wp\/v2\/pages\/3\/revisions"}],"predecessor-version":[{"id":616,"href":"https:\/\/www.isabellapivetta.com\/en\/wp-json\/wp\/v2\/pages\/3\/revisions\/616"}],"wp:attachment":[{"href":"https:\/\/www.isabellapivetta.com\/en\/wp-json\/wp\/v2\/media?parent=3"}],"curies":[{"name":"wp","href":"https:\/\/api.w.org\/{rel}","templated":true}]}}